{"id":218599,"date":"2026-02-11T16:59:28","date_gmt":"2026-02-11T13:59:28","guid":{"rendered":"https:\/\/baldumarket.lt\/product\/topper-200x200-cm-pianka-wysokoelastyczna-hr-4-cm-zdejmowany-pokrowiec-h4-comforteo\/"},"modified":"2026-02-11T16:59:29","modified_gmt":"2026-02-11T13:59:29","slug":"topper-200x200-cm-pianka-wysokoelastyczna-hr-4-cm-zdejmowany-pokrowiec-h4-comforteo","status":"publish","type":"product","link":"https:\/\/baldumarket.lt\/lt\/product\/topper-200x200-cm-pianka-wysokoelastyczna-hr-4-cm-zdejmowany-pokrowiec-h4-comforteo\/","title":{"rendered":"Ant\u010diu\u017einis 200\u00d7200 cm, labai elastingas putplastis HR 4 cm, nuimamas u\u017evalkalas, H4, Comforteo"},"content":{"rendered":"<p>Jei ie\u0161kote kieto ant\u010diu\u017einio 200 \u00d7 200 cm \u010diu\u017einiui, kuris \u017eymiai pagerint\u0173 j\u016bs\u0173 lovos komfort\u0105, 4 cm HR ant\u010diu\u017einis yra puikus pasirinkimas. Pagamintas i\u0161 auk\u0161tos kokyb\u0117s HR (didelio elastingumo) put\u0173, ant\u010diu\u017einis suteikia patvari\u0105 ir stabili\u0105 atram\u0105, idealiai tinka pernelyg mink\u0161tam \u010diu\u017einiui sutvirtinti ir miego ergonomikai pagerinti. HR putos yra itin elastingos ir patvarios, prisitaiko prie nat\u016brali\u0173 stuburo linki\u0173 ir suma\u017eina spaudim\u0105 raumenims bei s\u0105nariams. Tai leid\u017eia ant\u010diu\u017einiui palaikyti taisykling\u0105 miegojimo laikysen\u0105, kuri yra labai svarbi tiems, kurie siekia sveiko ir atkuriamojo miego.<\/p>","protected":false},"excerpt":{"rendered":"<p>Plotis: 200 cm<br \/>\nIlgis: 200 cm<br \/>\nAuk\u0161tis: 4 cm<br \/>\nMiegamasis plotas: 200 \u00d7 200 cm<br \/>\n\u010ciu\u017einio tipas: Putplastis \u2013 labai elastingas<\/p>","protected":false},"featured_media":218600,"comment_status":"open","ping_status":"open","template":"","meta":[],"product_brand":[],"product_cat":[7906,1099,9144],"product_tag":[],"class_list":{"0":"post-218599","1":"product","2":"type-product","3":"status-publish","4":"has-post-thumbnail","6":"product_cat-comforteo","7":"product_cat-mattresses","8":"product_cat-mattresses-200x200","10":"first","11":"instock","12":"purchasable","13":"product-type-simple"},"_links":{"self":[{"href":"https:\/\/baldumarket.lt\/lt\/wp-json\/wp\/v2\/product\/218599","targetHints":{"allow":["GET"]}}],"collection":[{"href":"https:\/\/baldumarket.lt\/lt\/wp-json\/wp\/v2\/product"}],"about":[{"href":"https:\/\/baldumarket.lt\/lt\/wp-json\/wp\/v2\/types\/product"}],"replies":[{"embeddable":true,"href":"https:\/\/baldumarket.lt\/lt\/wp-json\/wp\/v2\/comments?post=218599"}],"wp:featuredmedia":[{"embeddable":true,"href":"https:\/\/baldumarket.lt\/lt\/wp-json\/wp\/v2\/media\/218600"}],"wp:attachment":[{"href":"https:\/\/baldumarket.lt\/lt\/wp-json\/wp\/v2\/media?parent=218599"}],"wp:term":[{"taxonomy":"product_brand","embeddable":true,"href":"https:\/\/baldumarket.lt\/lt\/wp-json\/wp\/v2\/product_brand?post=218599"},{"taxonomy":"product_cat","embeddable":true,"href":"https:\/\/baldumarket.lt\/lt\/wp-json\/wp\/v2\/product_cat?post=218599"},{"taxonomy":"product_tag","embeddable":true,"href":"https:\/\/baldumarket.lt\/lt\/wp-json\/wp\/v2\/product_tag?post=218599"}],"curies":[{"name":"wp","href":"https:\/\/api.w.org\/{rel}","templated":true}]}}