{"id":218594,"date":"2026-02-11T16:59:27","date_gmt":"2026-02-11T13:59:27","guid":{"rendered":"https:\/\/baldumarket.lt\/product\/topper-200x200-cm-pianka-wysokoelastyczna-hr-6-cm-zdejmowany-pokrowiec-h4-comforteo\/"},"modified":"2026-02-11T16:59:28","modified_gmt":"2026-02-11T13:59:28","slug":"topper-200x200-cm-pianka-wysokoelastyczna-hr-6-cm-zdejmowany-pokrowiec-h4-comforteo","status":"publish","type":"product","link":"https:\/\/baldumarket.lt\/lt\/product\/topper-200x200-cm-pianka-wysokoelastyczna-hr-6-cm-zdejmowany-pokrowiec-h4-comforteo\/","title":{"rendered":"Ant\u010diu\u017einis 200\u00d7200 cm, labai elastingas putplastis HR 6 cm, nuimamas u\u017evalkalas, H4, Comforteo"},"content":{"rendered":"<p>Ie\u0161kote b\u016bdo pagerinti miego kokyb\u0119 ir kartu apsaugoti savo \u010diu\u017ein\u012f? 6 cm storio, 200 x 200 cm dyd\u017eio HR put\u0173 ant\u010diu\u017einis yra puikus sprendimas didel\u0117ms dvigul\u0117ms lovoms arba tiems, kurie vertina erdv\u0119. D\u0117l modernaus, didelio elastingumo HR put\u0173 padidinsite miego komfort\u0105, u\u017etikrindami stabili\u0105 ir sveik\u0105 atram\u0105 vis\u0105 nakt\u012f.<\/p>","protected":false},"excerpt":{"rendered":"<p>Plotis: 200 cm<br \/>\nIlgis: 200 cm<br \/>\nAuk\u0161tis: 6 cm<br \/>\nMiegamasis plotas: 200 \u00d7 200 cm<br \/>\n\u010ciu\u017einio tipas: Putplastis \u2013 labai elastingas<\/p>","protected":false},"featured_media":218595,"comment_status":"open","ping_status":"open","template":"","meta":[],"product_brand":[],"product_cat":[7906,1099,9144],"product_tag":[],"class_list":{"0":"post-218594","1":"product","2":"type-product","3":"status-publish","4":"has-post-thumbnail","6":"product_cat-comforteo","7":"product_cat-mattresses","8":"product_cat-mattresses-200x200","10":"first","11":"instock","12":"purchasable","13":"product-type-simple"},"_links":{"self":[{"href":"https:\/\/baldumarket.lt\/lt\/wp-json\/wp\/v2\/product\/218594","targetHints":{"allow":["GET"]}}],"collection":[{"href":"https:\/\/baldumarket.lt\/lt\/wp-json\/wp\/v2\/product"}],"about":[{"href":"https:\/\/baldumarket.lt\/lt\/wp-json\/wp\/v2\/types\/product"}],"replies":[{"embeddable":true,"href":"https:\/\/baldumarket.lt\/lt\/wp-json\/wp\/v2\/comments?post=218594"}],"wp:featuredmedia":[{"embeddable":true,"href":"https:\/\/baldumarket.lt\/lt\/wp-json\/wp\/v2\/media\/218595"}],"wp:attachment":[{"href":"https:\/\/baldumarket.lt\/lt\/wp-json\/wp\/v2\/media?parent=218594"}],"wp:term":[{"taxonomy":"product_brand","embeddable":true,"href":"https:\/\/baldumarket.lt\/lt\/wp-json\/wp\/v2\/product_brand?post=218594"},{"taxonomy":"product_cat","embeddable":true,"href":"https:\/\/baldumarket.lt\/lt\/wp-json\/wp\/v2\/product_cat?post=218594"},{"taxonomy":"product_tag","embeddable":true,"href":"https:\/\/baldumarket.lt\/lt\/wp-json\/wp\/v2\/product_tag?post=218594"}],"curies":[{"name":"wp","href":"https:\/\/api.w.org\/{rel}","templated":true}]}}