{"id":218564,"date":"2026-02-11T16:59:20","date_gmt":"2026-02-11T13:59:20","guid":{"rendered":"https:\/\/baldumarket.lt\/product\/topper-kokos-120x200-cm-dwustronny-mata-kokosowa-zdejmowany-pokrowiec-h4-comforteo\/"},"modified":"2026-02-11T16:59:22","modified_gmt":"2026-02-11T13:59:22","slug":"topper-kokos-120x200-cm-dwustronny-mata-kokosowa-zdejmowany-pokrowiec-h4-comforteo","status":"publish","type":"product","link":"https:\/\/baldumarket.lt\/lt\/product\/topper-kokos-120x200-cm-dwustronny-mata-kokosowa-zdejmowany-pokrowiec-h4-comforteo\/","title":{"rendered":"Kokosinis \u010diu\u017einys 120\u00d7200 cm, dvipusis, kokosinis kilim\u0117lis, nuimamas u\u017evalkalas, H4, Comforteo"},"content":{"rendered":"<p>120\u00d7200 cm dyd\u017eio \u201eCOCONUT\u201c \u010diu\u017einys \u2013 tai nat\u016brali\u0173 med\u017eiag\u0173 pagrindu sukurtas sprendimas tiems, kurie ie\u0161ko kietesn\u0117s, higieni\u0161kesn\u0117s ir patvaresn\u0117s patalyn\u0117s. Jis ypa\u010d rekomenduojamas alergi\u0161kiems \u017emon\u0117ms ir tiems, kurie renkasi kietesn\u012f \u010diu\u017ein\u012f neaukodami komforto.<\/p>","protected":false},"excerpt":{"rendered":"<p>Plotis: 120 cm<br \/>\nIlgis: 200 cm<br \/>\nAuk\u0161tis: 3 cm<br \/>\nMiegamasis plotas: 120 \u00d7 200 cm<br \/>\n\u010ciu\u017einio tipas: Su kokoso kilim\u0117liu<\/p>","protected":false},"featured_media":218565,"comment_status":"open","ping_status":"open","template":"","meta":[],"product_brand":[],"product_cat":[7906,1099,1976],"product_tag":[],"class_list":{"0":"post-218564","1":"product","2":"type-product","3":"status-publish","4":"has-post-thumbnail","6":"product_cat-comforteo","7":"product_cat-mattresses","8":"product_cat-mattresses-120x200","10":"first","11":"instock","12":"purchasable","13":"product-type-simple"},"_links":{"self":[{"href":"https:\/\/baldumarket.lt\/lt\/wp-json\/wp\/v2\/product\/218564","targetHints":{"allow":["GET"]}}],"collection":[{"href":"https:\/\/baldumarket.lt\/lt\/wp-json\/wp\/v2\/product"}],"about":[{"href":"https:\/\/baldumarket.lt\/lt\/wp-json\/wp\/v2\/types\/product"}],"replies":[{"embeddable":true,"href":"https:\/\/baldumarket.lt\/lt\/wp-json\/wp\/v2\/comments?post=218564"}],"wp:featuredmedia":[{"embeddable":true,"href":"https:\/\/baldumarket.lt\/lt\/wp-json\/wp\/v2\/media\/218565"}],"wp:attachment":[{"href":"https:\/\/baldumarket.lt\/lt\/wp-json\/wp\/v2\/media?parent=218564"}],"wp:term":[{"taxonomy":"product_brand","embeddable":true,"href":"https:\/\/baldumarket.lt\/lt\/wp-json\/wp\/v2\/product_brand?post=218564"},{"taxonomy":"product_cat","embeddable":true,"href":"https:\/\/baldumarket.lt\/lt\/wp-json\/wp\/v2\/product_cat?post=218564"},{"taxonomy":"product_tag","embeddable":true,"href":"https:\/\/baldumarket.lt\/lt\/wp-json\/wp\/v2\/product_tag?post=218564"}],"curies":[{"name":"wp","href":"https:\/\/api.w.org\/{rel}","templated":true}]}}