{"id":218554,"date":"2026-02-11T16:59:17","date_gmt":"2026-02-11T13:59:17","guid":{"rendered":"https:\/\/baldumarket.lt\/product\/topper-kokos-160x200-cm-dwustronny-mata-kokosowa-zdejmowany-pokrowiec-h4-3-cm-comforteo\/"},"modified":"2026-02-11T16:59:19","modified_gmt":"2026-02-11T13:59:19","slug":"topper-kokos-160x200-cm-dwustronny-mata-kokosowa-zdejmowany-pokrowiec-h4-3-cm-comforteo","status":"publish","type":"product","link":"https:\/\/baldumarket.lt\/lt\/product\/topper-kokos-160x200-cm-dwustronny-mata-kokosowa-zdejmowany-pokrowiec-h4-3-cm-comforteo\/","title":{"rendered":"Kokosinis \u010diu\u017einys 160\u00d7200 cm, dvipusis, kokosinis kilim\u0117lis, nuimamas u\u017evalkalas, H4, 3 cm, Comforteo"},"content":{"rendered":"<p>160\u00d7200 cm dyd\u017eio \u201eCOCONUT\u201c \u010diu\u017einio u\u017etiesalas \u2013 tai nat\u016brali\u0173 med\u017eiag\u0173 pagrindu sukurtas sprendimas, puikiai tinkantis populiariausioms dvigul\u0117ms lovoms. Jis puikiai tinka moderniems miegamiesiems, kur svarbiausia yra komfortas, sveikata, higiena ir estetika. Jis gali lengvai sutvirtinti per mink\u0161t\u0105 \u010diu\u017ein\u012f, pagerinti miego ergonomik\u0105 ir sukurti draugi\u0161k\u0105 aplink\u0105 alergi\u0161kiems \u017emon\u0117ms.<\/p>","protected":false},"excerpt":{"rendered":"<p>Plotis: 160 cm<br \/>\nIlgis: 200 cm<br \/>\nAuk\u0161tis: 3 cm<br \/>\nMiegamoji erdv\u0117: 160 \u00d7 200 cm<br \/>\n\u010ciu\u017einio tipas: Su kokoso kilim\u0117liu<\/p>","protected":false},"featured_media":218555,"comment_status":"open","ping_status":"open","template":"","meta":[],"product_brand":[],"product_cat":[7906,1099,1978],"product_tag":[],"class_list":{"0":"post-218554","1":"product","2":"type-product","3":"status-publish","4":"has-post-thumbnail","6":"product_cat-comforteo","7":"product_cat-mattresses","8":"product_cat-mattresses-160x200","10":"first","11":"instock","12":"purchasable","13":"product-type-simple"},"_links":{"self":[{"href":"https:\/\/baldumarket.lt\/lt\/wp-json\/wp\/v2\/product\/218554","targetHints":{"allow":["GET"]}}],"collection":[{"href":"https:\/\/baldumarket.lt\/lt\/wp-json\/wp\/v2\/product"}],"about":[{"href":"https:\/\/baldumarket.lt\/lt\/wp-json\/wp\/v2\/types\/product"}],"replies":[{"embeddable":true,"href":"https:\/\/baldumarket.lt\/lt\/wp-json\/wp\/v2\/comments?post=218554"}],"wp:featuredmedia":[{"embeddable":true,"href":"https:\/\/baldumarket.lt\/lt\/wp-json\/wp\/v2\/media\/218555"}],"wp:attachment":[{"href":"https:\/\/baldumarket.lt\/lt\/wp-json\/wp\/v2\/media?parent=218554"}],"wp:term":[{"taxonomy":"product_brand","embeddable":true,"href":"https:\/\/baldumarket.lt\/lt\/wp-json\/wp\/v2\/product_brand?post=218554"},{"taxonomy":"product_cat","embeddable":true,"href":"https:\/\/baldumarket.lt\/lt\/wp-json\/wp\/v2\/product_cat?post=218554"},{"taxonomy":"product_tag","embeddable":true,"href":"https:\/\/baldumarket.lt\/lt\/wp-json\/wp\/v2\/product_tag?post=218554"}],"curies":[{"name":"wp","href":"https:\/\/api.w.org\/{rel}","templated":true}]}}