{"id":218549,"date":"2026-02-11T16:59:16","date_gmt":"2026-02-11T13:59:16","guid":{"rendered":"https:\/\/baldumarket.lt\/product\/topper-kokos-180x200-cm-dwustronny-mata-kokosowa-zdejmowany-pokrowiec-h4-comforteo\/"},"modified":"2026-02-11T16:59:17","modified_gmt":"2026-02-11T13:59:17","slug":"topper-kokos-180x200-cm-dwustronny-mata-kokosowa-zdejmowany-pokrowiec-h4-comforteo","status":"publish","type":"product","link":"https:\/\/baldumarket.lt\/lt\/product\/topper-kokos-180x200-cm-dwustronny-mata-kokosowa-zdejmowany-pokrowiec-h4-comforteo\/","title":{"rendered":"Kokosinis \u010diu\u017einys 180\u00d7200 cm, dvipusis, kokosinis kilim\u0117lis, nuimamas u\u017evalkalas, H4, Comforteo"},"content":{"rendered":"<p>180\u00d7200 cm dyd\u017eio \u201eCOCONUT\u201c \u010diu\u017einio u\u017etiesalas \u2013 tai nat\u016brali\u0173 \u017ealiav\u0173 pagrindu sukurtas sprendimas, skirtas didel\u0117ms, auk\u0161\u010diausios kokyb\u0117s dvigul\u0117ms lovoms. Tai puikus \u010diu\u017einio papildymas bet kuriam moderniam miegamajam, u\u017etikrinantis auk\u0161\u010diausi\u0105 komforto, stabilumo ir miego higienos lyg\u012f. Jis ypa\u010d rekomenduojamas alergi\u0161kiems \u017emon\u0117ms ir tiems, kurie renkasi tvirtesn\u0119, bet patvari\u0105 atram\u0105.<\/p>","protected":false},"excerpt":{"rendered":"<p>Plotis: 180 cm<br \/>\nIlgis: 200 cm<br \/>\nAuk\u0161tis: 3 cm<br \/>\nMiegamoji erdv\u0117: 180 \u00d7 200 cm<br \/>\n\u010ciu\u017einio tipas: Su kokoso kilim\u0117liu<\/p>","protected":false},"featured_media":218550,"comment_status":"open","ping_status":"open","template":"","meta":[],"product_brand":[],"product_cat":[7906,1099,1979],"product_tag":[],"class_list":{"0":"post-218549","1":"product","2":"type-product","3":"status-publish","4":"has-post-thumbnail","6":"product_cat-comforteo","7":"product_cat-mattresses","8":"product_cat-mattresses-180x200","10":"first","11":"instock","12":"purchasable","13":"product-type-simple"},"_links":{"self":[{"href":"https:\/\/baldumarket.lt\/lt\/wp-json\/wp\/v2\/product\/218549","targetHints":{"allow":["GET"]}}],"collection":[{"href":"https:\/\/baldumarket.lt\/lt\/wp-json\/wp\/v2\/product"}],"about":[{"href":"https:\/\/baldumarket.lt\/lt\/wp-json\/wp\/v2\/types\/product"}],"replies":[{"embeddable":true,"href":"https:\/\/baldumarket.lt\/lt\/wp-json\/wp\/v2\/comments?post=218549"}],"wp:featuredmedia":[{"embeddable":true,"href":"https:\/\/baldumarket.lt\/lt\/wp-json\/wp\/v2\/media\/218550"}],"wp:attachment":[{"href":"https:\/\/baldumarket.lt\/lt\/wp-json\/wp\/v2\/media?parent=218549"}],"wp:term":[{"taxonomy":"product_brand","embeddable":true,"href":"https:\/\/baldumarket.lt\/lt\/wp-json\/wp\/v2\/product_brand?post=218549"},{"taxonomy":"product_cat","embeddable":true,"href":"https:\/\/baldumarket.lt\/lt\/wp-json\/wp\/v2\/product_cat?post=218549"},{"taxonomy":"product_tag","embeddable":true,"href":"https:\/\/baldumarket.lt\/lt\/wp-json\/wp\/v2\/product_tag?post=218549"}],"curies":[{"name":"wp","href":"https:\/\/api.w.org\/{rel}","templated":true}]}}