{"id":218544,"date":"2026-02-11T16:59:14","date_gmt":"2026-02-11T13:59:14","guid":{"rendered":"https:\/\/baldumarket.lt\/product\/topper-kokos-200x200-cm-dwustronny-mata-kokosowa-zdejmowany-pokrowiec-h4-comforteo\/"},"modified":"2026-02-11T16:59:16","modified_gmt":"2026-02-11T13:59:16","slug":"topper-kokos-200x200-cm-dwustronny-mata-kokosowa-zdejmowany-pokrowiec-h4-comforteo","status":"publish","type":"product","link":"https:\/\/baldumarket.lt\/lt\/product\/topper-kokos-200x200-cm-dwustronny-mata-kokosowa-zdejmowany-pokrowiec-h4-comforteo\/","title":{"rendered":"Kokosinis \u010diu\u017einys 200\u00d7200 cm, dvipusis, kokosinis kilim\u0117lis, nuimamas u\u017evalkalas, H4, Comforteo"},"content":{"rendered":"<p>200 \u00d7 200 cm dyd\u017eio \u201eCONUT\u201c \u010diu\u017einys \u2013 tai nat\u016brali\u0173 \u017ealiav\u0173 pagrindu sukurtas sprendimas, specialiai sukurtas did\u017eiausioms karali\u0161ko dyd\u017eio dvigul\u0117ms lovoms. Tai idealus pasirinkimas tiems, kurie tikisi maksimalaus komforto dideliame miegojimo plote, kartu i\u0161laikant sveikat\u0105 gerinan\u010dias ir antialergines savybes. D\u0117l nat\u016brali\u0173 med\u017eiag\u0173, toki\u0173 kaip kokosas ir lateksas, \u0161is \u010diu\u017einys suteikia tvirt\u0105, bet lanks\u010di\u0105 atram\u0105, kuri\u0105 vertina tiek alergi\u0161ki \u017emon\u0117s, tiek tie, kurie ie\u0161ko tvirtesnio pagrindo.<\/p>","protected":false},"excerpt":{"rendered":"<p>Plotis: 200 cm<br \/>\nIlgis: 200 cm<br \/>\nAuk\u0161tis: 3 cm<br \/>\nMiegamasis plotas: 200 \u00d7 200 cm<br \/>\n\u010ciu\u017einio tipas: Su kokoso kilim\u0117liu<\/p>","protected":false},"featured_media":218545,"comment_status":"open","ping_status":"open","template":"","meta":[],"product_brand":[],"product_cat":[7906,1099,9144],"product_tag":[],"class_list":{"0":"post-218544","1":"product","2":"type-product","3":"status-publish","4":"has-post-thumbnail","6":"product_cat-comforteo","7":"product_cat-mattresses","8":"product_cat-mattresses-200x200","10":"first","11":"instock","12":"purchasable","13":"product-type-simple"},"_links":{"self":[{"href":"https:\/\/baldumarket.lt\/lt\/wp-json\/wp\/v2\/product\/218544","targetHints":{"allow":["GET"]}}],"collection":[{"href":"https:\/\/baldumarket.lt\/lt\/wp-json\/wp\/v2\/product"}],"about":[{"href":"https:\/\/baldumarket.lt\/lt\/wp-json\/wp\/v2\/types\/product"}],"replies":[{"embeddable":true,"href":"https:\/\/baldumarket.lt\/lt\/wp-json\/wp\/v2\/comments?post=218544"}],"wp:featuredmedia":[{"embeddable":true,"href":"https:\/\/baldumarket.lt\/lt\/wp-json\/wp\/v2\/media\/218545"}],"wp:attachment":[{"href":"https:\/\/baldumarket.lt\/lt\/wp-json\/wp\/v2\/media?parent=218544"}],"wp:term":[{"taxonomy":"product_brand","embeddable":true,"href":"https:\/\/baldumarket.lt\/lt\/wp-json\/wp\/v2\/product_brand?post=218544"},{"taxonomy":"product_cat","embeddable":true,"href":"https:\/\/baldumarket.lt\/lt\/wp-json\/wp\/v2\/product_cat?post=218544"},{"taxonomy":"product_tag","embeddable":true,"href":"https:\/\/baldumarket.lt\/lt\/wp-json\/wp\/v2\/product_tag?post=218544"}],"curies":[{"name":"wp","href":"https:\/\/api.w.org\/{rel}","templated":true}]}}