{"id":218530,"date":"2026-02-11T16:59:09","date_gmt":"2026-02-11T13:59:09","guid":{"rendered":"https:\/\/baldumarket.lt\/product\/topper-supersoft-100x200-cm-pianka-super-soft-zdejmowany-pokrowiec-h2-comforteo\/"},"modified":"2026-02-11T16:59:11","modified_gmt":"2026-02-11T13:59:11","slug":"topper-supersoft-100x200-cm-pianka-super-soft-zdejmowany-pokrowiec-h2-comforteo","status":"publish","type":"product","link":"https:\/\/baldumarket.lt\/lt\/product\/topper-supersoft-100x200-cm-pianka-super-soft-zdejmowany-pokrowiec-h2-comforteo\/","title":{"rendered":"Ant\u010diu\u017einis Supersoft 100\u00d7200 cm, Super mink\u0161tas putplastis, nuimamas u\u017evalkalas, H2, Comforteo"},"content":{"rendered":"<p>\u201eSUPERSOFT\u201c 100 \u00d7 200 cm ant\u010diu\u017einis su nuimamu u\u017evalkalu \u2013 puikus sprendimas tiems, kurie nori padidinti lovos komfort\u0105 nekeisdami viso \u010diu\u017einio. Novatori\u0161kos \u201eSuper Soft\u201c putos suteikia mink\u0161tumo, elastingumo ir puikiai prisitaiko prie k\u016bno formos, gerina miego kokyb\u0119 ir palaiko taisykling\u0105 stuburo laikysen\u0105. Ant\u010diu\u017einis buvo sukurtas atsi\u017evelgiant \u012f funkcionalum\u0105 ir higien\u0105. Nuimamas u\u017evalkalas su 360\u00b0 u\u017etrauktuku leid\u017eia greitai ir lengvai i\u0161skalbti, tod\u0117l j\u012f lengva ilgai i\u0161laikyti gaiv\u0173 ir \u0161var\u0173. Be to, 3D ventiliacijos juosta padidina oro sraut\u0105, pagerindama gaminio antialergines savybes ir pa\u0161alindama dr\u0117gm\u0117s pertekli\u0173.<\/p>","protected":false},"excerpt":{"rendered":"<p>Plotis: 100 cm<br \/>\nIlgis: 200 cm<br \/>\nAuk\u0161tis: 6 cm<br \/>\nMiegamasis plotas: 100 \u00d7 200 cm<br \/>\n\u010ciu\u017einio tipas: Putplastis \u2013 labai elastingas<\/p>","protected":false},"featured_media":218531,"comment_status":"open","ping_status":"open","template":"","meta":[],"product_brand":[],"product_cat":[7906,1099],"product_tag":[],"class_list":{"0":"post-218530","1":"product","2":"type-product","3":"status-publish","4":"has-post-thumbnail","6":"product_cat-comforteo","7":"product_cat-mattresses","9":"first","10":"instock","11":"purchasable","12":"product-type-simple"},"_links":{"self":[{"href":"https:\/\/baldumarket.lt\/lt\/wp-json\/wp\/v2\/product\/218530","targetHints":{"allow":["GET"]}}],"collection":[{"href":"https:\/\/baldumarket.lt\/lt\/wp-json\/wp\/v2\/product"}],"about":[{"href":"https:\/\/baldumarket.lt\/lt\/wp-json\/wp\/v2\/types\/product"}],"replies":[{"embeddable":true,"href":"https:\/\/baldumarket.lt\/lt\/wp-json\/wp\/v2\/comments?post=218530"}],"wp:featuredmedia":[{"embeddable":true,"href":"https:\/\/baldumarket.lt\/lt\/wp-json\/wp\/v2\/media\/218531"}],"wp:attachment":[{"href":"https:\/\/baldumarket.lt\/lt\/wp-json\/wp\/v2\/media?parent=218530"}],"wp:term":[{"taxonomy":"product_brand","embeddable":true,"href":"https:\/\/baldumarket.lt\/lt\/wp-json\/wp\/v2\/product_brand?post=218530"},{"taxonomy":"product_cat","embeddable":true,"href":"https:\/\/baldumarket.lt\/lt\/wp-json\/wp\/v2\/product_cat?post=218530"},{"taxonomy":"product_tag","embeddable":true,"href":"https:\/\/baldumarket.lt\/lt\/wp-json\/wp\/v2\/product_tag?post=218530"}],"curies":[{"name":"wp","href":"https:\/\/api.w.org\/{rel}","templated":true}]}}