{"id":218526,"date":"2026-02-11T16:59:08","date_gmt":"2026-02-11T13:59:08","guid":{"rendered":"https:\/\/baldumarket.lt\/product\/topper-supersoft-120x200-cm-pianka-super-soft-zdejmowany-pokrowiec-h2-comforteo\/"},"modified":"2026-02-11T16:59:09","modified_gmt":"2026-02-11T13:59:09","slug":"topper-supersoft-120x200-cm-pianka-super-soft-zdejmowany-pokrowiec-h2-comforteo","status":"publish","type":"product","link":"https:\/\/baldumarket.lt\/lt\/product\/topper-supersoft-120x200-cm-pianka-super-soft-zdejmowany-pokrowiec-h2-comforteo\/","title":{"rendered":"Ant\u010diu\u017einis Supersoft 120\u00d7200 cm, Super mink\u0161tas putplastis, nuimamas u\u017evalkalas, H2, Comforteo"},"content":{"rendered":"<p>Ie\u0161kote patogaus ir funkcionalaus sprendimo, kaip pagerinti savo lovos komfort\u0105? Rinkit\u0117s SUPERSOFT 120\u00d7200 cm \u010diu\u017einio u\u017etiesal\u0105 \u2013 modern\u0173 \u010diu\u017einio u\u017etiesal\u0105, kuris greitai pakeis j\u016bs\u0173 miego kokyb\u0119. U\u017epildytas novatori\u0161komis \u201eSuper Soft\u201c putomis ir turintis nuimam\u0105 u\u017evalkal\u0105 su 360\u00b0 u\u017etrauktuku, \u0161is 120\u00d7200 cm putplas\u010dio u\u017etiesalas puikiai prisitaiko prie j\u016bs\u0173 k\u016bno, u\u017etikrindamas mink\u0161tum\u0105, elastingum\u0105 ir tinkam\u0105 atram\u0105. Be to, 3D ventiliacijos juostel\u0117 u\u017etikrina puiki\u0105 oro cirkuliacij\u0105, tod\u0117l antialerginis SUPERSOFT u\u017etiesalas idealiai tinka alergi\u0161kiems \u017emon\u0117ms.<\/p>","protected":false},"excerpt":{"rendered":"<p>Plotis: 120 cm<br \/>\nIlgis: 200 cm<br \/>\nAuk\u0161tis: 6 cm<br \/>\nMiegamoji erdv\u0117: 120 \u00d7 162 cm<br \/>\n\u010ciu\u017einio tipas: Putplastis \u2013 labai elastingas<\/p>","protected":false},"featured_media":218527,"comment_status":"open","ping_status":"open","template":"","meta":[],"product_brand":[],"product_cat":[7906,1099,1976],"product_tag":[],"class_list":{"0":"post-218526","1":"product","2":"type-product","3":"status-publish","4":"has-post-thumbnail","6":"product_cat-comforteo","7":"product_cat-mattresses","8":"product_cat-mattresses-120x200","10":"first","11":"instock","12":"purchasable","13":"product-type-simple"},"_links":{"self":[{"href":"https:\/\/baldumarket.lt\/lt\/wp-json\/wp\/v2\/product\/218526","targetHints":{"allow":["GET"]}}],"collection":[{"href":"https:\/\/baldumarket.lt\/lt\/wp-json\/wp\/v2\/product"}],"about":[{"href":"https:\/\/baldumarket.lt\/lt\/wp-json\/wp\/v2\/types\/product"}],"replies":[{"embeddable":true,"href":"https:\/\/baldumarket.lt\/lt\/wp-json\/wp\/v2\/comments?post=218526"}],"wp:featuredmedia":[{"embeddable":true,"href":"https:\/\/baldumarket.lt\/lt\/wp-json\/wp\/v2\/media\/218527"}],"wp:attachment":[{"href":"https:\/\/baldumarket.lt\/lt\/wp-json\/wp\/v2\/media?parent=218526"}],"wp:term":[{"taxonomy":"product_brand","embeddable":true,"href":"https:\/\/baldumarket.lt\/lt\/wp-json\/wp\/v2\/product_brand?post=218526"},{"taxonomy":"product_cat","embeddable":true,"href":"https:\/\/baldumarket.lt\/lt\/wp-json\/wp\/v2\/product_cat?post=218526"},{"taxonomy":"product_tag","embeddable":true,"href":"https:\/\/baldumarket.lt\/lt\/wp-json\/wp\/v2\/product_tag?post=218526"}],"curies":[{"name":"wp","href":"https:\/\/api.w.org\/{rel}","templated":true}]}}