{"id":218522,"date":"2026-02-11T16:59:06","date_gmt":"2026-02-11T13:59:06","guid":{"rendered":"https:\/\/baldumarket.lt\/product\/topper-supersoft-140x200-cm-pianka-super-soft-zdejmowany-pokrowiec-h2-comforteo\/"},"modified":"2026-02-11T16:59:07","modified_gmt":"2026-02-11T13:59:07","slug":"topper-supersoft-140x200-cm-pianka-super-soft-zdejmowany-pokrowiec-h2-comforteo","status":"publish","type":"product","link":"https:\/\/baldumarket.lt\/lt\/product\/topper-supersoft-140x200-cm-pianka-super-soft-zdejmowany-pokrowiec-h2-comforteo\/","title":{"rendered":"Ant\u010diu\u017einis Supersoft 140\u00d7200 cm, Super mink\u0161tas putplastis, nuimamas u\u017evalkalas, H2, Comforteo"},"content":{"rendered":"<p>Pagerinkite savo miego kokyb\u0119 su SUPERSOFT 140\u00d7200 cm \u010diu\u017einio u\u017etiesalu \u2013 moderniu sprendimu, kuris pakeis j\u016bs\u0173 lov\u0105 nekei\u010diant esamo \u010diu\u017einio. \u0160is prakti\u0161kas ir patogus putplas\u010dio \u010diu\u017einio u\u017etiesalas puikiai tinka dvigul\u0117ms lovoms, sofoms-lovoms ar i\u0161skleid\u017eiamoms sofoms. U\u017epildytas lanks\u010diomis ir lengvomis \u201eSuper Soft\u201c putomis, u\u017etiesalas puikiai prisitaiko prie j\u016bs\u0173 k\u016bno form\u0173, apgaubia j\u012f mink\u0161tumu ir suteikia optimali\u0105 atram\u0105. Be to, nuimamas u\u017evalkalas su 360\u00b0 u\u017etrauktuku ir 3D ventiliacijos juosta garantuoja \u0161var\u0105, gaivum\u0105 ir antialergines savybes \u2013 idealiai tinka jautri\u0105 od\u0105 turintiems ar alergi\u0161kiems \u017emon\u0117ms.<\/p>","protected":false},"excerpt":{"rendered":"<p>Plotis: 140 cm<br \/>\nIlgis: 200 cm<br \/>\nAuk\u0161tis: 6 cm<br \/>\nMiegamasis plotas: 140 \u00d7 200 cm<br \/>\n\u010ciu\u017einio tipas: labai elastingas putplastis<\/p>","protected":false},"featured_media":218523,"comment_status":"open","ping_status":"open","template":"","meta":[],"product_brand":[],"product_cat":[7906,1099,1977],"product_tag":[],"class_list":{"0":"post-218522","1":"product","2":"type-product","3":"status-publish","4":"has-post-thumbnail","6":"product_cat-comforteo","7":"product_cat-mattresses","8":"product_cat-mattresses-140x200","10":"first","11":"instock","12":"purchasable","13":"product-type-simple"},"_links":{"self":[{"href":"https:\/\/baldumarket.lt\/lt\/wp-json\/wp\/v2\/product\/218522","targetHints":{"allow":["GET"]}}],"collection":[{"href":"https:\/\/baldumarket.lt\/lt\/wp-json\/wp\/v2\/product"}],"about":[{"href":"https:\/\/baldumarket.lt\/lt\/wp-json\/wp\/v2\/types\/product"}],"replies":[{"embeddable":true,"href":"https:\/\/baldumarket.lt\/lt\/wp-json\/wp\/v2\/comments?post=218522"}],"wp:featuredmedia":[{"embeddable":true,"href":"https:\/\/baldumarket.lt\/lt\/wp-json\/wp\/v2\/media\/218523"}],"wp:attachment":[{"href":"https:\/\/baldumarket.lt\/lt\/wp-json\/wp\/v2\/media?parent=218522"}],"wp:term":[{"taxonomy":"product_brand","embeddable":true,"href":"https:\/\/baldumarket.lt\/lt\/wp-json\/wp\/v2\/product_brand?post=218522"},{"taxonomy":"product_cat","embeddable":true,"href":"https:\/\/baldumarket.lt\/lt\/wp-json\/wp\/v2\/product_cat?post=218522"},{"taxonomy":"product_tag","embeddable":true,"href":"https:\/\/baldumarket.lt\/lt\/wp-json\/wp\/v2\/product_tag?post=218522"}],"curies":[{"name":"wp","href":"https:\/\/api.w.org\/{rel}","templated":true}]}}