{"id":218518,"date":"2026-02-11T16:59:04","date_gmt":"2026-02-11T13:59:04","guid":{"rendered":"https:\/\/baldumarket.lt\/product\/topper-supersoft-160x200-cm-pianka-super-soft-zdejmowany-pokrowiec-h2-6-cm-comforteo\/"},"modified":"2026-02-11T16:59:06","modified_gmt":"2026-02-11T13:59:06","slug":"topper-supersoft-160x200-cm-pianka-super-soft-zdejmowany-pokrowiec-h2-6-cm-comforteo","status":"publish","type":"product","link":"https:\/\/baldumarket.lt\/lt\/product\/topper-supersoft-160x200-cm-pianka-super-soft-zdejmowany-pokrowiec-h2-6-cm-comforteo\/","title":{"rendered":"Ant\u010diu\u017einis Supersoft 160\u00d7200 cm, Super mink\u0161tas putplastis, nuimamas u\u017evalkalas, H2, 6 cm, Comforteo"},"content":{"rendered":"<p>U\u017etikrinkite sveik\u0105 ir patog\u0173 mieg\u0105 su SUPERSOFT 160\u00d7200 cm ant\u010diu\u017einiu \u2013 moderniu sprendimu bet kuriam miegamajam. \u0160is putplas\u010dio \u010diu\u017einio ant\u010diu\u017einis buvo sukurtas siekiant pagerinti miego komfort\u0105 ant j\u016bs\u0173 \u010diu\u017einio, sofos ar i\u0161skleid\u017eiamos lovos. Puikiai tinkantis dvigulei lovai, 160\u00d7200 cm ant\u010diu\u017einis suteikia tolyg\u0173 atram\u0105 ir mink\u0161tum\u0105 dviem \u017emon\u0117ms.<\/p>","protected":false},"excerpt":{"rendered":"<p>Plotis: 160 cm<br \/>\nIlgis: 200 cm<br \/>\nAuk\u0161tis: 6 cm<br \/>\nMiegamoji erdv\u0117: 160 \u00d7 200 cm<br \/>\n\u010ciu\u017einio tipas: Putplastis \u2013 labai elastingas<\/p>","protected":false},"featured_media":218519,"comment_status":"open","ping_status":"open","template":"","meta":[],"product_brand":[],"product_cat":[7906,1099,1978],"product_tag":[],"class_list":{"0":"post-218518","1":"product","2":"type-product","3":"status-publish","4":"has-post-thumbnail","6":"product_cat-comforteo","7":"product_cat-mattresses","8":"product_cat-mattresses-160x200","10":"first","11":"instock","12":"purchasable","13":"product-type-simple"},"_links":{"self":[{"href":"https:\/\/baldumarket.lt\/lt\/wp-json\/wp\/v2\/product\/218518","targetHints":{"allow":["GET"]}}],"collection":[{"href":"https:\/\/baldumarket.lt\/lt\/wp-json\/wp\/v2\/product"}],"about":[{"href":"https:\/\/baldumarket.lt\/lt\/wp-json\/wp\/v2\/types\/product"}],"replies":[{"embeddable":true,"href":"https:\/\/baldumarket.lt\/lt\/wp-json\/wp\/v2\/comments?post=218518"}],"wp:featuredmedia":[{"embeddable":true,"href":"https:\/\/baldumarket.lt\/lt\/wp-json\/wp\/v2\/media\/218519"}],"wp:attachment":[{"href":"https:\/\/baldumarket.lt\/lt\/wp-json\/wp\/v2\/media?parent=218518"}],"wp:term":[{"taxonomy":"product_brand","embeddable":true,"href":"https:\/\/baldumarket.lt\/lt\/wp-json\/wp\/v2\/product_brand?post=218518"},{"taxonomy":"product_cat","embeddable":true,"href":"https:\/\/baldumarket.lt\/lt\/wp-json\/wp\/v2\/product_cat?post=218518"},{"taxonomy":"product_tag","embeddable":true,"href":"https:\/\/baldumarket.lt\/lt\/wp-json\/wp\/v2\/product_tag?post=218518"}],"curies":[{"name":"wp","href":"https:\/\/api.w.org\/{rel}","templated":true}]}}