{"id":218510,"date":"2026-02-11T16:59:01","date_gmt":"2026-02-11T13:59:01","guid":{"rendered":"https:\/\/baldumarket.lt\/product\/topper-supersoft-200x200-cm-pianka-super-soft-zdejmowany-pokrowiec-h2-comforteo\/"},"modified":"2026-02-11T16:59:02","modified_gmt":"2026-02-11T13:59:02","slug":"topper-supersoft-200x200-cm-pianka-super-soft-zdejmowany-pokrowiec-h2-comforteo","status":"publish","type":"product","link":"https:\/\/baldumarket.lt\/lt\/product\/topper-supersoft-200x200-cm-pianka-super-soft-zdejmowany-pokrowiec-h2-comforteo\/","title":{"rendered":"Ant\u010diu\u017einis Supersoft 200\u00d7200 cm, Super mink\u0161tas putplastis, nuimamas u\u017evalkalas, H2, Comforteo"},"content":{"rendered":"<p>Jei vertinate erdv\u0119 ir komfort\u0105 miegodami, SUPERSOFT 200\u00d7200 cm ant\u010diu\u017einis yra puikus sprendimas jums. Tai did\u017eiausias rinkoje esantis putplas\u010dio \u010diu\u017einio ant\u010diu\u017einis, puikiai tinkantis karali\u0161ko dyd\u017eio lovoms. Jis puikiai tinka pagrindiniam miegamajam, prabangiam butui ar vie\u0161bu\u010diui, kur svarbi kiekviena detal\u0117. \u0160is putplas\u010dio ant\u010diu\u017einis su u\u017evalkalu paver\u010dia bet kuri\u0105 lov\u0105 patogia, higieni\u0161ka ir modernia poilsio vieta. Lankstus \u201eSuper Soft\u201c putplastis, nuimamas u\u017evalkalas su 360\u00b0 u\u017etrauktuku ir 3D ventiliacijos juosta sujungia novatori\u0161kas med\u017eiagas ir apgalvot\u0105 funkcionalum\u0105, kad pagerint\u0173 miego kokyb\u0119 nuo pat pirmos nakties.<\/p>","protected":false},"excerpt":{"rendered":"<p>Plotis: 200 cm<br \/>\nIlgis: 200 cm<br \/>\nAuk\u0161tis: 6 cm<br \/>\nMiegamasis plotas: 200 \u00d7 200 cm<br \/>\n\u010ciu\u017einio tipas: Putplastis \u2013 labai elastingas<\/p>","protected":false},"featured_media":218511,"comment_status":"open","ping_status":"open","template":"","meta":[],"product_brand":[],"product_cat":[7906,1099,9144],"product_tag":[],"class_list":{"0":"post-218510","1":"product","2":"type-product","3":"status-publish","4":"has-post-thumbnail","6":"product_cat-comforteo","7":"product_cat-mattresses","8":"product_cat-mattresses-200x200","10":"first","11":"instock","12":"purchasable","13":"product-type-simple"},"_links":{"self":[{"href":"https:\/\/baldumarket.lt\/lt\/wp-json\/wp\/v2\/product\/218510","targetHints":{"allow":["GET"]}}],"collection":[{"href":"https:\/\/baldumarket.lt\/lt\/wp-json\/wp\/v2\/product"}],"about":[{"href":"https:\/\/baldumarket.lt\/lt\/wp-json\/wp\/v2\/types\/product"}],"replies":[{"embeddable":true,"href":"https:\/\/baldumarket.lt\/lt\/wp-json\/wp\/v2\/comments?post=218510"}],"wp:featuredmedia":[{"embeddable":true,"href":"https:\/\/baldumarket.lt\/lt\/wp-json\/wp\/v2\/media\/218511"}],"wp:attachment":[{"href":"https:\/\/baldumarket.lt\/lt\/wp-json\/wp\/v2\/media?parent=218510"}],"wp:term":[{"taxonomy":"product_brand","embeddable":true,"href":"https:\/\/baldumarket.lt\/lt\/wp-json\/wp\/v2\/product_brand?post=218510"},{"taxonomy":"product_cat","embeddable":true,"href":"https:\/\/baldumarket.lt\/lt\/wp-json\/wp\/v2\/product_cat?post=218510"},{"taxonomy":"product_tag","embeddable":true,"href":"https:\/\/baldumarket.lt\/lt\/wp-json\/wp\/v2\/product_tag?post=218510"}],"curies":[{"name":"wp","href":"https:\/\/api.w.org\/{rel}","templated":true}]}}