{"id":218506,"date":"2026-02-11T16:58:59","date_gmt":"2026-02-11T13:58:59","guid":{"rendered":"https:\/\/baldumarket.lt\/product\/topper-supersoft-80x200-cm-pianka-super-soft-zdejmowany-pokrowiec-h2-comforteo\/"},"modified":"2026-02-11T16:59:01","modified_gmt":"2026-02-11T13:59:01","slug":"topper-supersoft-80x200-cm-pianka-super-soft-zdejmowany-pokrowiec-h2-comforteo","status":"publish","type":"product","link":"https:\/\/baldumarket.lt\/lt\/product\/topper-supersoft-80x200-cm-pianka-super-soft-zdejmowany-pokrowiec-h2-comforteo\/","title":{"rendered":"Ant\u010diu\u017einis Supersoft 80\u00d7200 cm, Super mink\u0161tas putplastis, nuimamas u\u017evalkalas, H2, Comforteo"},"content":{"rendered":"<p>Ie\u0161kote tobulo b\u016bdo pagerinti \u010diu\u017einio komfort\u0105? Rinkit\u0117s SUPERSOFT 80\u00d7200 cm ant\u010diu\u017ein\u012f su nuimamu u\u017evalkalu \u2013 unikal\u0173 sprendim\u0105, kuris pakeis j\u016bs\u0173 miego kokyb\u0119!<\/p>","protected":false},"excerpt":{"rendered":"<p>Plotis: 80 cm<br \/>\nIlgis: 200 cm<br \/>\nAuk\u0161tis: 6 cm<br \/>\nMiegamoji erdv\u0117: 80 \u00d7 200 cm<br \/>\n\u010ciu\u017einio tipas: labai elastingas putplastis<\/p>","protected":false},"featured_media":218507,"comment_status":"open","ping_status":"open","template":"","meta":[],"product_brand":[],"product_cat":[7906,1099],"product_tag":[],"class_list":{"0":"post-218506","1":"product","2":"type-product","3":"status-publish","4":"has-post-thumbnail","6":"product_cat-comforteo","7":"product_cat-mattresses","9":"first","10":"instock","11":"purchasable","12":"product-type-simple"},"_links":{"self":[{"href":"https:\/\/baldumarket.lt\/lt\/wp-json\/wp\/v2\/product\/218506","targetHints":{"allow":["GET"]}}],"collection":[{"href":"https:\/\/baldumarket.lt\/lt\/wp-json\/wp\/v2\/product"}],"about":[{"href":"https:\/\/baldumarket.lt\/lt\/wp-json\/wp\/v2\/types\/product"}],"replies":[{"embeddable":true,"href":"https:\/\/baldumarket.lt\/lt\/wp-json\/wp\/v2\/comments?post=218506"}],"wp:featuredmedia":[{"embeddable":true,"href":"https:\/\/baldumarket.lt\/lt\/wp-json\/wp\/v2\/media\/218507"}],"wp:attachment":[{"href":"https:\/\/baldumarket.lt\/lt\/wp-json\/wp\/v2\/media?parent=218506"}],"wp:term":[{"taxonomy":"product_brand","embeddable":true,"href":"https:\/\/baldumarket.lt\/lt\/wp-json\/wp\/v2\/product_brand?post=218506"},{"taxonomy":"product_cat","embeddable":true,"href":"https:\/\/baldumarket.lt\/lt\/wp-json\/wp\/v2\/product_cat?post=218506"},{"taxonomy":"product_tag","embeddable":true,"href":"https:\/\/baldumarket.lt\/lt\/wp-json\/wp\/v2\/product_tag?post=218506"}],"curies":[{"name":"wp","href":"https:\/\/api.w.org\/{rel}","templated":true}]}}