{"id":218486,"date":"2026-02-11T16:58:53","date_gmt":"2026-02-11T13:58:53","guid":{"rendered":"https:\/\/baldumarket.lt\/product\/topper-visco-120x200-cm-pianka-termoelastyczna-6-cm-zdejmowany-pokrowiec-h3-comforteo\/"},"modified":"2026-02-11T16:58:54","modified_gmt":"2026-02-11T13:58:54","slug":"topper-visco-120x200-cm-pianka-termoelastyczna-6-cm-zdejmowany-pokrowiec-h3-comforteo","status":"publish","type":"product","link":"https:\/\/baldumarket.lt\/lt\/product\/topper-visco-120x200-cm-pianka-termoelastyczna-6-cm-zdejmowany-pokrowiec-h3-comforteo\/","title":{"rendered":"U\u017etiesalas \u201eTopper Visco\u201c 120 x 200 cm, termoelastin\u0117s putos, 6 cm, nuimamas u\u017evalkalas, H3, \u201eComforteo\u201c"},"content":{"rendered":"<p>Ie\u0161kote b\u016bdo pagerinti miego kokyb\u0119 nestandartinio dyd\u017eio lovoje? \u201eVisco 120\u00d7200 cm\u201c 6 cm \u010diu\u017einio u\u017etiesalas yra puikus sprendimas miegantiems vieniems, vertinantiems erdv\u0119 ir komfort\u0105. \u0160is auk\u0161tos kokyb\u0117s \u201eVisco 120\u00d7200 cm\u201c \u010diu\u017einio u\u017etiesalas efektyviai i\u0161lygina miegojimo pavir\u0161i\u0173 ir \u017eymiai pagerina komfort\u0105.<\/p>","protected":false},"excerpt":{"rendered":"<p>Plotis: 120 cm<br \/>\nIlgis: 200 cm<br \/>\nAuk\u0161tis: 6 cm<br \/>\nMiegamasis plotas: 120 \u00d7 200 cm<br \/>\n\u010ciu\u017einio tipas: Putplastis<\/p>","protected":false},"featured_media":218487,"comment_status":"open","ping_status":"open","template":"","meta":[],"product_brand":[],"product_cat":[7906,1099,1976],"product_tag":[],"class_list":{"0":"post-218486","1":"product","2":"type-product","3":"status-publish","4":"has-post-thumbnail","6":"product_cat-comforteo","7":"product_cat-mattresses","8":"product_cat-mattresses-120x200","10":"first","11":"instock","12":"purchasable","13":"product-type-simple"},"_links":{"self":[{"href":"https:\/\/baldumarket.lt\/lt\/wp-json\/wp\/v2\/product\/218486","targetHints":{"allow":["GET"]}}],"collection":[{"href":"https:\/\/baldumarket.lt\/lt\/wp-json\/wp\/v2\/product"}],"about":[{"href":"https:\/\/baldumarket.lt\/lt\/wp-json\/wp\/v2\/types\/product"}],"replies":[{"embeddable":true,"href":"https:\/\/baldumarket.lt\/lt\/wp-json\/wp\/v2\/comments?post=218486"}],"wp:featuredmedia":[{"embeddable":true,"href":"https:\/\/baldumarket.lt\/lt\/wp-json\/wp\/v2\/media\/218487"}],"wp:attachment":[{"href":"https:\/\/baldumarket.lt\/lt\/wp-json\/wp\/v2\/media?parent=218486"}],"wp:term":[{"taxonomy":"product_brand","embeddable":true,"href":"https:\/\/baldumarket.lt\/lt\/wp-json\/wp\/v2\/product_brand?post=218486"},{"taxonomy":"product_cat","embeddable":true,"href":"https:\/\/baldumarket.lt\/lt\/wp-json\/wp\/v2\/product_cat?post=218486"},{"taxonomy":"product_tag","embeddable":true,"href":"https:\/\/baldumarket.lt\/lt\/wp-json\/wp\/v2\/product_tag?post=218486"}],"curies":[{"name":"wp","href":"https:\/\/api.w.org\/{rel}","templated":true}]}}