{"id":218482,"date":"2026-02-11T16:58:52","date_gmt":"2026-02-11T13:58:52","guid":{"rendered":"https:\/\/baldumarket.lt\/product\/topper-visco-140x200-cm-pianka-termoelastyczna-4-cm-zdejmowany-pokrowiec-h3-comforteo\/"},"modified":"2026-02-11T16:58:53","modified_gmt":"2026-02-11T13:58:53","slug":"topper-visco-140x200-cm-pianka-termoelastyczna-4-cm-zdejmowany-pokrowiec-h3-comforteo","status":"publish","type":"product","link":"https:\/\/baldumarket.lt\/lt\/product\/topper-visco-140x200-cm-pianka-termoelastyczna-4-cm-zdejmowany-pokrowiec-h3-comforteo\/","title":{"rendered":"U\u017etiesalas \u201eTopper Visco\u201c 140 x 200 cm, termoelastin\u0117s putos, 4 cm, nuimamas u\u017evalkalas, H3, \u201eComforteo\u201c"},"content":{"rendered":"<p>Paverskite savo lov\u0105 patogia ir ergonomi\u0161ka vieta atsipalaiduoti su \u201eVisco\u201c 140 \u00d7 200 cm (4 cm) \u010diu\u017einio u\u017etiesalu. \u0160is auk\u0161tos kokyb\u0117s \u201eVisco\u201c \u010diu\u017einio u\u017etiesalas \u2013 tai greitas b\u016bdas i\u0161lyginti miegojimo pavir\u0161i\u0173 ir gerokai padidinti komfort\u0105 \u2013 nekei\u010diant viso \u010diu\u017einio.<\/p>","protected":false},"excerpt":{"rendered":"<p>Plotis: 140 cm<br \/>\nIlgis: 200 cm<br \/>\nAuk\u0161tis: 4 cm<br \/>\nMiegamasis plotas: 140 \u00d7 200 cm<br \/>\n\u010ciu\u017einio tipas: Putplastis<\/p>","protected":false},"featured_media":218483,"comment_status":"open","ping_status":"open","template":"","meta":[],"product_brand":[],"product_cat":[7906,1099,1977],"product_tag":[],"class_list":{"0":"post-218482","1":"product","2":"type-product","3":"status-publish","4":"has-post-thumbnail","6":"product_cat-comforteo","7":"product_cat-mattresses","8":"product_cat-mattresses-140x200","10":"first","11":"instock","12":"purchasable","13":"product-type-simple"},"_links":{"self":[{"href":"https:\/\/baldumarket.lt\/lt\/wp-json\/wp\/v2\/product\/218482","targetHints":{"allow":["GET"]}}],"collection":[{"href":"https:\/\/baldumarket.lt\/lt\/wp-json\/wp\/v2\/product"}],"about":[{"href":"https:\/\/baldumarket.lt\/lt\/wp-json\/wp\/v2\/types\/product"}],"replies":[{"embeddable":true,"href":"https:\/\/baldumarket.lt\/lt\/wp-json\/wp\/v2\/comments?post=218482"}],"wp:featuredmedia":[{"embeddable":true,"href":"https:\/\/baldumarket.lt\/lt\/wp-json\/wp\/v2\/media\/218483"}],"wp:attachment":[{"href":"https:\/\/baldumarket.lt\/lt\/wp-json\/wp\/v2\/media?parent=218482"}],"wp:term":[{"taxonomy":"product_brand","embeddable":true,"href":"https:\/\/baldumarket.lt\/lt\/wp-json\/wp\/v2\/product_brand?post=218482"},{"taxonomy":"product_cat","embeddable":true,"href":"https:\/\/baldumarket.lt\/lt\/wp-json\/wp\/v2\/product_cat?post=218482"},{"taxonomy":"product_tag","embeddable":true,"href":"https:\/\/baldumarket.lt\/lt\/wp-json\/wp\/v2\/product_tag?post=218482"}],"curies":[{"name":"wp","href":"https:\/\/api.w.org\/{rel}","templated":true}]}}