{"id":218454,"date":"2026-02-11T16:58:44","date_gmt":"2026-02-11T13:58:44","guid":{"rendered":"https:\/\/baldumarket.lt\/product\/topper-visco-200x200-cm-pianka-termoelastyczna-6-cm-zdejmowany-pokrowiec-h3-comforteo\/"},"modified":"2026-02-11T16:58:45","modified_gmt":"2026-02-11T13:58:45","slug":"topper-visco-200x200-cm-pianka-termoelastyczna-6-cm-zdejmowany-pokrowiec-h3-comforteo","status":"publish","type":"product","link":"https:\/\/baldumarket.lt\/lt\/product\/topper-visco-200x200-cm-pianka-termoelastyczna-6-cm-zdejmowany-pokrowiec-h3-comforteo\/","title":{"rendered":"U\u017etiesalas \u201eTopper Visco\u201c 200 x 200 cm, termoelastin\u0117s putos, 6 cm, nuimamas u\u017evalkalas, H3, \u201eComforteo\u201c"},"content":{"rendered":"<p>Ie\u0161kote tobulo sprendimo karali\u0161ko dyd\u017eio lovai? \u201eVisco\u201c 200 \u00d7 200 cm, 6 cm ant\u010diu\u017einis \u2013 tai \u201eVisco\u201c \u010diu\u017einio u\u017etiesalas, sukurtas karali\u0161ko dyd\u017eio lovai. Jis puikiai priglunda, i\u0161lygina bet kokius pagrindinio \u010diu\u017einio nelygumus ir pakelia miego komfort\u0105 \u012f auk\u0161\u010diausi\u0105 lyg\u012f.<\/p>","protected":false},"excerpt":{"rendered":"<p>Plotis: 200 cm<br \/>\nIlgis: 200 cm<br \/>\nAuk\u0161tis: 6 cm<br \/>\nMiegamasis plotas: 200 \u00d7 200 cm<br \/>\n\u010ciu\u017einio tipas: Putplastis<\/p>","protected":false},"featured_media":218455,"comment_status":"open","ping_status":"open","template":"","meta":[],"product_brand":[],"product_cat":[7906,1099,9144],"product_tag":[],"class_list":{"0":"post-218454","1":"product","2":"type-product","3":"status-publish","4":"has-post-thumbnail","6":"product_cat-comforteo","7":"product_cat-mattresses","8":"product_cat-mattresses-200x200","10":"first","11":"instock","12":"purchasable","13":"product-type-simple"},"_links":{"self":[{"href":"https:\/\/baldumarket.lt\/lt\/wp-json\/wp\/v2\/product\/218454","targetHints":{"allow":["GET"]}}],"collection":[{"href":"https:\/\/baldumarket.lt\/lt\/wp-json\/wp\/v2\/product"}],"about":[{"href":"https:\/\/baldumarket.lt\/lt\/wp-json\/wp\/v2\/types\/product"}],"replies":[{"embeddable":true,"href":"https:\/\/baldumarket.lt\/lt\/wp-json\/wp\/v2\/comments?post=218454"}],"wp:featuredmedia":[{"embeddable":true,"href":"https:\/\/baldumarket.lt\/lt\/wp-json\/wp\/v2\/media\/218455"}],"wp:attachment":[{"href":"https:\/\/baldumarket.lt\/lt\/wp-json\/wp\/v2\/media?parent=218454"}],"wp:term":[{"taxonomy":"product_brand","embeddable":true,"href":"https:\/\/baldumarket.lt\/lt\/wp-json\/wp\/v2\/product_brand?post=218454"},{"taxonomy":"product_cat","embeddable":true,"href":"https:\/\/baldumarket.lt\/lt\/wp-json\/wp\/v2\/product_cat?post=218454"},{"taxonomy":"product_tag","embeddable":true,"href":"https:\/\/baldumarket.lt\/lt\/wp-json\/wp\/v2\/product_tag?post=218454"}],"curies":[{"name":"wp","href":"https:\/\/api.w.org\/{rel}","templated":true}]}}