{"id":218430,"date":"2026-02-11T16:58:36","date_gmt":"2026-02-11T13:58:36","guid":{"rendered":"https:\/\/baldumarket.lt\/product\/topper-xfoam-100x200-cm-pianka-xfoam-6-cm-zdejmowany-pokrowiec-h3-comforteo\/"},"modified":"2026-02-11T16:58:39","modified_gmt":"2026-02-11T13:58:39","slug":"topper-xfoam-100x200-cm-pianka-xfoam-6-cm-zdejmowany-pokrowiec-h3-comforteo","status":"publish","type":"product","link":"https:\/\/baldumarket.lt\/lt\/product\/topper-xfoam-100x200-cm-pianka-xfoam-6-cm-zdejmowany-pokrowiec-h3-comforteo\/","title":{"rendered":"Xfoam ant\u010diu\u017einis 100\u00d7200 cm, Xfoam putplastis, 6 cm, nuimamas u\u017evalkalas, H3, Comforteo"},"content":{"rendered":"<p>Ie\u0161kote paprasto b\u016bdo pagerinti miego komfort\u0105 ir prailginti \u010diu\u017einio tarnavimo laik\u0105? 6 cm storio XFOAM 100\u00d7200 cm putplas\u010dio u\u017etiesalas yra prakti\u0161kas ir ekonomi\u0161kas pasirinkimas, kuris akimirksniu padidina j\u016bs\u0173 lovos komfort\u0105. Jis puikiai tinka kaip putplas\u010dio u\u017etiesalas 100\u00d7200 cm \u010diu\u017einiui, suteikdamas elastingumo ir apsaugos sluoksn\u012f.<\/p>","protected":false},"excerpt":{"rendered":"<p>Plotis: 100 cm<br \/>\nIlgis: 200 cm<br \/>\nAuk\u0161tis: 6 cm<br \/>\nMiegamasis plotas: 100 \u00d7 200 cm<br \/>\n\u010ciu\u017einio tipas: Putplastis<\/p>","protected":false},"featured_media":218431,"comment_status":"open","ping_status":"open","template":"","meta":[],"product_brand":[],"product_cat":[7906,1099],"product_tag":[],"class_list":{"0":"post-218430","1":"product","2":"type-product","3":"status-publish","4":"has-post-thumbnail","6":"product_cat-comforteo","7":"product_cat-mattresses","9":"first","10":"instock","11":"purchasable","12":"product-type-simple"},"_links":{"self":[{"href":"https:\/\/baldumarket.lt\/lt\/wp-json\/wp\/v2\/product\/218430","targetHints":{"allow":["GET"]}}],"collection":[{"href":"https:\/\/baldumarket.lt\/lt\/wp-json\/wp\/v2\/product"}],"about":[{"href":"https:\/\/baldumarket.lt\/lt\/wp-json\/wp\/v2\/types\/product"}],"replies":[{"embeddable":true,"href":"https:\/\/baldumarket.lt\/lt\/wp-json\/wp\/v2\/comments?post=218430"}],"wp:featuredmedia":[{"embeddable":true,"href":"https:\/\/baldumarket.lt\/lt\/wp-json\/wp\/v2\/media\/218431"}],"wp:attachment":[{"href":"https:\/\/baldumarket.lt\/lt\/wp-json\/wp\/v2\/media?parent=218430"}],"wp:term":[{"taxonomy":"product_brand","embeddable":true,"href":"https:\/\/baldumarket.lt\/lt\/wp-json\/wp\/v2\/product_brand?post=218430"},{"taxonomy":"product_cat","embeddable":true,"href":"https:\/\/baldumarket.lt\/lt\/wp-json\/wp\/v2\/product_cat?post=218430"},{"taxonomy":"product_tag","embeddable":true,"href":"https:\/\/baldumarket.lt\/lt\/wp-json\/wp\/v2\/product_tag?post=218430"}],"curies":[{"name":"wp","href":"https:\/\/api.w.org\/{rel}","templated":true}]}}