{"id":218422,"date":"2026-02-11T16:58:34","date_gmt":"2026-02-11T13:58:34","guid":{"rendered":"https:\/\/baldumarket.lt\/product\/topper-xfoam-120x200-cm-pianka-xfoam-6-cm-zdejmowany-pokrowiec-h3-comforteo\/"},"modified":"2026-02-11T16:58:35","modified_gmt":"2026-02-11T13:58:35","slug":"topper-xfoam-120x200-cm-pianka-xfoam-6-cm-zdejmowany-pokrowiec-h3-comforteo","status":"publish","type":"product","link":"https:\/\/baldumarket.lt\/lt\/product\/topper-xfoam-120x200-cm-pianka-xfoam-6-cm-zdejmowany-pokrowiec-h3-comforteo\/","title":{"rendered":"Xfoam ant\u010diu\u017einis 120\u00d7200 cm, Xfoam putplastis, 6 cm, nuimamas u\u017evalkalas, H3, Comforteo"},"content":{"rendered":"<p>Paverskite bet kok\u012f \u010diu\u017ein\u012f patogia vieta atsipalaiduoti! 6 cm storio XFOAM 120\u00d7200 cm putplas\u010dio ant\u010diu\u017einis \u2013 tai sprendimas tiems, kurie nori pagerinti miego kokyb\u0119 nepirkdami naujo \u010diu\u017einio. Jis puikiai tinka kaip 120\u00d7200 cm putplas\u010dio ant\u010diu\u017einis miegamajame, jaunimo kambaryje ar ant sofos.<\/p>","protected":false},"excerpt":{"rendered":"<p>Plotis: 120 cm<br \/>\nIlgis: 200 cm<br \/>\nAuk\u0161tis: 6 cm<br \/>\nMiegamasis plotas: 120 \u00d7 200 cm<br \/>\n\u010ciu\u017einio tipas: Putplastis<\/p>","protected":false},"featured_media":218423,"comment_status":"open","ping_status":"open","template":"","meta":[],"product_brand":[],"product_cat":[7906,1099,1976],"product_tag":[],"class_list":{"0":"post-218422","1":"product","2":"type-product","3":"status-publish","4":"has-post-thumbnail","6":"product_cat-comforteo","7":"product_cat-mattresses","8":"product_cat-mattresses-120x200","10":"first","11":"instock","12":"purchasable","13":"product-type-simple"},"_links":{"self":[{"href":"https:\/\/baldumarket.lt\/lt\/wp-json\/wp\/v2\/product\/218422","targetHints":{"allow":["GET"]}}],"collection":[{"href":"https:\/\/baldumarket.lt\/lt\/wp-json\/wp\/v2\/product"}],"about":[{"href":"https:\/\/baldumarket.lt\/lt\/wp-json\/wp\/v2\/types\/product"}],"replies":[{"embeddable":true,"href":"https:\/\/baldumarket.lt\/lt\/wp-json\/wp\/v2\/comments?post=218422"}],"wp:featuredmedia":[{"embeddable":true,"href":"https:\/\/baldumarket.lt\/lt\/wp-json\/wp\/v2\/media\/218423"}],"wp:attachment":[{"href":"https:\/\/baldumarket.lt\/lt\/wp-json\/wp\/v2\/media?parent=218422"}],"wp:term":[{"taxonomy":"product_brand","embeddable":true,"href":"https:\/\/baldumarket.lt\/lt\/wp-json\/wp\/v2\/product_brand?post=218422"},{"taxonomy":"product_cat","embeddable":true,"href":"https:\/\/baldumarket.lt\/lt\/wp-json\/wp\/v2\/product_cat?post=218422"},{"taxonomy":"product_tag","embeddable":true,"href":"https:\/\/baldumarket.lt\/lt\/wp-json\/wp\/v2\/product_tag?post=218422"}],"curies":[{"name":"wp","href":"https:\/\/api.w.org\/{rel}","templated":true}]}}