{"id":218414,"date":"2026-02-11T16:58:32","date_gmt":"2026-02-11T13:58:32","guid":{"rendered":"https:\/\/baldumarket.lt\/product\/topper-xfoam-140x200-cm-pianka-xfoam-6-cm-zdejmowany-pokrowiec-h3-comforteo\/"},"modified":"2026-02-11T16:58:33","modified_gmt":"2026-02-11T13:58:33","slug":"topper-xfoam-140x200-cm-pianka-xfoam-6-cm-zdejmowany-pokrowiec-h3-comforteo","status":"publish","type":"product","link":"https:\/\/baldumarket.lt\/lt\/product\/topper-xfoam-140x200-cm-pianka-xfoam-6-cm-zdejmowany-pokrowiec-h3-comforteo\/","title":{"rendered":"Xfoam ant\u010diu\u017einis 140\u00d7200 cm, Xfoam putplastis, 6 cm, nuimamas u\u017evalkalas, H3, Comforteo"},"content":{"rendered":"<p>U\u017etikrinkite patog\u0173 mieg\u0105 nekeisdami \u010diu\u017einio! 6 cm storio XFOAM 140\u00d7200 cm putplas\u010dio ant\u010diu\u017einis yra prakti\u0161kas ir efektyvus b\u016bdas pagerinti savo poilsio kokyb\u0119. Jis puikiai veikia kaip 140\u00d7200 cm putplas\u010dio ant\u010diu\u017einis, suteikdamas papildom\u0105 komforto ir apsaugos sluoksn\u012f j\u016bs\u0173 miego pavir\u0161iui.<\/p>","protected":false},"excerpt":{"rendered":"<p>Plotis: 140 cm<br \/>\nIlgis: 200 cm<br \/>\nAuk\u0161tis: 6 cm<br \/>\nMiegamasis plotas: 140 \u00d7 200 cm<br \/>\n\u010ciu\u017einio tipas: Putplastis<\/p>","protected":false},"featured_media":218415,"comment_status":"open","ping_status":"open","template":"","meta":[],"product_brand":[],"product_cat":[7906,1099,1977],"product_tag":[],"class_list":{"0":"post-218414","1":"product","2":"type-product","3":"status-publish","4":"has-post-thumbnail","6":"product_cat-comforteo","7":"product_cat-mattresses","8":"product_cat-mattresses-140x200","10":"first","11":"instock","12":"purchasable","13":"product-type-simple"},"_links":{"self":[{"href":"https:\/\/baldumarket.lt\/lt\/wp-json\/wp\/v2\/product\/218414","targetHints":{"allow":["GET"]}}],"collection":[{"href":"https:\/\/baldumarket.lt\/lt\/wp-json\/wp\/v2\/product"}],"about":[{"href":"https:\/\/baldumarket.lt\/lt\/wp-json\/wp\/v2\/types\/product"}],"replies":[{"embeddable":true,"href":"https:\/\/baldumarket.lt\/lt\/wp-json\/wp\/v2\/comments?post=218414"}],"wp:featuredmedia":[{"embeddable":true,"href":"https:\/\/baldumarket.lt\/lt\/wp-json\/wp\/v2\/media\/218415"}],"wp:attachment":[{"href":"https:\/\/baldumarket.lt\/lt\/wp-json\/wp\/v2\/media?parent=218414"}],"wp:term":[{"taxonomy":"product_brand","embeddable":true,"href":"https:\/\/baldumarket.lt\/lt\/wp-json\/wp\/v2\/product_brand?post=218414"},{"taxonomy":"product_cat","embeddable":true,"href":"https:\/\/baldumarket.lt\/lt\/wp-json\/wp\/v2\/product_cat?post=218414"},{"taxonomy":"product_tag","embeddable":true,"href":"https:\/\/baldumarket.lt\/lt\/wp-json\/wp\/v2\/product_tag?post=218414"}],"curies":[{"name":"wp","href":"https:\/\/api.w.org\/{rel}","templated":true}]}}