{"id":218394,"date":"2026-02-11T16:58:27","date_gmt":"2026-02-11T13:58:27","guid":{"rendered":"https:\/\/baldumarket.lt\/product\/topper-xfoam-200x200-cm-pianka-xfoam-4-cm-zdejmowany-pokrowiec-h3-comforteo\/"},"modified":"2026-02-11T16:58:28","modified_gmt":"2026-02-11T13:58:28","slug":"topper-xfoam-200x200-cm-pianka-xfoam-4-cm-zdejmowany-pokrowiec-h3-comforteo","status":"publish","type":"product","link":"https:\/\/baldumarket.lt\/lt\/product\/topper-xfoam-200x200-cm-pianka-xfoam-4-cm-zdejmowany-pokrowiec-h3-comforteo\/","title":{"rendered":"Xfoam ant\u010diu\u017einis 200\u00d7200 cm, Xfoam putplastis, 4 cm, nuimamas u\u017evalkalas, H3, Comforteo"},"content":{"rendered":"<p>Norite pagerinti miego kokyb\u0119 ir prailginti \u010diu\u017einio tarnavimo laik\u0105? 4 cm storio XFOAM 200\u00d7200 cm putplas\u010dio u\u017etiesalas yra funkcionalus sprendimas, kuris padidina komfort\u0105, skatina higien\u0105 ir apsaugo \u010diu\u017ein\u012f nuo d\u0117mi\u0173.<\/p>","protected":false},"excerpt":{"rendered":"<p>Plotis: 200 cm<br \/>\nIlgis: 200 cm<br \/>\nAuk\u0161tis: 4 cm<br \/>\nMiegamasis plotas: 200 \u00d7 200 cm<br \/>\n\u010ciu\u017einio tipas: Putplastis<\/p>","protected":false},"featured_media":218395,"comment_status":"open","ping_status":"open","template":"","meta":[],"product_brand":[],"product_cat":[7906,1099,9144],"product_tag":[],"class_list":{"0":"post-218394","1":"product","2":"type-product","3":"status-publish","4":"has-post-thumbnail","6":"product_cat-comforteo","7":"product_cat-mattresses","8":"product_cat-mattresses-200x200","10":"first","11":"instock","12":"purchasable","13":"product-type-simple"},"_links":{"self":[{"href":"https:\/\/baldumarket.lt\/lt\/wp-json\/wp\/v2\/product\/218394","targetHints":{"allow":["GET"]}}],"collection":[{"href":"https:\/\/baldumarket.lt\/lt\/wp-json\/wp\/v2\/product"}],"about":[{"href":"https:\/\/baldumarket.lt\/lt\/wp-json\/wp\/v2\/types\/product"}],"replies":[{"embeddable":true,"href":"https:\/\/baldumarket.lt\/lt\/wp-json\/wp\/v2\/comments?post=218394"}],"wp:featuredmedia":[{"embeddable":true,"href":"https:\/\/baldumarket.lt\/lt\/wp-json\/wp\/v2\/media\/218395"}],"wp:attachment":[{"href":"https:\/\/baldumarket.lt\/lt\/wp-json\/wp\/v2\/media?parent=218394"}],"wp:term":[{"taxonomy":"product_brand","embeddable":true,"href":"https:\/\/baldumarket.lt\/lt\/wp-json\/wp\/v2\/product_brand?post=218394"},{"taxonomy":"product_cat","embeddable":true,"href":"https:\/\/baldumarket.lt\/lt\/wp-json\/wp\/v2\/product_cat?post=218394"},{"taxonomy":"product_tag","embeddable":true,"href":"https:\/\/baldumarket.lt\/lt\/wp-json\/wp\/v2\/product_tag?post=218394"}],"curies":[{"name":"wp","href":"https:\/\/api.w.org\/{rel}","templated":true}]}}