{"id":218390,"date":"2026-02-11T16:58:26","date_gmt":"2026-02-11T13:58:26","guid":{"rendered":"https:\/\/baldumarket.lt\/product\/topper-xfoam-200x200-cm-pianka-xfoam-6-cm-zdejmowany-pokrowiec-h3-comforteo\/"},"modified":"2026-02-11T16:58:27","modified_gmt":"2026-02-11T13:58:27","slug":"topper-xfoam-200x200-cm-pianka-xfoam-6-cm-zdejmowany-pokrowiec-h3-comforteo","status":"publish","type":"product","link":"https:\/\/baldumarket.lt\/lt\/product\/topper-xfoam-200x200-cm-pianka-xfoam-6-cm-zdejmowany-pokrowiec-h3-comforteo\/","title":{"rendered":"Xfoam ant\u010diu\u017einis 200\u00d7200 cm, Xfoam putplastis, 6 cm, nuimamas u\u017evalkalas, H3, Comforteo"},"content":{"rendered":"<p>M\u0117gaukit\u0117s visi\u0161ku atsipalaidavimu maksimalioje erdv\u0117je! XFOAM 200 \u00d7 200 cm 6 cm putplas\u010dio u\u017etiesalas puikiai tinka didel\u0117ms \u0161eimynin\u0117ms lovoms ir kontinentin\u0117ms lovoms. \u0160is 200 \u00d7 200 cm putplas\u010dio u\u017etiesalas i\u0161lygina \u010diu\u017einio pavir\u0161i\u0173, padidina miego komfort\u0105 ir efektyviai apsaugo \u010diu\u017einio pagrind\u0105 nuo purvo ir nusid\u0117v\u0117jimo. Tai prakti\u0161kas ir prieinamas sprendimas i\u0161rankiems vartotojams.<\/p>","protected":false},"excerpt":{"rendered":"<p>Plotis: 200 cm<br \/>\nIlgis: 200 cm<br \/>\nAuk\u0161tis: 6 cm<br \/>\nMiegamasis plotas: 200 \u00d7 200 cm<br \/>\n\u010ciu\u017einio tipas: Putplastis<\/p>","protected":false},"featured_media":218391,"comment_status":"open","ping_status":"open","template":"","meta":[],"product_brand":[],"product_cat":[7906,1099,9144],"product_tag":[],"class_list":{"0":"post-218390","1":"product","2":"type-product","3":"status-publish","4":"has-post-thumbnail","6":"product_cat-comforteo","7":"product_cat-mattresses","8":"product_cat-mattresses-200x200","10":"first","11":"instock","12":"purchasable","13":"product-type-simple"},"_links":{"self":[{"href":"https:\/\/baldumarket.lt\/lt\/wp-json\/wp\/v2\/product\/218390","targetHints":{"allow":["GET"]}}],"collection":[{"href":"https:\/\/baldumarket.lt\/lt\/wp-json\/wp\/v2\/product"}],"about":[{"href":"https:\/\/baldumarket.lt\/lt\/wp-json\/wp\/v2\/types\/product"}],"replies":[{"embeddable":true,"href":"https:\/\/baldumarket.lt\/lt\/wp-json\/wp\/v2\/comments?post=218390"}],"wp:featuredmedia":[{"embeddable":true,"href":"https:\/\/baldumarket.lt\/lt\/wp-json\/wp\/v2\/media\/218391"}],"wp:attachment":[{"href":"https:\/\/baldumarket.lt\/lt\/wp-json\/wp\/v2\/media?parent=218390"}],"wp:term":[{"taxonomy":"product_brand","embeddable":true,"href":"https:\/\/baldumarket.lt\/lt\/wp-json\/wp\/v2\/product_brand?post=218390"},{"taxonomy":"product_cat","embeddable":true,"href":"https:\/\/baldumarket.lt\/lt\/wp-json\/wp\/v2\/product_cat?post=218390"},{"taxonomy":"product_tag","embeddable":true,"href":"https:\/\/baldumarket.lt\/lt\/wp-json\/wp\/v2\/product_tag?post=218390"}],"curies":[{"name":"wp","href":"https:\/\/api.w.org\/{rel}","templated":true}]}}