{"id":218386,"date":"2026-02-11T16:58:25","date_gmt":"2026-02-11T13:58:25","guid":{"rendered":"https:\/\/baldumarket.lt\/product\/topper-xfoam-80x200-cm-pianka-xfoam-4-cm-zdejmowany-pokrowiec-h3-comforteo\/"},"modified":"2026-02-11T16:58:26","modified_gmt":"2026-02-11T13:58:26","slug":"topper-xfoam-80x200-cm-pianka-xfoam-4-cm-zdejmowany-pokrowiec-h3-comforteo","status":"publish","type":"product","link":"https:\/\/baldumarket.lt\/lt\/product\/topper-xfoam-80x200-cm-pianka-xfoam-4-cm-zdejmowany-pokrowiec-h3-comforteo\/","title":{"rendered":"Xfoam ant\u010diu\u017einis 80\u00d7200 cm, Xfoam putplastis, 4 cm, nuimamas u\u017evalkalas, H3, Comforteo"},"content":{"rendered":"<p>Pakeiskite savo lov\u0105 per kelias sekundes! XFOAM 80\u00d7200 cm 4 cm putplas\u010dio u\u017etiesalas yra prieinamas ir funkcionalus sprendimas, pagerinantis miego komfort\u0105, apsaugantis \u010diu\u017ein\u012f nuo d\u0117mi\u0173 ir u\u017etikrinantis geresn\u0119 higien\u0105. Tai puikus pasirinkimas tiems, kurie vertina prakti\u0161kum\u0105 ir komfort\u0105.<\/p>","protected":false},"excerpt":{"rendered":"<p>Plotis: 80 cm<br \/>\nIlgis: 200 cm<br \/>\nAuk\u0161tis: 4 cm<br \/>\nMiegamoji erdv\u0117: 80 \u00d7 200 cm<br \/>\n\u010ciu\u017einio tipas: Putplastis<\/p>","protected":false},"featured_media":218387,"comment_status":"open","ping_status":"open","template":"","meta":[],"product_brand":[],"product_cat":[7906,1099],"product_tag":[],"class_list":{"0":"post-218386","1":"product","2":"type-product","3":"status-publish","4":"has-post-thumbnail","6":"product_cat-comforteo","7":"product_cat-mattresses","9":"first","10":"instock","11":"purchasable","12":"product-type-simple"},"_links":{"self":[{"href":"https:\/\/baldumarket.lt\/lt\/wp-json\/wp\/v2\/product\/218386","targetHints":{"allow":["GET"]}}],"collection":[{"href":"https:\/\/baldumarket.lt\/lt\/wp-json\/wp\/v2\/product"}],"about":[{"href":"https:\/\/baldumarket.lt\/lt\/wp-json\/wp\/v2\/types\/product"}],"replies":[{"embeddable":true,"href":"https:\/\/baldumarket.lt\/lt\/wp-json\/wp\/v2\/comments?post=218386"}],"wp:featuredmedia":[{"embeddable":true,"href":"https:\/\/baldumarket.lt\/lt\/wp-json\/wp\/v2\/media\/218387"}],"wp:attachment":[{"href":"https:\/\/baldumarket.lt\/lt\/wp-json\/wp\/v2\/media?parent=218386"}],"wp:term":[{"taxonomy":"product_brand","embeddable":true,"href":"https:\/\/baldumarket.lt\/lt\/wp-json\/wp\/v2\/product_brand?post=218386"},{"taxonomy":"product_cat","embeddable":true,"href":"https:\/\/baldumarket.lt\/lt\/wp-json\/wp\/v2\/product_cat?post=218386"},{"taxonomy":"product_tag","embeddable":true,"href":"https:\/\/baldumarket.lt\/lt\/wp-json\/wp\/v2\/product_tag?post=218386"}],"curies":[{"name":"wp","href":"https:\/\/api.w.org\/{rel}","templated":true}]}}