{"id":218378,"date":"2026-02-11T16:58:23","date_gmt":"2026-02-11T13:58:23","guid":{"rendered":"https:\/\/baldumarket.lt\/product\/topper-xfoam-90x200-cm-pianka-xfoam-4-cm-zdejmowany-pokrowiec-h3-comforteo\/"},"modified":"2026-02-11T16:58:24","modified_gmt":"2026-02-11T13:58:24","slug":"topper-xfoam-90x200-cm-pianka-xfoam-4-cm-zdejmowany-pokrowiec-h3-comforteo","status":"publish","type":"product","link":"https:\/\/baldumarket.lt\/lt\/product\/topper-xfoam-90x200-cm-pianka-xfoam-4-cm-zdejmowany-pokrowiec-h3-comforteo\/","title":{"rendered":"Xfoam ant\u010diu\u017einis 90\u00d7200 cm, Xfoam putplastis, 4 cm, nuimamas u\u017evalkalas, H3, Comforteo"},"content":{"rendered":"<p>U\u017etikrinkite savo lovos komfort\u0105 ir higien\u0105. XFOAM 90 \u00d7 200 cm (4 cm) putplas\u010dio u\u017etiesalas yra prakti\u0161kas sprendimas, gerinantis miego kokyb\u0119, apsaugantis \u010diu\u017ein\u012f ir didinantis komfort\u0105. Idealiai tinka miegantiems vienviet\u0117se, jaunesni\u0173j\u0173 ar sve\u010di\u0173 lovose.<\/p>","protected":false},"excerpt":{"rendered":"<p>Plotis: 90 cm<br \/>\nIlgis: 200 cm<br \/>\nAuk\u0161tis: 4 cm<br \/>\nMiegamoji erdv\u0117: 90 \u00d7 200 cm<br \/>\n\u010ciu\u017einio tipas: Putplastis<\/p>","protected":false},"featured_media":218379,"comment_status":"open","ping_status":"open","template":"","meta":[],"product_brand":[],"product_cat":[7906,1099,1975],"product_tag":[],"class_list":{"0":"post-218378","1":"product","2":"type-product","3":"status-publish","4":"has-post-thumbnail","6":"product_cat-comforteo","7":"product_cat-mattresses","8":"product_cat-mattresses-90x200","10":"first","11":"instock","12":"purchasable","13":"product-type-simple"},"_links":{"self":[{"href":"https:\/\/baldumarket.lt\/lt\/wp-json\/wp\/v2\/product\/218378","targetHints":{"allow":["GET"]}}],"collection":[{"href":"https:\/\/baldumarket.lt\/lt\/wp-json\/wp\/v2\/product"}],"about":[{"href":"https:\/\/baldumarket.lt\/lt\/wp-json\/wp\/v2\/types\/product"}],"replies":[{"embeddable":true,"href":"https:\/\/baldumarket.lt\/lt\/wp-json\/wp\/v2\/comments?post=218378"}],"wp:featuredmedia":[{"embeddable":true,"href":"https:\/\/baldumarket.lt\/lt\/wp-json\/wp\/v2\/media\/218379"}],"wp:attachment":[{"href":"https:\/\/baldumarket.lt\/lt\/wp-json\/wp\/v2\/media?parent=218378"}],"wp:term":[{"taxonomy":"product_brand","embeddable":true,"href":"https:\/\/baldumarket.lt\/lt\/wp-json\/wp\/v2\/product_brand?post=218378"},{"taxonomy":"product_cat","embeddable":true,"href":"https:\/\/baldumarket.lt\/lt\/wp-json\/wp\/v2\/product_cat?post=218378"},{"taxonomy":"product_tag","embeddable":true,"href":"https:\/\/baldumarket.lt\/lt\/wp-json\/wp\/v2\/product_tag?post=218378"}],"curies":[{"name":"wp","href":"https:\/\/api.w.org\/{rel}","templated":true}]}}