{"id":218360,"date":"2025-12-27T16:00:55","date_gmt":"2025-12-27T13:00:55","guid":{"rendered":"https:\/\/baldumarket.lt\/?post_type=product&#038;p=218360"},"modified":"2026-03-24T18:48:03","modified_gmt":"2026-03-24T15:48:03","slug":"lozko-z-pojemnikiem-danae-180-gr2","status":"publish","type":"product","link":"https:\/\/baldumarket.lt\/lt\/product\/lozko-z-pojemnikiem-danae-180-gr2\/","title":{"rendered":"Lova su konteineriu DANAE 180 Gr2"},"content":{"rendered":"<p>CLEO lova su daiktad\u0117\u017ee<br \/>\n\u00a0\u00a0<br \/>\nMatmenys:<br \/>\n\u2013 Ilgis: 225 cm<br \/>\n\u2013 Plotis: 166 \/ 186 \/ 206 cm<br \/>\n\u2013 \u016agis: 123 cm<br \/>\n\u2013 D\u0117\u017eut\u0117s auk\u0161tis: 47 cm<br \/>\n\u2013 Kojel\u0117s auk\u0161tis: 16 cm<br \/>\n\u2013 Patalynei skirta vieta: 139 \/ 159 \/ 179 x 200 x 17 cm<br \/>\nGalimi miegam\u0173j\u0173 dyd\u017eiai:<br \/>\n\u2013 140 x 200 cm<br \/>\n\u2013 160 x 200 cm<br \/>\n\u2013 180 x 200 cm<br \/>\nMed\u017eiaga:<br \/>\n\u2013 Galv\u016bgalio konstrukcija: pu\u0161ies mediena, MDF plok\u0161t\u0117, med\u017eio dro\u017eli\u0173 plok\u0161t\u0117, fanera, apmu\u0161al\u0173 kartonas<br \/>\n\u2013 Koj\u016bgalio ir \u0161on\u0173 konstrukcija: MDF plok\u0161t\u0117, T16\/20 putplastis<br \/>\n\u2013 R\u0117mas: metalinis r\u0117mas su spyruoklin\u0117mis lentjuost\u0117mis (48 vnt.), keliamas i\u0161 apa\u010dios<br \/>\n\u2013 Keliamoji galia: dujin\u0117 (1000 N)<br \/>\n\u2013 kojos: metalin\u0117s, plastikin\u0117s<br \/>\nSavyb\u0117s:<br \/>\n\u2013 galima \u012fsigyti i\u0161 plataus audini\u0173 asortimento<br \/>\n\u2013 r\u0117mas \u012ftrauktas<br \/>\n\u2013 maksimali patalyn\u0117s konteinerio apkrova: 7 kg<br \/>\n\u2013 \u010diu\u017einys ne\u012fskai\u010diuotas<\/p>","protected":false},"excerpt":{"rendered":"<p>CLEO lovos su daiktad\u0117\u017ee matmenys: \u2013 Ilgis: 225 cm \u2013 Plotis: 166 \/ 186 \/ 206 cm \u2013 Auk\u0161tis: 123 cm \u2013 D\u0117\u017e\u0117s auk\u0161tis: 47 cm \u2013 Kojeli\u0173 auk\u0161tis: 16 cm \u2013 Patalyn\u0117s vieta daiktams: 139 \/ 159 \/ 179 x 200 x 17 cm Galimi miegojimo dyd\u017eiai: \u2013 140 x 200 cm \u2013 160 [\u2026]<\/p>","protected":false},"featured_media":217620,"comment_status":"open","ping_status":"closed","template":"","meta":[],"product_brand":[],"product_cat":[9133],"product_tag":[],"class_list":{"0":"post-218360","1":"product","2":"type-product","3":"status-publish","4":"has-post-thumbnail","6":"product_cat-grouped","8":"first","9":"instock","10":"shipping-taxable","11":"purchasable","12":"product-type-variable","13":"wvs-archive-product-wrapper"},"_links":{"self":[{"href":"https:\/\/baldumarket.lt\/lt\/wp-json\/wp\/v2\/product\/218360","targetHints":{"allow":["GET"]}}],"collection":[{"href":"https:\/\/baldumarket.lt\/lt\/wp-json\/wp\/v2\/product"}],"about":[{"href":"https:\/\/baldumarket.lt\/lt\/wp-json\/wp\/v2\/types\/product"}],"replies":[{"embeddable":true,"href":"https:\/\/baldumarket.lt\/lt\/wp-json\/wp\/v2\/comments?post=218360"}],"wp:featuredmedia":[{"embeddable":true,"href":"https:\/\/baldumarket.lt\/lt\/wp-json\/wp\/v2\/media\/217620"}],"wp:attachment":[{"href":"https:\/\/baldumarket.lt\/lt\/wp-json\/wp\/v2\/media?parent=218360"}],"wp:term":[{"taxonomy":"product_brand","embeddable":true,"href":"https:\/\/baldumarket.lt\/lt\/wp-json\/wp\/v2\/product_brand?post=218360"},{"taxonomy":"product_cat","embeddable":true,"href":"https:\/\/baldumarket.lt\/lt\/wp-json\/wp\/v2\/product_cat?post=218360"},{"taxonomy":"product_tag","embeddable":true,"href":"https:\/\/baldumarket.lt\/lt\/wp-json\/wp\/v2\/product_tag?post=218360"}],"curies":[{"name":"wp","href":"https:\/\/api.w.org\/{rel}","templated":true}]}}