{"id":218319,"date":"2025-12-27T04:29:11","date_gmt":"2025-12-27T01:29:11","guid":{"rendered":"https:\/\/baldumarket.lt\/?post_type=product&#038;p=218319"},"modified":"2026-02-03T23:12:55","modified_gmt":"2026-02-03T20:12:55","slug":"sofa-3-osobowa-rozkladana-selene","status":"publish","type":"product","link":"https:\/\/baldumarket.lt\/lt\/product\/sofa-3-osobowa-rozkladana-selene\/","title":{"rendered":"SELENE triviet\u0117 sofa-lova"},"content":{"rendered":"<p>SELENE triviet\u0117 sofa-lova<br \/>\nMatmenys:<br \/>\n\u2013 Plotis: 242 cm<br \/>\n\u2013 Gylis: 115 cm<br \/>\n\u2013 Auk\u0161tis: 89\/70 cm<br \/>\n\u2013 S\u0117dyn\u0117s gylis: 91\/67 cm<br \/>\n\u2013 S\u0117dyn\u0117s auk\u0161tis: 45 cm<br \/>\n\u2013 Miegamoji erdv\u0117: 140 \u00d7 190 cm<br \/>\nSavyb\u0117s ir dizainas:<br \/>\n\u2013 R\u0117mas: buko mediena, pu\u0161ies mediena, med\u017eio dro\u017eli\u0173 plok\u0161t\u0117, fanera, pluo\u0161to plok\u0161t\u0117, MDF plok\u0161t\u0117, apmu\u0161al\u0173 kartonas<br \/>\n\u2013 S\u0117dyn\u0117: elastingas dir\u017eas, T28\/30 putplastis, silikonas<br \/>\n\u2013 Miego funkcija (atlo\u0161as): elastingas dir\u017eas, T16\/20 putplastis<br \/>\n\u2013 Atlo\u0161as: T16\/20 putplastis<br \/>\n\u2013 \u0160onai: T16\/20 putplastis<br \/>\n\u2013 Atlo\u0161o pagalv\u0117l\u0117s: silikonas<br \/>\n\u2013 Kojel\u0117s: metalas, plastikas<br \/>\n\u2013 Miego funkcija: DL<br \/>\nSvoris: 85 kg<\/p>","protected":false},"excerpt":{"rendered":"<p>SELENE triviet\u0117s sofos-lovos matmenys: \u2013 Plotis: 242 cm \u2013 Gylis: 115 cm \u2013 Auk\u0161tis: 89\/70 cm \u2013 S\u0117dyn\u0117s gylis: 91\/67 cm \u2013 S\u0117dyn\u0117s auk\u0161tis: 45 cm \u2013 Miegamoji erdv\u0117: 140 \u00d7 190 cm Savyb\u0117s ir dizainas: \u2013 R\u0117mas: buko mediena, pu\u0161ies mediena, med\u017eio dro\u017eli\u0173 plok\u0161t\u0117, fanera, pluo\u0161to plok\u0161t\u0117, MDF plok\u0161t\u0117, apmu\u0161al\u0173 kartonas \u2013 S\u0117dyn\u0117: elastingas dir\u017eas, T28\/30 putplastis, silikonas [\u2026]<\/p>","protected":false},"featured_media":218320,"comment_status":"open","ping_status":"closed","template":"","meta":[],"product_brand":[],"product_cat":[7905,560],"product_tag":[],"class_list":{"0":"post-218319","1":"product","2":"type-product","3":"status-publish","4":"has-post-thumbnail","6":"product_cat-benix","7":"product_cat-sofas-and-couches","9":"first","10":"instock","11":"shipping-taxable","12":"product-type-grouped"},"_links":{"self":[{"href":"https:\/\/baldumarket.lt\/lt\/wp-json\/wp\/v2\/product\/218319","targetHints":{"allow":["GET"]}}],"collection":[{"href":"https:\/\/baldumarket.lt\/lt\/wp-json\/wp\/v2\/product"}],"about":[{"href":"https:\/\/baldumarket.lt\/lt\/wp-json\/wp\/v2\/types\/product"}],"replies":[{"embeddable":true,"href":"https:\/\/baldumarket.lt\/lt\/wp-json\/wp\/v2\/comments?post=218319"}],"wp:featuredmedia":[{"embeddable":true,"href":"https:\/\/baldumarket.lt\/lt\/wp-json\/wp\/v2\/media\/218320"}],"wp:attachment":[{"href":"https:\/\/baldumarket.lt\/lt\/wp-json\/wp\/v2\/media?parent=218319"}],"wp:term":[{"taxonomy":"product_brand","embeddable":true,"href":"https:\/\/baldumarket.lt\/lt\/wp-json\/wp\/v2\/product_brand?post=218319"},{"taxonomy":"product_cat","embeddable":true,"href":"https:\/\/baldumarket.lt\/lt\/wp-json\/wp\/v2\/product_cat?post=218319"},{"taxonomy":"product_tag","embeddable":true,"href":"https:\/\/baldumarket.lt\/lt\/wp-json\/wp\/v2\/product_tag?post=218319"}],"curies":[{"name":"wp","href":"https:\/\/api.w.org\/{rel}","templated":true}]}}