{"id":218292,"date":"2025-12-27T04:27:51","date_gmt":"2025-12-27T01:27:51","guid":{"rendered":"https:\/\/baldumarket.lt\/?post_type=product&#038;p=218292"},"modified":"2026-02-03T23:12:55","modified_gmt":"2026-02-03T20:12:55","slug":"promocja-naroznik-luton-tkanina-barrel-whisper","status":"publish","type":"product","link":"https:\/\/baldumarket.lt\/lt\/product\/promocja-naroznik-luton-tkanina-barrel-whisper\/","title":{"rendered":"AKCIJA &#8211; LUTON kampin\u0117 sofa &#8211; audinys Barrel\/Whisper"},"content":{"rendered":"<p>SPECIALUS PASI\u016aLYMAS \u2013 LUTON kampin\u0117 sofa \u2013 audinys \u201eBarrel\u201c \/ \u201eWhisper\u201c<br \/>\nKampin\u0117s sofos su \u201eBarrel\u201c \/ \u201eWhisper\u201c apmu\u0161alais kaina<br \/>\nLUTON \u2013 tai kampin\u0117 sofa, sukurta atsi\u017evelgiant \u012f unikal\u0173 dizain\u0105 ir patog\u0173 s\u0117d\u0117jim\u0105. \u0160is baldas \u017eavi stilinga, stabilia konstrukcija ir auk\u0161tos kokyb\u0117s apdaila. Dviguba s\u0117dyn\u0117 yra padalinta \u012f kelis kvadratinius modulius, kurie kartu su dvigubais atlo\u0161ais sukuria labai i\u0161skirtin\u012f derin\u012f. \u0160is modelis taip pat pasi\u017eymi vingiuota spyruokline s\u0117dyne ir reguliuojamomis galvos atramomis. LUTON taip pat si\u016blo miegojimo zon\u0105, kuri\u0105 galima prailginti naudojant delfin\u0173 sistem\u0105. Prakti\u0161kas patalyn\u0117s skyrius ir miegojimo funkcija daro \u0161i\u0105 kampin\u0119 sof\u0105 puikiu papildymu ma\u017euose butuose.<br \/>\nMatmenys:<br \/>\n\u2013 plotis: 275\/225 cm<br \/>\n\u2013 auk\u0161tis: 71\/85 cm<br \/>\n\u2013 gylis: 102 cm<br \/>\n\u2013 miegamosios dalies matmenys: 125 \u00d7 200 cm<br \/>\nSavyb\u0117s:<br \/>\n\u2013 vingiuota spyruokl\u0117<br \/>\n\u2013 medinis r\u0117mas + med\u017eio dro\u017eli\u0173 plok\u0161t\u0117<br \/>\n\u2013 reguliuojamos galvos atramos<br \/>\n\u2013 porankis vienoje pus\u0117je<br \/>\n\u2013 miego funkcija<br \/>\n\u2013 patalyn\u0117s laikymo vieta<br \/>\n\u2013 metalin\u0117s kojel\u0117s<br \/>\n\u2013 laisvai stovinti kampin\u0117 sofa<br \/>\nDvi dekoratyvin\u0117s pagalv\u0117l\u0117s \u012f komplekt\u0105 ne\u012feina.<br \/>\nKampin\u0117 sofa turi \u201edolphin\u201c prailginimo sistem\u0105 \u2013 ve\u017eim\u0117l\u012f, kuris i\u0161slysta i\u0161 po s\u0117dyn\u0117s.<br \/>\nDerinant spalvas viename modelyje, bus pateikta individuali kainos pasi\u016blymas. Pra\u0161ome atsi\u0173sti mums u\u017eklaus\u0105.<\/p>","protected":false},"excerpt":{"rendered":"<p>SPECIALUS PASI\u016aLYMAS \u2013 LUTON kampin\u0117 sofa \u2013 \u201eBarrel\u201c \/ \u201eWhisper\u201c audinys. Kampin\u0117s sofos su \u201eBarrel\u201c \/ \u201eWhisper\u201c apmu\u0161alais kaina. LUTON \u2013 tai kampin\u0117 sofa, sukurta atsi\u017evelgiant \u012f unikal\u0173 dizain\u0105 ir patogi\u0105 s\u0117d\u0117jimo viet\u0105. \u0160is baldas \u017eavi stilinga, stabilia konstrukcija ir auk\u0161tos kokyb\u0117s apdaila. Dvigul\u0117 s\u0117dyn\u0117 padalinta \u012f kelis kvadratinius modulius, [\u2026]<\/p>","protected":false},"featured_media":218309,"comment_status":"open","ping_status":"closed","template":"","meta":[],"product_brand":[],"product_cat":[7905,616,1983],"product_tag":[],"class_list":{"0":"post-218292","1":"product","2":"type-product","3":"status-publish","4":"has-post-thumbnail","6":"product_cat-benix","7":"product_cat-corners","8":"product_cat-corners-l","10":"first","11":"instock","12":"shipping-taxable","13":"product-type-grouped"},"_links":{"self":[{"href":"https:\/\/baldumarket.lt\/lt\/wp-json\/wp\/v2\/product\/218292","targetHints":{"allow":["GET"]}}],"collection":[{"href":"https:\/\/baldumarket.lt\/lt\/wp-json\/wp\/v2\/product"}],"about":[{"href":"https:\/\/baldumarket.lt\/lt\/wp-json\/wp\/v2\/types\/product"}],"replies":[{"embeddable":true,"href":"https:\/\/baldumarket.lt\/lt\/wp-json\/wp\/v2\/comments?post=218292"}],"wp:featuredmedia":[{"embeddable":true,"href":"https:\/\/baldumarket.lt\/lt\/wp-json\/wp\/v2\/media\/218309"}],"wp:attachment":[{"href":"https:\/\/baldumarket.lt\/lt\/wp-json\/wp\/v2\/media?parent=218292"}],"wp:term":[{"taxonomy":"product_brand","embeddable":true,"href":"https:\/\/baldumarket.lt\/lt\/wp-json\/wp\/v2\/product_brand?post=218292"},{"taxonomy":"product_cat","embeddable":true,"href":"https:\/\/baldumarket.lt\/lt\/wp-json\/wp\/v2\/product_cat?post=218292"},{"taxonomy":"product_tag","embeddable":true,"href":"https:\/\/baldumarket.lt\/lt\/wp-json\/wp\/v2\/product_tag?post=218292"}],"curies":[{"name":"wp","href":"https:\/\/api.w.org\/{rel}","templated":true}]}}