{"id":218270,"date":"2025-12-27T04:26:37","date_gmt":"2025-12-27T01:26:37","guid":{"rendered":"https:\/\/baldumarket.lt\/?post_type=product&#038;p=218270"},"modified":"2026-03-24T12:18:36","modified_gmt":"2026-03-24T09:18:36","slug":"naroznik-rozkladany-elena-gr6","status":"publish","type":"product","link":"https:\/\/baldumarket.lt\/lt\/product\/naroznik-rozkladany-elena-gr6\/","title":{"rendered":"ELENA Gr6 i\u0161skleid\u017eiama kampin\u0117 sofa"},"content":{"rendered":"<p>ELENA i\u0161skleid\u017eiama kampin\u0117 sofa<br \/>\n\u00a0\u00a0<br \/>\nMatmenys:<br \/>\n\u2013 plotis: 251 cm<br \/>\n\u2013 gylis: 203 cm<br \/>\n\u2013 auk\u0161tis: 70\/90 cm<br \/>\n\u2013 s\u0117dyn\u0117s gylis: 58 cm<br \/>\n\u2013 s\u0117dyn\u0117s auk\u0161tis: 43 cm<br \/>\n\u2013 miegamoji erdv\u0117: 121 x 185 cm<br \/>\n\u2013 patalyn\u0117s skyriaus matmenys: 186 x 83 x 17 cm<br \/>\nSavyb\u0117s ir konstrukcija:<br \/>\n\u2013 r\u0117mas: pu\u0161ies mediena, buko mediena, med\u017eio dro\u017eli\u0173 plok\u0161t\u0117, medienos plau\u0161\u0173 plok\u0161t\u0117, apmu\u0161al\u0173 kartonas, fanera<br \/>\n\u2013 s\u0117dyn\u0117: A tipo zigzago spyruokl\u0117s, T28\/30 putplastis<br \/>\n\u2013 miegojimo funkcija (ve\u017eim\u0117lis): T25\/42 putplastis<br \/>\n\u2013 atlo\u0161as: T18\/30 putplastis<br \/>\n\u2013 \u0161onin\u0117 panel\u0117: T16\/20 putplastis<br \/>\n\u2013 galvos atrama: T18\/30 putplastis<br \/>\n\u2013 kojos: metalin\u0117s, plastikin\u0117s<br \/>\n\u2013 miegojimo funkcija, tipas Delfin<br \/>\n\u2013 1 patalyn\u0117s sand\u0117liavimo spintel\u0117<br \/>\n\u2013 3 reguliuojamos galvos atramos<br \/>\n\u2013 Galima \u012fsigyti i\u0161 plataus audini\u0173 asortimento<br \/>\nSvoris: 104,6 kg<\/p>","protected":false},"excerpt":{"rendered":"<p>ELENA i\u0161skleid\u017eiama kampin\u0117 sofa Matmenys: \u2013 plotis: 251 cm \u2013 gylis: 203 cm \u2013 auk\u0161tis: 70\/90 cm \u2013 s\u0117dyn\u0117s gylis: 58 cm \u2013 s\u0117dyn\u0117s auk\u0161tis: 43 cm \u2013 miegamoji dalis: 121 x 185 cm \u2013 patalyn\u0117s skyrius: 186 x 83 x 17 cm Savyb\u0117s ir konstrukcija: \u2013 r\u0117mas: pu\u0161ies mediena, buko mediena, med\u017eio dro\u017eli\u0173 plok\u0161t\u0117, pluo\u0161to plok\u0161t\u0117, [\u2026]<\/p>","protected":false},"featured_media":218297,"comment_status":"open","ping_status":"closed","template":"","meta":[],"product_brand":[],"product_cat":[9133],"product_tag":[],"class_list":{"0":"post-218270","1":"product","2":"type-product","3":"status-publish","4":"has-post-thumbnail","6":"product_cat-grouped","8":"first","9":"instock","10":"shipping-taxable","11":"purchasable","12":"product-type-variable","13":"wvs-archive-product-wrapper"},"_links":{"self":[{"href":"https:\/\/baldumarket.lt\/lt\/wp-json\/wp\/v2\/product\/218270","targetHints":{"allow":["GET"]}}],"collection":[{"href":"https:\/\/baldumarket.lt\/lt\/wp-json\/wp\/v2\/product"}],"about":[{"href":"https:\/\/baldumarket.lt\/lt\/wp-json\/wp\/v2\/types\/product"}],"replies":[{"embeddable":true,"href":"https:\/\/baldumarket.lt\/lt\/wp-json\/wp\/v2\/comments?post=218270"}],"wp:featuredmedia":[{"embeddable":true,"href":"https:\/\/baldumarket.lt\/lt\/wp-json\/wp\/v2\/media\/218297"}],"wp:attachment":[{"href":"https:\/\/baldumarket.lt\/lt\/wp-json\/wp\/v2\/media?parent=218270"}],"wp:term":[{"taxonomy":"product_brand","embeddable":true,"href":"https:\/\/baldumarket.lt\/lt\/wp-json\/wp\/v2\/product_brand?post=218270"},{"taxonomy":"product_cat","embeddable":true,"href":"https:\/\/baldumarket.lt\/lt\/wp-json\/wp\/v2\/product_cat?post=218270"},{"taxonomy":"product_tag","embeddable":true,"href":"https:\/\/baldumarket.lt\/lt\/wp-json\/wp\/v2\/product_tag?post=218270"}],"curies":[{"name":"wp","href":"https:\/\/api.w.org\/{rel}","templated":true}]}}