{"id":218259,"date":"2025-12-27T04:25:52","date_gmt":"2025-12-27T01:25:52","guid":{"rendered":"https:\/\/baldumarket.lt\/?post_type=product&#038;p=218259"},"modified":"2026-02-03T23:12:57","modified_gmt":"2026-02-03T20:12:57","slug":"naroznik-grenada","status":"publish","type":"product","link":"https:\/\/baldumarket.lt\/lt\/product\/naroznik-grenada\/","title":{"rendered":"GRENADOS kampelis"},"content":{"rendered":"<p>GRENADA kampin\u0117 sofa<br \/>\nI\u0161skirtin\u0117 \u201eGrenada\u201c kampin\u0117 sofa \u2013 puikus pasirinkimas ie\u0161kantiems unikalaus dizaino ir auk\u0161to funkcionalumo bald\u0173. Be to, \u0161\u012f model\u012f galima laisvai suasmeninti pagal j\u016bs\u0173 pageidavimus \u2013 \u012fskaitant apmu\u0161al\u0173, koj\u0173 spalvos ir baldo \u0161on\u0173 pasirinkim\u0105. \u201eGrenada\u201c kampin\u0117 sofa apr\u016bpinta daugybe patogum\u0173, kurie teigiamai veikia kasdien\u012f jos naudojim\u0105. Tai atsipalaidavimo funkcija, reguliuojamas galvos atramos kampas ir elektrinis s\u0117dyn\u0117s reguliavimas. I\u0161skirtin\u0117s si\u016bl\u0117s visame balde ir auk\u0161tos kojel\u0117s, suteikian\u010dios vizualinio lengvumo, suteikia visam baldui i\u0161ties eleganti\u0161k\u0105 charakter\u012f. Matmenys:<br \/>\n\u2013 Plotis: 276\u2013284 \/ 226\u2013234 cm<br \/>\n\u2013 \u016agis: 89\u2013107 cm<br \/>\n\u2013 Gylis: 109 cm<br \/>\nSavyb\u0117s ir konstrukcija:<br \/>\n\u2013 Zigzago spyruokl\u0117<br \/>\n\u2013 Labai elastingas putplastis<br \/>\n\u2013 Kampin\u0117 sofa su poilsio funkcija<br \/>\n\u2013 Reguliuojamas galvos atramos kampas<br \/>\n\u2013 Elektrinis s\u0117dyn\u0117s reguliavimas<\/p>","protected":false},"excerpt":{"rendered":"<p>GRENADA kampin\u0117 sofa I\u0161skirtin\u0117 \u201eGrenada\u201c kampin\u0117 sofa \u2013 puikus pasirinkimas ie\u0161kantiems unikalaus dizaino ir funkcionali\u0173 bald\u0173. Be to, \u0161\u012f model\u012f galima laisvai suasmeninti pagal j\u016bs\u0173 pageidavimus \u2013 \u012fskaitant apmu\u0161al\u0173, koj\u0173 spalvos ir baldo \u0161on\u0173 pasirinkim\u0105. \u201eGrenada\u201c kampin\u0117 sofa apr\u016bpinta [\u2026]<\/p>","protected":false},"featured_media":218277,"comment_status":"open","ping_status":"closed","template":"","meta":[],"product_brand":[],"product_cat":[7905,616,1983],"product_tag":[],"class_list":{"0":"post-218259","1":"product","2":"type-product","3":"status-publish","4":"has-post-thumbnail","6":"product_cat-benix","7":"product_cat-corners","8":"product_cat-corners-l","10":"first","11":"instock","12":"shipping-taxable","13":"product-type-grouped"},"_links":{"self":[{"href":"https:\/\/baldumarket.lt\/lt\/wp-json\/wp\/v2\/product\/218259","targetHints":{"allow":["GET"]}}],"collection":[{"href":"https:\/\/baldumarket.lt\/lt\/wp-json\/wp\/v2\/product"}],"about":[{"href":"https:\/\/baldumarket.lt\/lt\/wp-json\/wp\/v2\/types\/product"}],"replies":[{"embeddable":true,"href":"https:\/\/baldumarket.lt\/lt\/wp-json\/wp\/v2\/comments?post=218259"}],"wp:featuredmedia":[{"embeddable":true,"href":"https:\/\/baldumarket.lt\/lt\/wp-json\/wp\/v2\/media\/218277"}],"wp:attachment":[{"href":"https:\/\/baldumarket.lt\/lt\/wp-json\/wp\/v2\/media?parent=218259"}],"wp:term":[{"taxonomy":"product_brand","embeddable":true,"href":"https:\/\/baldumarket.lt\/lt\/wp-json\/wp\/v2\/product_brand?post=218259"},{"taxonomy":"product_cat","embeddable":true,"href":"https:\/\/baldumarket.lt\/lt\/wp-json\/wp\/v2\/product_cat?post=218259"},{"taxonomy":"product_tag","embeddable":true,"href":"https:\/\/baldumarket.lt\/lt\/wp-json\/wp\/v2\/product_tag?post=218259"}],"curies":[{"name":"wp","href":"https:\/\/api.w.org\/{rel}","templated":true}]}}