{"id":218219,"date":"2025-12-27T04:23:24","date_gmt":"2025-12-27T01:23:24","guid":{"rendered":"https:\/\/baldumarket.lt\/?post_type=product&#038;p=218219"},"modified":"2026-03-24T11:59:59","modified_gmt":"2026-03-24T08:59:59","slug":"naroznik-prawostronny-rozkladany-geneva-gr1","status":"publish","type":"product","link":"https:\/\/baldumarket.lt\/lt\/product\/naroznik-prawostronny-rozkladany-geneva-gr1\/","title":{"rendered":"De\u0161in\u0117s pus\u0117s sulankstoma kampin\u0117 sofa GENEVA Gr1"},"content":{"rendered":"<p>GENEVA i\u0161skleid\u017eiama kampin\u0117 sofa<br \/>\nMatmenys:<br \/>\n\u2013 plotis: 244 cm<br \/>\n\u2013 gylis: 202\/96 cm<br \/>\n\u2013 auk\u0161tis: 88 cm<br \/>\n\u2013 miegamoji erdv\u0117: 185 x 126 cm<br \/>\n\u2013 daiktad\u0117\u017e\u0117s matmenys: 190 x 85 x 18,5 cm<br \/>\nSavyb\u0117s ir konstrukcija:<br \/>\n\u2013 karkasas: pu\u0161ies mediena, buko mediena, med\u017eio dro\u017eli\u0173 plok\u0161t\u0117, MDF plok\u0161t\u0117, apmu\u0161al\u0173 kartonas, medienos plau\u0161\u0173 plok\u0161t\u0117, fanera<br \/>\n\u2013 s\u0117dyn\u0117: B tipo banguotos spyruokl\u0117s, T28\/30 putplastis<br \/>\n\u2013 atlo\u0161as: HR 35\/45 putplastis<br \/>\n\u2013 \u0161onai: silikoninis u\u017epildas<br \/>\n\u2013 miegojimo funkcija (ve\u017eim\u0117lis): T25\/42 putplastis<br \/>\n\u2013 kojos: metalin\u0117s, plastikin\u0117s<br \/>\n\u2013 patalyn\u0117s laikymo vieta pufe<br \/>\n\u2013 delfin\u0173 miego funkcija<br \/>\n\u2013 galima \u012fsigyti i\u0161 plataus audini\u0173 asortimento<\/p>","protected":false},"excerpt":{"rendered":"<p>GENEVA i\u0161skleid\u017eiama kampin\u0117 sofa Matmenys: \u2013 plotis: 244 cm \u2013 gylis: 202\/96 cm \u2013 auk\u0161tis: 88 cm \u2013 miegamoji dalis: 185 x 126 cm \u2013 daiktad\u0117\u017e\u0117s dydis: 190 x 85 x 18,5 cm Savyb\u0117s ir konstrukcija: \u2013 r\u0117mas: pu\u0161ies mediena, buko mediena, med\u017eio dro\u017eli\u0173 plok\u0161t\u0117, MDF plok\u0161t\u0117, apmu\u0161al\u0173 kartonas, medienos plau\u0161\u0173 plok\u0161t\u0117, fanera \u2013 s\u0117dyn\u0117: B tipo banguotos spyruokl\u0117s, [\u2026]<\/p>","protected":false},"featured_media":218252,"comment_status":"open","ping_status":"closed","template":"","meta":[],"product_brand":[],"product_cat":[9133],"product_tag":[],"class_list":{"0":"post-218219","1":"product","2":"type-product","3":"status-publish","4":"has-post-thumbnail","6":"product_cat-grouped","8":"first","9":"instock","10":"shipping-taxable","11":"purchasable","12":"product-type-variable","13":"wvs-archive-product-wrapper"},"_links":{"self":[{"href":"https:\/\/baldumarket.lt\/lt\/wp-json\/wp\/v2\/product\/218219","targetHints":{"allow":["GET"]}}],"collection":[{"href":"https:\/\/baldumarket.lt\/lt\/wp-json\/wp\/v2\/product"}],"about":[{"href":"https:\/\/baldumarket.lt\/lt\/wp-json\/wp\/v2\/types\/product"}],"replies":[{"embeddable":true,"href":"https:\/\/baldumarket.lt\/lt\/wp-json\/wp\/v2\/comments?post=218219"}],"wp:featuredmedia":[{"embeddable":true,"href":"https:\/\/baldumarket.lt\/lt\/wp-json\/wp\/v2\/media\/218252"}],"wp:attachment":[{"href":"https:\/\/baldumarket.lt\/lt\/wp-json\/wp\/v2\/media?parent=218219"}],"wp:term":[{"taxonomy":"product_brand","embeddable":true,"href":"https:\/\/baldumarket.lt\/lt\/wp-json\/wp\/v2\/product_brand?post=218219"},{"taxonomy":"product_cat","embeddable":true,"href":"https:\/\/baldumarket.lt\/lt\/wp-json\/wp\/v2\/product_cat?post=218219"},{"taxonomy":"product_tag","embeddable":true,"href":"https:\/\/baldumarket.lt\/lt\/wp-json\/wp\/v2\/product_tag?post=218219"}],"curies":[{"name":"wp","href":"https:\/\/api.w.org\/{rel}","templated":true}]}}