{"id":218212,"date":"2025-12-27T04:23:16","date_gmt":"2025-12-27T01:23:16","guid":{"rendered":"https:\/\/baldumarket.lt\/?post_type=product&#038;p=218212"},"modified":"2026-03-24T12:09:04","modified_gmt":"2026-03-24T09:09:04","slug":"naroznik-gusto-gr4","status":"publish","type":"product","link":"https:\/\/baldumarket.lt\/lt\/product\/naroznik-gusto-gr4\/","title":{"rendered":"GUSTO Gr4 kampin\u0117 sofa"},"content":{"rendered":"<p>GUSTO \u2013 tai kampin\u0117 sofa, kuri suteiks \u017eavesio bet kuriai moderniai svetainei. Jos nesenstanti forma, derinama su funkcionalumu, prad\u017eiugins bet kur\u012f stiliaus entuziast\u0105. Plat\u0173 atlo\u0161\u0105 papildo didel\u0117s pagalv\u0117l\u0117s su skoningais dygsniais, kurios taip pat atlieka dekoratyvin\u0119 funkcij\u0105. GUSTO turi \u012fmontuot\u0105 miegojimo funkcij\u0105 su automatiniu delfino mechanizmu, o patalyn\u0117s d\u0117\u017e\u0117 suteikia papildomos naudingos erdv\u0117s. Mink\u0161ta s\u0117dyn\u0117 ir auk\u0161tas atlo\u0161as skatina atsipalaiduoti. \u0160i kampin\u0117 sofa yra kair\u0117s ir de\u0161in\u0117s pus\u0117s versijos, su pla\u010diu apmu\u0161al\u0173 pasirinkim\u0173 pasirinkimu.<br \/>\nMatmenys:<br \/>\n\u2013 Plotis: 240\/200 cm<br \/>\n\u2013 Auk\u0161tis: 94 cm<br \/>\n\u2013 S\u0117dyn\u0117s gylis: 92 cm<br \/>\n\u2013 Miegamasis plotas: 125\/180 cm<br \/>\nSavyb\u0117s ir dizainas:<br \/>\n\u2013 Moderni kampin\u0117 sofa su miegojimo funkcija ir patalyn\u0117s d\u0117\u017ee,<br \/>\n\u2013 Laisvai stovinti kampin\u0117 sofa,<br \/>\n\u2013 Miego funkcija su delfino tipo automatiniu mechanizmu,<br \/>\n\u2013 Juodos plastikin\u0117s kojel\u0117s<br \/>\n\u2013 Galima \u012fsigyti i\u0161 plataus apmu\u0161al\u0173 audini\u0173 asortimento.<br \/>\n\u2013 R\u0117mas pagamintas i\u0161 pu\u0161ies medienos, med\u017eio dro\u017eli\u0173 plok\u0161t\u0117s, medienos plau\u0161\u0173 plok\u0161t\u0117s ir faneros.<br \/>\n\u2013 S\u0117dyn\u0117 turi banguot\u0105 spyruokl\u0119 ir poliuretano putas.<br \/>\n\u2013 Atlo\u0161as padengtas silikono granul\u0117mis.<br \/>\n\u2013 \u0160onin\u0117s panel\u0117s \/ porankiai pagaminti i\u0161 putplas\u010dio.<br \/>\nKampin\u0117 sofa pasi\u017eymi novatori\u0161ka \u201edolphin\u201c sulankstymo sistema \u2013 i\u0161 po s\u0117dyn\u0117s i\u0161slystan\u010diu ve\u017eim\u0117liu.<\/p>","protected":false},"excerpt":{"rendered":"<p>GUSTO \u2013 tai kampin\u0117 sofa, kuri suteiks \u017eavesio bet kuriai moderniai svetainei. Jos nesenstanti forma, derinama su funkcionalumu, prad\u017eiugins bet kur\u012f stiliaus entuziast\u0105. Plat\u0173 atlo\u0161\u0105 papildo didel\u0117s pagalv\u0117l\u0117s su skoningais dygsniais, kurios taip pat atlieka dekoratyvin\u0119 funkcij\u0105. GUSTO turi \u012fmontuot\u0105 miegojimo funkcij\u0105 su delfino automatiniu mechanizmu, o [\u2026]<\/p>","protected":false},"featured_media":218242,"comment_status":"open","ping_status":"closed","template":"","meta":[],"product_brand":[],"product_cat":[9133],"product_tag":[],"class_list":{"0":"post-218212","1":"product","2":"type-product","3":"status-publish","4":"has-post-thumbnail","6":"product_cat-grouped","8":"first","9":"instock","10":"shipping-taxable","11":"purchasable","12":"product-type-variable","13":"wvs-archive-product-wrapper"},"_links":{"self":[{"href":"https:\/\/baldumarket.lt\/lt\/wp-json\/wp\/v2\/product\/218212","targetHints":{"allow":["GET"]}}],"collection":[{"href":"https:\/\/baldumarket.lt\/lt\/wp-json\/wp\/v2\/product"}],"about":[{"href":"https:\/\/baldumarket.lt\/lt\/wp-json\/wp\/v2\/types\/product"}],"replies":[{"embeddable":true,"href":"https:\/\/baldumarket.lt\/lt\/wp-json\/wp\/v2\/comments?post=218212"}],"wp:featuredmedia":[{"embeddable":true,"href":"https:\/\/baldumarket.lt\/lt\/wp-json\/wp\/v2\/media\/218242"}],"wp:attachment":[{"href":"https:\/\/baldumarket.lt\/lt\/wp-json\/wp\/v2\/media?parent=218212"}],"wp:term":[{"taxonomy":"product_brand","embeddable":true,"href":"https:\/\/baldumarket.lt\/lt\/wp-json\/wp\/v2\/product_brand?post=218212"},{"taxonomy":"product_cat","embeddable":true,"href":"https:\/\/baldumarket.lt\/lt\/wp-json\/wp\/v2\/product_cat?post=218212"},{"taxonomy":"product_tag","embeddable":true,"href":"https:\/\/baldumarket.lt\/lt\/wp-json\/wp\/v2\/product_tag?post=218212"}],"curies":[{"name":"wp","href":"https:\/\/api.w.org\/{rel}","templated":true}]}}