{"id":218205,"date":"2025-12-27T04:22:45","date_gmt":"2025-12-27T01:22:45","guid":{"rendered":"https:\/\/baldumarket.lt\/?post_type=product&#038;p=218205"},"modified":"2026-02-03T23:13:00","modified_gmt":"2026-02-03T20:13:00","slug":"promocja-sofa-rozkladana-asti-tkanina-whisper","status":"publish","type":"product","link":"https:\/\/baldumarket.lt\/lt\/product\/promocja-sofa-rozkladana-asti-tkanina-whisper\/","title":{"rendered":"AKCIJA &#8211; ASTI sofa-lova &#8211; \u201eWhisper\u201c audinys"},"content":{"rendered":"<p>SPECIALUS PASI\u016aLYMAS \u2013 ASTI sofa-lova \u2013 \u201eWhisper\u201c audinys<br \/>\nSofos su reklaminiu \u201eWhisper\u201c apmu\u0161alu kaina<br \/>\nModernaus stiliaus triviet\u0117 \u201eAsti\u201c sofa traukia d\u0117mes\u012f masyvia s\u0117dyne ir \u0161onais, kurie kontrastuoja su ne\u012fprastos formos metalin\u0117mis kojel\u0117mis. Prakti\u0161kos \u0161io modelio savyb\u0117s: miegojimo funkcija su delfino mechanizmu, kuris palengvina sofos sulankstym\u0105 ir i\u0161skleidim\u0105, taip pat reguliuojamas s\u0117dyn\u0117s gylis, kuris \u017eymiai padidina komforto poj\u016bt\u012f s\u0117dint. S\u0117dyn\u0117 u\u017epildyta apmu\u0161al\u0173 porolono ir vingiuot\u0173 spyruokli\u0173 deriniu, o atlo\u0161as \u2013 silikoniniu u\u017epildu. Produkto duomen\u0173 lape nurodoma \u201eAsti\u201c sofa su \u201eWhisper\u201c audiniu, kuri\u0105 galima \u012fsigyti u\u017e prieinam\u0105 reklamin\u0119 kain\u0105.<br \/>\nMatmenys:<br \/>\n\u2013 Plotis: 261 cm<br \/>\n\u2013 Auk\u0161tis: 77\/87 cm<br \/>\n\u2013 Gylis: 116 cm<br \/>\n\u2013 Miegamoji erdv\u0117: 146 x 210 cm<br \/>\nSavyb\u0117s:<br \/>\n\u2013 Miego funkcija \u2013 DELFIN automatin\u0117 miegojimo sistema<br \/>\n\u2013 Reguliuojamas s\u0117dyn\u0117s gylis<br \/>\n\u2013 Metalin\u0117s kojel\u0117s<br \/>\n\u2013 Laisvai stovinti sofa<br \/>\nDizainas:<br \/>\n\u2013 R\u0117mas pagamintas i\u0161 pu\u0161ies medienos, med\u017eio dro\u017eli\u0173 plok\u0161t\u0117s, pluo\u0161to plok\u0161t\u0117s ir faneros,<br \/>\n\u2013 S\u0117dyn\u0117 turi banguot\u0105 spyruokl\u0119 ir poliuretano putas,<br \/>\n\u2013 Atlo\u0161as su silikoniniu u\u017epildu<br \/>\n\u2013 \u0160onini\u0173\/poranki\u0173 putos<\/p>","protected":false},"excerpt":{"rendered":"<p>SPECIALUS PASI\u016aLYMAS \u2013 ASTI sofa-lova \u2013 \u201eWhisper\u201c audinys. Sofos kaina reklaminiame \u201eWhisper\u201c apmu\u0161ale. Modernaus stiliaus triviet\u0117 \u201eAsti\u201c sofa traukia d\u0117mes\u012f masyvia s\u0117dyne ir \u0161onais, kurie kontrastuoja su ne\u012fprastos formos metalin\u0117mis kojel\u0117mis. Praktin\u0117s \u0161io modelio savyb\u0117s \u2013 miegojimo funkcija su delfino mechanizmu, kuris leid\u017eia sulankstyti ir [\u2026]<\/p>","protected":false},"featured_media":218222,"comment_status":"open","ping_status":"closed","template":"","meta":[],"product_brand":[],"product_cat":[7905,560],"product_tag":[],"class_list":{"0":"post-218205","1":"product","2":"type-product","3":"status-publish","4":"has-post-thumbnail","6":"product_cat-benix","7":"product_cat-sofas-and-couches","9":"first","10":"instock","11":"shipping-taxable","12":"product-type-grouped"},"_links":{"self":[{"href":"https:\/\/baldumarket.lt\/lt\/wp-json\/wp\/v2\/product\/218205","targetHints":{"allow":["GET"]}}],"collection":[{"href":"https:\/\/baldumarket.lt\/lt\/wp-json\/wp\/v2\/product"}],"about":[{"href":"https:\/\/baldumarket.lt\/lt\/wp-json\/wp\/v2\/types\/product"}],"replies":[{"embeddable":true,"href":"https:\/\/baldumarket.lt\/lt\/wp-json\/wp\/v2\/comments?post=218205"}],"wp:featuredmedia":[{"embeddable":true,"href":"https:\/\/baldumarket.lt\/lt\/wp-json\/wp\/v2\/media\/218222"}],"wp:attachment":[{"href":"https:\/\/baldumarket.lt\/lt\/wp-json\/wp\/v2\/media?parent=218205"}],"wp:term":[{"taxonomy":"product_brand","embeddable":true,"href":"https:\/\/baldumarket.lt\/lt\/wp-json\/wp\/v2\/product_brand?post=218205"},{"taxonomy":"product_cat","embeddable":true,"href":"https:\/\/baldumarket.lt\/lt\/wp-json\/wp\/v2\/product_cat?post=218205"},{"taxonomy":"product_tag","embeddable":true,"href":"https:\/\/baldumarket.lt\/lt\/wp-json\/wp\/v2\/product_tag?post=218205"}],"curies":[{"name":"wp","href":"https:\/\/api.w.org\/{rel}","templated":true}]}}