{"id":218181,"date":"2025-12-27T04:21:37","date_gmt":"2025-12-27T01:21:37","guid":{"rendered":"https:\/\/baldumarket.lt\/?post_type=product&#038;p=218181"},"modified":"2026-03-24T12:15:36","modified_gmt":"2026-03-24T09:15:36","slug":"promocja-naroznik-livio-tkanina-raven-zoya-gr5","status":"publish","type":"product","link":"https:\/\/baldumarket.lt\/lt\/product\/promocja-naroznik-livio-tkanina-raven-zoya-gr5\/","title":{"rendered":"AKCIJA \u2013 LIVIO kampin\u0117 sofa \u2013 Raven\/Zoya Gr5 audinys"},"content":{"rendered":"<p>SPECIALUS PASI\u016aLYMAS \u2013 LIVIO kampin\u0117 sofa \u2013 audinys \u201eRaven\u201c \/ \u201eZoya\u201c<br \/>\n\u00a0\u00a0<br \/>\nKampin\u0117s sofos su reklaminiu apmu\u0161alu \u201eRaven\u201c \/ \u201eZoya\u201c kaina<br \/>\n\u00a0\u00a0<br \/>\nUnikali kampin\u0117 sofa \u201eLivio\u201c \u2013 tai minimalistinio charakterio ir i\u0161skirtinai gra\u017eios formos baldas. Paprasta s\u0117dyn\u0117, plat\u016bs, bet labai \u017eemi porankiai vienoje sofos pus\u0117je ir tvirtas, storas atlo\u0161as kontrastuoja su plonomis, apvaliomis, chromuotomis metalin\u0117mis kojel\u0117mis. Kampin\u0117 sofa apr\u016bpinta papildomomis ma\u017eesn\u0117mis pagalv\u0117l\u0117mis, kurios dar labiau padidina jos komfort\u0105. \u201eLivio\u201c turi DL miegojimo funkcij\u0105. J\u0105 galima i\u0161lankstyti prailginant s\u0117dyn\u0119 ir nuleid\u017eiant atlo\u0161\u0105. Ta\u010diau ji neturi patalyn\u0117s skyriaus. Kampin\u0117 sofa puikiai atrodo skandinavi\u0161kame, moderniame ir lofto stiliaus interjere.<br \/>\nMatmenys:<br \/>\n\u2013 Plotis: 293 cm<br \/>\n\u2013 Gylis 1: 225 cm<br \/>\n\u2013 Gylis 2: 116 cm<br \/>\n\u2013 Auk\u0161tis: 71\/90 cm<br \/>\n\u2013 Miegamoji erdv\u0117: 140 x 241 cm<br \/>\nSavyb\u0117s ir dizainas:<br \/>\n\u2013 Kampin\u0117 sofa su miegojimo funkcija<br \/>\n\u2013 Miego funkcijos tipas: DL<br \/>\n\u2013 N\u0117ra patalyn\u0117s skyriaus<br \/>\n\u2013 Chromuotos arba juodo metalo kojel\u0117s<br \/>\n\u2013 Rinkinyje yra 6 nugaros atramos pagalv\u0117l\u0117s ir 3 dekoratyvin\u0117s pagalv\u0117l\u0117s<br \/>\n\u2013 R\u0117mas pagamintas i\u0161 pu\u0161ies medienos, med\u017eio dro\u017eli\u0173 plok\u0161t\u0117s, pluo\u0161to plok\u0161t\u0117s ir faneros.<br \/>\n\u2013 S\u0117dyn\u0117 turi elasting\u0105 saugos dir\u017e\u0105 ir 35\/20 bei 30\/10 poliuretano putas<br \/>\n\u2013 Pagalv\u0117l\u0117s pagamintos i\u0161 susmulkinto putplas\u010dio<\/p>","protected":false},"excerpt":{"rendered":"<p>SPECIALUS PASI\u016aLYMAS \u2013 LIVIO kampin\u0117 sofa \u2013 Raven \/ Zoya audinys Kampin\u0117s sofos su reklaminiu Raven \/ Zoya apmu\u0161alu kaina Unikali Livio kampin\u0117 sofa \u2013 minimalistinio charakterio ir i\u0161skirtinai gra\u017eios formos baldas. Paprasta s\u0117dyn\u0117, plat\u016bs, bet labai \u017eemi porankiai vienoje pus\u0117je [\u2026]<\/p>","protected":false},"featured_media":218198,"comment_status":"open","ping_status":"closed","template":"","meta":[],"product_brand":[],"product_cat":[9133],"product_tag":[],"class_list":{"0":"post-218181","1":"product","2":"type-product","3":"status-publish","4":"has-post-thumbnail","6":"product_cat-grouped","8":"first","9":"instock","10":"shipping-taxable","11":"purchasable","12":"product-type-variable","13":"wvs-archive-product-wrapper"},"_links":{"self":[{"href":"https:\/\/baldumarket.lt\/lt\/wp-json\/wp\/v2\/product\/218181","targetHints":{"allow":["GET"]}}],"collection":[{"href":"https:\/\/baldumarket.lt\/lt\/wp-json\/wp\/v2\/product"}],"about":[{"href":"https:\/\/baldumarket.lt\/lt\/wp-json\/wp\/v2\/types\/product"}],"replies":[{"embeddable":true,"href":"https:\/\/baldumarket.lt\/lt\/wp-json\/wp\/v2\/comments?post=218181"}],"wp:featuredmedia":[{"embeddable":true,"href":"https:\/\/baldumarket.lt\/lt\/wp-json\/wp\/v2\/media\/218198"}],"wp:attachment":[{"href":"https:\/\/baldumarket.lt\/lt\/wp-json\/wp\/v2\/media?parent=218181"}],"wp:term":[{"taxonomy":"product_brand","embeddable":true,"href":"https:\/\/baldumarket.lt\/lt\/wp-json\/wp\/v2\/product_brand?post=218181"},{"taxonomy":"product_cat","embeddable":true,"href":"https:\/\/baldumarket.lt\/lt\/wp-json\/wp\/v2\/product_cat?post=218181"},{"taxonomy":"product_tag","embeddable":true,"href":"https:\/\/baldumarket.lt\/lt\/wp-json\/wp\/v2\/product_tag?post=218181"}],"curies":[{"name":"wp","href":"https:\/\/api.w.org\/{rel}","templated":true}]}}