{"id":218164,"date":"2025-12-27T04:20:30","date_gmt":"2025-12-27T01:20:30","guid":{"rendered":"https:\/\/baldumarket.lt\/?post_type=product&#038;p=218164"},"modified":"2026-03-24T12:09:04","modified_gmt":"2026-03-24T09:09:04","slug":"pufa-grenada-gr4","status":"publish","type":"product","link":"https:\/\/baldumarket.lt\/lt\/product\/pufa-grenada-gr4\/","title":{"rendered":"GRENADA pufas Gr4"},"content":{"rendered":"<p>GRENADA pufas<br \/>\nPufas yra naudingas baldas bet kuriuose namuose \u2013 jis gali b\u016bti prakti\u0161kas svetain\u0117s, miegamojo ar net prie\u0161kambario papildymas, pirmiausia atliekantis papildomo s\u0117d\u0117jimo funkcij\u0105. \u201eGrenada\u201c pufas i\u0161siskiria eleganti\u0161ku dizainu, kuriame ry\u0161kios si\u016bl\u0117s, suteikian\u010dios s\u0117dynei apimties, kontrastuoja su plonomis metalin\u0117mis kojel\u0117mis. \u0160is modelis u\u017epildytas didelio elastingumo HR putomis, kurios yra atsparesn\u0117s deformacijai. Puf\u0105 galima laisvai suasmeninti pagal savo vizualinius pageidavimus \u2013 tereikia pasirinkti tinkam\u0105 audin\u012f ir kojeli\u0173 spalv\u0105 gaminio parinktyse.<br \/>\nMatmenys:<br \/>\n\u2013 plotis 99 cm<br \/>\n\u2013 gylis 75 cm<br \/>\n\u2013 auk\u0161tis 46 cm<br \/>\nSavyb\u0117s ir konstrukcija:<br \/>\n\u2013 didelio elastingumo HR putplastis<\/p>","protected":false},"excerpt":{"rendered":"<p>GRENADA pufas Pufas yra naudingas baldas bet kuriuose namuose \u2013 jis gali b\u016bti prakti\u0161kas svetain\u0117s, miegamojo ar net prie\u0161kambario papildymas, pirmiausia atliekantis papildomo s\u0117d\u0117jimo funkcij\u0105. Grenada pufas i\u0161siskiria eleganti\u0161ku dizainu, kuriame i\u0161skirtin\u0117s si\u016bl\u0117s, suteikian\u010dios s\u0117dynei apimties [\u2026]<\/p>","protected":false},"featured_media":218187,"comment_status":"open","ping_status":"closed","template":"","meta":[],"product_brand":[],"product_cat":[9133],"product_tag":[],"class_list":{"0":"post-218164","1":"product","2":"type-product","3":"status-publish","4":"has-post-thumbnail","6":"product_cat-grouped","8":"first","9":"instock","10":"shipping-taxable","11":"purchasable","12":"product-type-variable","13":"wvs-archive-product-wrapper"},"_links":{"self":[{"href":"https:\/\/baldumarket.lt\/lt\/wp-json\/wp\/v2\/product\/218164","targetHints":{"allow":["GET"]}}],"collection":[{"href":"https:\/\/baldumarket.lt\/lt\/wp-json\/wp\/v2\/product"}],"about":[{"href":"https:\/\/baldumarket.lt\/lt\/wp-json\/wp\/v2\/types\/product"}],"replies":[{"embeddable":true,"href":"https:\/\/baldumarket.lt\/lt\/wp-json\/wp\/v2\/comments?post=218164"}],"wp:featuredmedia":[{"embeddable":true,"href":"https:\/\/baldumarket.lt\/lt\/wp-json\/wp\/v2\/media\/218187"}],"wp:attachment":[{"href":"https:\/\/baldumarket.lt\/lt\/wp-json\/wp\/v2\/media?parent=218164"}],"wp:term":[{"taxonomy":"product_brand","embeddable":true,"href":"https:\/\/baldumarket.lt\/lt\/wp-json\/wp\/v2\/product_brand?post=218164"},{"taxonomy":"product_cat","embeddable":true,"href":"https:\/\/baldumarket.lt\/lt\/wp-json\/wp\/v2\/product_cat?post=218164"},{"taxonomy":"product_tag","embeddable":true,"href":"https:\/\/baldumarket.lt\/lt\/wp-json\/wp\/v2\/product_tag?post=218164"}],"curies":[{"name":"wp","href":"https:\/\/api.w.org\/{rel}","templated":true}]}}