{"id":218154,"date":"2025-12-27T04:19:56","date_gmt":"2025-12-27T01:19:56","guid":{"rendered":"https:\/\/baldumarket.lt\/?post_type=product&#038;p=218154"},"modified":"2026-02-03T23:13:04","modified_gmt":"2026-02-03T20:13:04","slug":"fotel-candy","status":"publish","type":"product","link":"https:\/\/baldumarket.lt\/lt\/product\/fotel-candy\/","title":{"rendered":"CANDY fotelis"},"content":{"rendered":"<p>CANDY fotelis<br \/>\n\u00a0<br \/>\nMatmenys:<br \/>\n\u2013 Plotis 102 cm<br \/>\n\u2013 Gylis 94 cm<br \/>\n\u2013 \u016agis 74\u201386 cm<br \/>\n\u00a0<br \/>\nSavyb\u0117s ir dizainas:<br \/>\n\u2013 Vingiuotos spyruokl\u0117s<br \/>\n\u2013 Galima \u012fsigyti i\u0161 plataus audini\u0173 asortimento<br \/>\n\u00a0<\/p>","protected":false},"excerpt":{"rendered":"<p>CANDY fotelio matmenys: \u2013 Plotis 102 cm \u2013 Gylis 94 cm \u2013 Auk\u0161tis 74\u201386 cm Savyb\u0117s ir dizainas: \u2013 Vingiuotos spyruokl\u0117s \u2013 Galima \u012fsigyti i\u0161 \u012fvairi\u0173 audini\u0173 \u00a0<\/p>","protected":false},"featured_media":218168,"comment_status":"open","ping_status":"closed","template":"","meta":[],"product_brand":[],"product_cat":[634,7905],"product_tag":[],"class_list":{"0":"post-218154","1":"product","2":"type-product","3":"status-publish","4":"has-post-thumbnail","6":"product_cat-armchairs","7":"product_cat-benix","9":"first","10":"instock","11":"shipping-taxable","12":"product-type-grouped"},"_links":{"self":[{"href":"https:\/\/baldumarket.lt\/lt\/wp-json\/wp\/v2\/product\/218154","targetHints":{"allow":["GET"]}}],"collection":[{"href":"https:\/\/baldumarket.lt\/lt\/wp-json\/wp\/v2\/product"}],"about":[{"href":"https:\/\/baldumarket.lt\/lt\/wp-json\/wp\/v2\/types\/product"}],"replies":[{"embeddable":true,"href":"https:\/\/baldumarket.lt\/lt\/wp-json\/wp\/v2\/comments?post=218154"}],"wp:featuredmedia":[{"embeddable":true,"href":"https:\/\/baldumarket.lt\/lt\/wp-json\/wp\/v2\/media\/218168"}],"wp:attachment":[{"href":"https:\/\/baldumarket.lt\/lt\/wp-json\/wp\/v2\/media?parent=218154"}],"wp:term":[{"taxonomy":"product_brand","embeddable":true,"href":"https:\/\/baldumarket.lt\/lt\/wp-json\/wp\/v2\/product_brand?post=218154"},{"taxonomy":"product_cat","embeddable":true,"href":"https:\/\/baldumarket.lt\/lt\/wp-json\/wp\/v2\/product_cat?post=218154"},{"taxonomy":"product_tag","embeddable":true,"href":"https:\/\/baldumarket.lt\/lt\/wp-json\/wp\/v2\/product_tag?post=218154"}],"curies":[{"name":"wp","href":"https:\/\/api.w.org\/{rel}","templated":true}]}}