{"id":218141,"date":"2025-12-27T04:19:07","date_gmt":"2025-12-27T01:19:07","guid":{"rendered":"https:\/\/baldumarket.lt\/?post_type=product&#038;p=218141"},"modified":"2026-02-03T23:13:04","modified_gmt":"2026-02-03T20:13:04","slug":"naroznik-fira","status":"publish","type":"product","link":"https:\/\/baldumarket.lt\/lt\/product\/naroznik-fira\/","title":{"rendered":"FIRA kampin\u0117 sofa"},"content":{"rendered":"<p>FIRA kampin\u0117 sofa<br \/>\n\u00a0\u00a0<br \/>\n\u201eFira\u201c kampin\u0117 sofa \u2013 i\u0161skirtinai stilingas baldas, sukurtas atsi\u017evelgiant \u012f modern\u0173 interjero dizain\u0105. Ji ypa\u010d verta d\u0117mesio tiems, kurie da\u017enai priima nakvyn\u0117s sve\u010dius arba ie\u0161ko bald\u0173 svetainei, kuri taip pat atlieka ir miegamojo funkcij\u0105. \u0160i\u0105 kampin\u0119 sof\u0105 galima lengvai paversti lova d\u0117l miegojimo funkcijos su DL automatiniu mechanizmu, o \u012fmontuotas daiktad\u0117\u017e\u0117s skyrius yra naudingas patalynei laikyti. Tiek atlo\u0161as, tiek s\u0117dyn\u0117 yra u\u017epildyti putomis ir vingiuotomis spyruokl\u0117mis, o tai teigiamai veikia \u0161io modelio ilgaam\u017ei\u0161kum\u0105. \u201eFira\u201c kampin\u0119 sof\u0105 galima \u012fsigyti su \u012fvairiais apmu\u0161alais, tod\u0117l galite j\u0105 pritaikyti pagal savo individualius poreikius. Taip pat raginame pasirinkti sofos \u0161on\u0105.<br \/>\n\u00a0\u00a0<br \/>\nMatmenys:<br \/>\n\u2013 Plotis 280 cm<br \/>\n\u2013 \u016agis 72\u201386 cm<br \/>\n\u2013 Gylis 185\/104 cm<br \/>\n\u2013 Miegamoji erdv\u0117 247 \u00d7 127 cm<br \/>\nSavyb\u0117s ir konstrukcija:<br \/>\n\u2013 S\u0117dyn\u0117: B tipo banguotos spyruokl\u0117s, T28\/30 putplastis<br \/>\n\u2013 Atlo\u0161as: A tipo banguotos spyruokl\u0117s, T28\/30 putplastis<br \/>\n\u2013 \u0160onai: T16\/20 putplastis<br \/>\n\u2013 Nugaros pagalv\u0117l\u0117s: pl\u0117\u0161ytas putplastis<br \/>\n\u2013 Kojel\u0117s: metalin\u0117s<br \/>\n\u2013 Patalyn\u0117s laikymo vieta<br \/>\n\u2013 DL miego funkcija<br \/>\n\u2013 Galima \u012fsigyti i\u0161 plataus audini\u0173 asortimento<\/p>","protected":false},"excerpt":{"rendered":"<p>FIRA kampin\u0117 sofa Kampin\u0117 sofa \u201eFira\u201c \u2013 i\u0161skirtinai stilingas baldas, sukurtas atsi\u017evelgiant \u012f modern\u0173 interjero dizain\u0105. Ji ypa\u010d verta d\u0117mesio tiems, kurie da\u017enai priima nakvyn\u0117s sve\u010dius arba ie\u0161ko bald\u0173 svetainei, kuri taip pat atlieka ir miegamojo funkcij\u0105. \u0160i\u0105 kampin\u0119 sof\u0105 galima lengvai paversti [\u2026]<\/p>","protected":false},"featured_media":218157,"comment_status":"open","ping_status":"closed","template":"","meta":[],"product_brand":[],"product_cat":[7905,616,1983],"product_tag":[],"class_list":{"0":"post-218141","1":"product","2":"type-product","3":"status-publish","4":"has-post-thumbnail","6":"product_cat-benix","7":"product_cat-corners","8":"product_cat-corners-l","10":"first","11":"instock","12":"shipping-taxable","13":"product-type-grouped"},"_links":{"self":[{"href":"https:\/\/baldumarket.lt\/lt\/wp-json\/wp\/v2\/product\/218141","targetHints":{"allow":["GET"]}}],"collection":[{"href":"https:\/\/baldumarket.lt\/lt\/wp-json\/wp\/v2\/product"}],"about":[{"href":"https:\/\/baldumarket.lt\/lt\/wp-json\/wp\/v2\/types\/product"}],"replies":[{"embeddable":true,"href":"https:\/\/baldumarket.lt\/lt\/wp-json\/wp\/v2\/comments?post=218141"}],"wp:featuredmedia":[{"embeddable":true,"href":"https:\/\/baldumarket.lt\/lt\/wp-json\/wp\/v2\/media\/218157"}],"wp:attachment":[{"href":"https:\/\/baldumarket.lt\/lt\/wp-json\/wp\/v2\/media?parent=218141"}],"wp:term":[{"taxonomy":"product_brand","embeddable":true,"href":"https:\/\/baldumarket.lt\/lt\/wp-json\/wp\/v2\/product_brand?post=218141"},{"taxonomy":"product_cat","embeddable":true,"href":"https:\/\/baldumarket.lt\/lt\/wp-json\/wp\/v2\/product_cat?post=218141"},{"taxonomy":"product_tag","embeddable":true,"href":"https:\/\/baldumarket.lt\/lt\/wp-json\/wp\/v2\/product_tag?post=218141"}],"curies":[{"name":"wp","href":"https:\/\/api.w.org\/{rel}","templated":true}]}}