{"id":218119,"date":"2025-12-27T04:18:01","date_gmt":"2025-12-27T01:18:01","guid":{"rendered":"https:\/\/baldumarket.lt\/?post_type=product&#038;p=218119"},"modified":"2026-02-03T23:13:06","modified_gmt":"2026-02-03T20:13:06","slug":"pufa-obrotowa-laguna-mala","status":"publish","type":"product","link":"https:\/\/baldumarket.lt\/lt\/product\/pufa-obrotowa-laguna-mala\/","title":{"rendered":"LAGUNA ma\u017eas paskamas pufas"},"content":{"rendered":"<p>LAGUNA Ma\u017eas pasukamas pufas<br \/>\n\u00a0\u00a0<br \/>\nMatmenys:<br \/>\n\u2013 Plotis: 52 cm<br \/>\n\u2013 Gylis: 42 cm<br \/>\n\u2013 Auk\u0161tis: 45 cm<br \/>\n\u00a0<br \/>\nSavyb\u0117s ir dizainas:<br \/>\n\u2013 R\u0117mas: pu\u0161ies mediena, med\u017eio dro\u017eli\u0173 plok\u0161t\u0117<br \/>\n\u2013 S\u0117dyn\u0117: elastinis dir\u017eelis, T28\/30 putplastis<br \/>\n\u2013 Kojel\u0117s: metalin\u0117s<br \/>\n\u2013 360\u00b0 pasukimo funkcija<br \/>\n\u2013 Galima \u012fsigyti i\u0161 plataus audini\u0173 asortimento<br \/>\nSvoris: 5,5 kg<br \/>\n\u00a0<\/p>","protected":false},"excerpt":{"rendered":"<p>LAGUNA ma\u017eas pasukamas pufas Matmenys: \u2013 Plotis: 52 cm \u2013 Gylis: 42 cm \u2013 Auk\u0161tis: 45 cm Savyb\u0117s ir dizainas: \u2013 R\u0117mas: pu\u0161ies mediena, med\u017eio dro\u017eli\u0173 plok\u0161t\u0117 \u2013 S\u0117dyn\u0117: elastin\u0117 juosta, T28\/30 putplastis \u2013 Kojel\u0117s: metalin\u0117s \u2013 360\u00b0 pasukimo funkcija \u2013 Galima rinktis i\u0161 \u012fvairi\u0173 audini\u0173 Svoris: 5,5 kg \u00a0<\/p>","protected":false},"featured_media":218134,"comment_status":"open","ping_status":"closed","template":"","meta":[],"product_brand":[],"product_cat":[7905,826],"product_tag":[],"class_list":{"0":"post-218119","1":"product","2":"type-product","3":"status-publish","4":"has-post-thumbnail","6":"product_cat-benix","7":"product_cat-poufs","9":"first","10":"instock","11":"shipping-taxable","12":"product-type-grouped"},"_links":{"self":[{"href":"https:\/\/baldumarket.lt\/lt\/wp-json\/wp\/v2\/product\/218119","targetHints":{"allow":["GET"]}}],"collection":[{"href":"https:\/\/baldumarket.lt\/lt\/wp-json\/wp\/v2\/product"}],"about":[{"href":"https:\/\/baldumarket.lt\/lt\/wp-json\/wp\/v2\/types\/product"}],"replies":[{"embeddable":true,"href":"https:\/\/baldumarket.lt\/lt\/wp-json\/wp\/v2\/comments?post=218119"}],"wp:featuredmedia":[{"embeddable":true,"href":"https:\/\/baldumarket.lt\/lt\/wp-json\/wp\/v2\/media\/218134"}],"wp:attachment":[{"href":"https:\/\/baldumarket.lt\/lt\/wp-json\/wp\/v2\/media?parent=218119"}],"wp:term":[{"taxonomy":"product_brand","embeddable":true,"href":"https:\/\/baldumarket.lt\/lt\/wp-json\/wp\/v2\/product_brand?post=218119"},{"taxonomy":"product_cat","embeddable":true,"href":"https:\/\/baldumarket.lt\/lt\/wp-json\/wp\/v2\/product_cat?post=218119"},{"taxonomy":"product_tag","embeddable":true,"href":"https:\/\/baldumarket.lt\/lt\/wp-json\/wp\/v2\/product_tag?post=218119"}],"curies":[{"name":"wp","href":"https:\/\/api.w.org\/{rel}","templated":true}]}}