{"id":218083,"date":"2025-12-27T04:15:55","date_gmt":"2025-12-27T01:15:55","guid":{"rendered":"https:\/\/baldumarket.lt\/?post_type=product&#038;p=218083"},"modified":"2026-03-24T12:00:08","modified_gmt":"2026-03-24T09:00:08","slug":"promocja-naroznik-gusto-tkanina-aragon-gr1","status":"publish","type":"product","link":"https:\/\/baldumarket.lt\/lt\/product\/promocja-naroznik-gusto-tkanina-aragon-gr1\/","title":{"rendered":"AKCIJA &#8211; GUSTO kampin\u0117 sofa &#8211; Aragon Gr1 audinys"},"content":{"rendered":"<p>SPECIALUS PASI\u016aLYMAS \u2013 GUSTO kampin\u0117 sofa \u2013 Aragon audinys<br \/>\nKampin\u0117s sofos su Aragon apmu\u0161alais kaina<br \/>\nModerni \u201eGusto\u201c kampin\u0117 sofa puikiai der\u0117s prie daugumos interjer\u0173 \u2013 ne tik d\u0117l paprasto dizaino, bet ir d\u0117l nesenstan\u010dios apmu\u0161al\u0173 spalvos. Neabejotinas privalumas yra ir didelis funkcionalumas \u2013 ji turi miegojimo funkcij\u0105 su delfino mechanizmu, taip pat patalyn\u0117s skyri\u0173, kuris padeda sutvarkyti erdv\u0119. Putplas\u010dio u\u017epildas ir vingiuotos spyruokl\u0117s taip pat prisideda prie \u0161io baldo patvarumo.<br \/>\nMatmenys:<br \/>\n\u2013 Plotis: 240\/200 cm<br \/>\n\u2013 Auk\u0161tis: 94 cm<br \/>\n\u2013 S\u0117dyn\u0117s gylis: 92 cm<br \/>\n\u2013 Miegamasis plotas: 125\/180 cm<br \/>\nSavyb\u0117s ir dizainas:<br \/>\n\u2013 Moderni kampin\u0117 sofa su miegojimo funkcija ir patalyn\u0117s d\u0117\u017ee<br \/>\n\u2013 Laisvai stovinti kampin\u0117 sofa<br \/>\n\u2013 Miego funkcija su delfino mechanizmu<br \/>\n\u2013 R\u0117mas pagamintas i\u0161 pu\u0161ies medienos, med\u017eio dro\u017eli\u0173 plok\u0161t\u0117s, medienos plau\u0161\u0173 plok\u0161t\u0117s ir faneros<br \/>\n\u2013 S\u0117dyn\u0117 su banguota spyruokle ir poliuretano putomis<br \/>\n\u2013 Atlo\u0161as su silikono granul\u0117mis<br \/>\n\u2013 Putplastis \u0161onuose \/ porankiuose<br \/>\n\u0160i kampin\u0117 sofa pasi\u017eymi novatori\u0161ka sulankstymo sistema \u201edelfin\u0173 sistema\u201c, kuri i\u0161slysta i\u0161 po s\u0117dyn\u0117s.<\/p>","protected":false},"excerpt":{"rendered":"<p>SPECIALUS PASI\u016aLYMAS \u2013 GUSTO kampin\u0117 sofa \u2013 Aragon audinys Kampin\u0117s sofos su Aragon apmu\u0161alais kaina \u0160iuolaiki\u0161ka Gusto kampin\u0117 sofa puikiai der\u0117s prie daugumos interjer\u0173 \u2013 ne tik d\u0117l paprasto dizaino, bet ir d\u0117l nesenstan\u010dios apmu\u0161al\u0173 spalvos. Didelis funkcionalumas taip pat yra neabejotinas privalumas \u2013 ji [\u2026]<\/p>","protected":false},"featured_media":218124,"comment_status":"open","ping_status":"closed","template":"","meta":[],"product_brand":[],"product_cat":[9133],"product_tag":[],"class_list":{"0":"post-218083","1":"product","2":"type-product","3":"status-publish","4":"has-post-thumbnail","6":"product_cat-grouped","8":"first","9":"instock","10":"shipping-taxable","11":"purchasable","12":"product-type-variable","13":"wvs-archive-product-wrapper"},"_links":{"self":[{"href":"https:\/\/baldumarket.lt\/lt\/wp-json\/wp\/v2\/product\/218083","targetHints":{"allow":["GET"]}}],"collection":[{"href":"https:\/\/baldumarket.lt\/lt\/wp-json\/wp\/v2\/product"}],"about":[{"href":"https:\/\/baldumarket.lt\/lt\/wp-json\/wp\/v2\/types\/product"}],"replies":[{"embeddable":true,"href":"https:\/\/baldumarket.lt\/lt\/wp-json\/wp\/v2\/comments?post=218083"}],"wp:featuredmedia":[{"embeddable":true,"href":"https:\/\/baldumarket.lt\/lt\/wp-json\/wp\/v2\/media\/218124"}],"wp:attachment":[{"href":"https:\/\/baldumarket.lt\/lt\/wp-json\/wp\/v2\/media?parent=218083"}],"wp:term":[{"taxonomy":"product_brand","embeddable":true,"href":"https:\/\/baldumarket.lt\/lt\/wp-json\/wp\/v2\/product_brand?post=218083"},{"taxonomy":"product_cat","embeddable":true,"href":"https:\/\/baldumarket.lt\/lt\/wp-json\/wp\/v2\/product_cat?post=218083"},{"taxonomy":"product_tag","embeddable":true,"href":"https:\/\/baldumarket.lt\/lt\/wp-json\/wp\/v2\/product_tag?post=218083"}],"curies":[{"name":"wp","href":"https:\/\/api.w.org\/{rel}","templated":true}]}}