{"id":218076,"date":"2025-12-27T04:15:47","date_gmt":"2025-12-27T01:15:47","guid":{"rendered":"https:\/\/baldumarket.lt\/?post_type=product&#038;p=218076"},"modified":"2026-03-24T12:09:11","modified_gmt":"2026-03-24T09:09:11","slug":"promocja-naroznik-z-przesuwnymi-oparciami-cesar-tkanina-astra-gr4","status":"publish","type":"product","link":"https:\/\/baldumarket.lt\/lt\/product\/promocja-naroznik-z-przesuwnymi-oparciami-cesar-tkanina-astra-gr4\/","title":{"rendered":"AKCIJA &#8211; Kampin\u0117 sofa su stumdomomis atlo\u0161ais CESAR &#8211; Astra Gr4 audinys"},"content":{"rendered":"<p>SPECIALUS PASI\u016aLYMAS \u2013 CESAR kampin\u0117 sofa su stumdomomis atlo\u0161ais \u2013 \u201eAstra\u201c audinys<br \/>\nKampin\u0117s sofos su reklaminiu \u201eAstra\u201c apmu\u0161alu kaina<br \/>\nMatmenys:<br \/>\n\u2013 Plotis: 290 cm<br \/>\n\u2013 Gylis: 183 cm<br \/>\n\u2013 Auk\u0161tis: 102 cm<br \/>\n\u2013 S\u0117dyn\u0117s gylis: 71\/57 cm<br \/>\n\u2013 S\u0117dyn\u0117s auk\u0161tis: 45 cm<br \/>\nSavyb\u0117s ir dizainas:<br \/>\n\u2013 R\u0117mas: pu\u0161ies mediena, MDF plok\u0161t\u0117, med\u017eio dro\u017eli\u0173 plok\u0161t\u0117, medienos plau\u0161\u0173 plok\u0161t\u0117, apmu\u0161al\u0173 kartonas, fanera<br \/>\n\u2013 S\u0117dyn\u0117: B tipo banguotos spyruokl\u0117s, T28\/30 putplastis<br \/>\n\u2013 Atlo\u0161as: silikoninis u\u017epildas, T16\/20 putplastis<br \/>\n\u2013 Porankis: T18\/30 putplastis<br \/>\n\u2013 Kojel\u0117s: metalas, plastikas<br \/>\n\u2013 Stumdomas atlo\u0161as x3<br \/>\nSvoris: 100 kg<\/p>","protected":false},"excerpt":{"rendered":"<p>SPECIALUS PASI\u016aLYMAS \u2013 CESAR kampin\u0117 sofa su stumdomomis atlo\u0161ais \u2013 \u201eAstra\u201c audinys Kaina u\u017e kampin\u0119 sof\u0105 su reklaminiu \u201eAstra\u201c apmu\u0161alu Matmenys: \u2013 Plotis: 290 cm \u2013 Gylis: 183 cm \u2013 Auk\u0161tis: 102 cm \u2013 S\u0117dyn\u0117s gylis: 71\/57 cm \u2013 S\u0117dyn\u0117s auk\u0161tis: 45 cm Savyb\u0117s ir dizainas: \u2013 R\u0117mas: pu\u0161ies mediena, MDF plok\u0161t\u0117, med\u017eio dro\u017eli\u0173 plok\u0161t\u0117, medienos plau\u0161\u0173 plok\u0161t\u0117, apmu\u0161alai [\u2026]<\/p>","protected":false},"featured_media":218098,"comment_status":"open","ping_status":"closed","template":"","meta":[],"product_brand":[],"product_cat":[9133],"product_tag":[],"class_list":{"0":"post-218076","1":"product","2":"type-product","3":"status-publish","4":"has-post-thumbnail","6":"product_cat-grouped","8":"first","9":"instock","10":"shipping-taxable","11":"purchasable","12":"product-type-variable","13":"wvs-archive-product-wrapper"},"_links":{"self":[{"href":"https:\/\/baldumarket.lt\/lt\/wp-json\/wp\/v2\/product\/218076","targetHints":{"allow":["GET"]}}],"collection":[{"href":"https:\/\/baldumarket.lt\/lt\/wp-json\/wp\/v2\/product"}],"about":[{"href":"https:\/\/baldumarket.lt\/lt\/wp-json\/wp\/v2\/types\/product"}],"replies":[{"embeddable":true,"href":"https:\/\/baldumarket.lt\/lt\/wp-json\/wp\/v2\/comments?post=218076"}],"wp:featuredmedia":[{"embeddable":true,"href":"https:\/\/baldumarket.lt\/lt\/wp-json\/wp\/v2\/media\/218098"}],"wp:attachment":[{"href":"https:\/\/baldumarket.lt\/lt\/wp-json\/wp\/v2\/media?parent=218076"}],"wp:term":[{"taxonomy":"product_brand","embeddable":true,"href":"https:\/\/baldumarket.lt\/lt\/wp-json\/wp\/v2\/product_brand?post=218076"},{"taxonomy":"product_cat","embeddable":true,"href":"https:\/\/baldumarket.lt\/lt\/wp-json\/wp\/v2\/product_cat?post=218076"},{"taxonomy":"product_tag","embeddable":true,"href":"https:\/\/baldumarket.lt\/lt\/wp-json\/wp\/v2\/product_tag?post=218076"}],"curies":[{"name":"wp","href":"https:\/\/api.w.org\/{rel}","templated":true}]}}