{"id":218052,"date":"2025-12-27T04:14:37","date_gmt":"2025-12-27T01:14:37","guid":{"rendered":"https:\/\/baldumarket.lt\/?post_type=product&#038;p=218052"},"modified":"2026-03-24T12:03:23","modified_gmt":"2026-03-24T09:03:23","slug":"promocja-naroznik-rozkladany-futuro-tkanina-aragon-gr2","status":"publish","type":"product","link":"https:\/\/baldumarket.lt\/lt\/product\/promocja-naroznik-rozkladany-futuro-tkanina-aragon-gr2\/","title":{"rendered":"AKCIJA &#8211; FUTURO i\u0161skleid\u017eiama kampin\u0117 sofa &#8211; Aragon Gr2 audinys"},"content":{"rendered":"<p>AKCIJA \u2013 FUTURO i\u0161skleid\u017eiama kampin\u0117 sofa \u2013 Aragon audinys<br \/>\nKampin\u0117s sofos su reklaminiu \u201eAragon\u201c apmu\u0161alu kaina<br \/>\nMatmenys:<br \/>\n\u2013 Plotis: 292 cm<br \/>\n\u2013 Gylis: 180 cm<br \/>\n\u2013 Auk\u0161tis: 86\/72 cm<br \/>\n\u2013 S\u0117dyn\u0117s gylis: 58\/79 cm<br \/>\n\u2013 S\u0117dyn\u0117s auk\u0161tis: 45 cm<br \/>\n\u2013 Miegamoji erdv\u0117: 250 x 143 cm<br \/>\n\u2013 Patalyn\u0117: 159,5 x 92 x 12 cm<br \/>\nSavyb\u0117s ir konstrukcija:<br \/>\n\u2013 R\u0117mas: pu\u0161ies mediena, buko mediena, med\u017eio dro\u017eli\u0173 plok\u0161t\u0117, MDF plok\u0161t\u0117, HDF plok\u0161t\u0117, medienos plau\u0161\u0173 plok\u0161t\u0117, fanera, apmu\u0161al\u0173 kartonas<br \/>\n\u2013 S\u0117dyn\u0117: B tipo banguotos spyruokl\u0117s, sumu\u0161tinio tipo u\u017epildas (PUR putplastis T28\/30 + HR 30\/30)<br \/>\n\u2013 Atlo\u0161as: T16\/20 putplastis<br \/>\n\u2013 \u0160onin\u0117s panel\u0117s: putplastis T16\/20<br \/>\n\u2013 Atlo\u0161o pagalv\u0117l\u0117s: silikoninis u\u017epildas<br \/>\n\u2013 Kojel\u0117s: metalin\u0117s<br \/>\n\u2013 Delfin\u0173 miego funkcija<br \/>\n\u2013 1 patalyn\u0117s laikymo skyrius<br \/>\nSvoris: 119,8 kg<\/p>","protected":false},"excerpt":{"rendered":"<p>AKCIJA \u2013 FUTURO i\u0161skleid\u017eiama kampin\u0117 sofa \u2013 Aragon audinys Kaina u\u017e kampin\u0119 sof\u0105 su reklaminiu Aragon apmu\u0161alu Matmenys: \u2013 Plotis: 292 cm \u2013 Gylis: 180 cm \u2013 Auk\u0161tis: 86\/72 cm \u2013 S\u0117dyn\u0117s gylis: 58\/79 cm \u2013 S\u0117dyn\u0117s auk\u0161tis: 45 cm \u2013 Miegamoji dalis: 250 x 143 cm \u2013 Patalyn\u0117: 159,5 x 92 x 12 [\u2026]<\/p>","protected":false},"featured_media":218085,"comment_status":"open","ping_status":"closed","template":"","meta":[],"product_brand":[],"product_cat":[9133],"product_tag":[],"class_list":{"0":"post-218052","1":"product","2":"type-product","3":"status-publish","4":"has-post-thumbnail","6":"product_cat-grouped","8":"first","9":"instock","10":"shipping-taxable","11":"purchasable","12":"product-type-variable","13":"wvs-archive-product-wrapper"},"_links":{"self":[{"href":"https:\/\/baldumarket.lt\/lt\/wp-json\/wp\/v2\/product\/218052","targetHints":{"allow":["GET"]}}],"collection":[{"href":"https:\/\/baldumarket.lt\/lt\/wp-json\/wp\/v2\/product"}],"about":[{"href":"https:\/\/baldumarket.lt\/lt\/wp-json\/wp\/v2\/types\/product"}],"replies":[{"embeddable":true,"href":"https:\/\/baldumarket.lt\/lt\/wp-json\/wp\/v2\/comments?post=218052"}],"wp:featuredmedia":[{"embeddable":true,"href":"https:\/\/baldumarket.lt\/lt\/wp-json\/wp\/v2\/media\/218085"}],"wp:attachment":[{"href":"https:\/\/baldumarket.lt\/lt\/wp-json\/wp\/v2\/media?parent=218052"}],"wp:term":[{"taxonomy":"product_brand","embeddable":true,"href":"https:\/\/baldumarket.lt\/lt\/wp-json\/wp\/v2\/product_brand?post=218052"},{"taxonomy":"product_cat","embeddable":true,"href":"https:\/\/baldumarket.lt\/lt\/wp-json\/wp\/v2\/product_cat?post=218052"},{"taxonomy":"product_tag","embeddable":true,"href":"https:\/\/baldumarket.lt\/lt\/wp-json\/wp\/v2\/product_tag?post=218052"}],"curies":[{"name":"wp","href":"https:\/\/api.w.org\/{rel}","templated":true}]}}