{"id":218038,"date":"2025-12-27T04:13:32","date_gmt":"2025-12-27T01:13:32","guid":{"rendered":"https:\/\/baldumarket.lt\/?post_type=product&#038;p=218038"},"modified":"2026-03-24T12:03:23","modified_gmt":"2026-03-24T09:03:23","slug":"naroznik-rozkladany-felipe-gr2","status":"publish","type":"product","link":"https:\/\/baldumarket.lt\/lt\/product\/naroznik-rozkladany-felipe-gr2\/","title":{"rendered":"FELIPE Gr2 i\u0161skleid\u017eiama kampin\u0117 sofa"},"content":{"rendered":"<p>FELIPE i\u0161skleid\u017eiama kampin\u0117 sofa<br \/>\nMatmenys:<br \/>\n\u2013 Plotis: 290 cm<br \/>\n\u2013 Gylis: 182\/100 cm<br \/>\n\u2013 Auk\u0161tis: 90 cm<br \/>\n\u2013 S\u0117dyn\u0117s auk\u0161tis: 46 cm<br \/>\n\u2013 Miegamoji erdv\u0117: 287 x 127 cm<br \/>\n\u2013 Patalyn\u0117 daiktams laikyti: 147 x 59 x 15,5 cm<br \/>\nMed\u017eiaga:<br \/>\n\u2013 R\u0117mas: pu\u0161ies mediena, MDF, medienos plau\u0161\u0173 plok\u0161t\u0117, med\u017eio dro\u017eli\u0173 plok\u0161t\u0117<br \/>\n\u2013 S\u0117dyn\u0117: B tipo zigzago formos spyruokl\u0117s, T28\/30 putplastis<br \/>\n\u2013 Atlo\u0161as: A tipo zigzago formos spyruokl\u0117s, T28\/30 putplastis<br \/>\n\u2013 Nugaros pagalv\u0117l\u0117s: faneros u\u017epildas<br \/>\n\u2013 Kojel\u0117s: metalas, plastikas<br \/>\nSavyb\u0117s:<br \/>\n\u2013 Galima \u012fsigyti i\u0161 plataus audini\u0173 asortimento<br \/>\n\u2013 Miego funkcija (DL)<br \/>\n\u2013 Patalyn\u0117s laikymo vieta<\/p>","protected":false},"excerpt":{"rendered":"<p>FELIPE i\u0161skleid\u017eiamos kampin\u0117s sofos matmenys: \u2013 Plotis: 290 cm \u2013 Gylis: 182\/100 cm \u2013 Auk\u0161tis: 90 cm \u2013 S\u0117dyn\u0117s auk\u0161tis: 46 cm \u2013 Miegamoji dalis: 287 x 127 cm \u2013 Patalyn\u0117: 147 x 59 x 15,5 cm Med\u017eiaga: \u2013 R\u0117mas: pu\u0161ies mediena, MDF, medienos plau\u0161\u0173 plok\u0161t\u0117, med\u017eio dro\u017eli\u0173 plok\u0161t\u0117 \u2013 S\u0117dyn\u0117: B tipo zigzago spyruokl\u0117s, T28\/30 putplastis \u2013 [\u2026]<\/p>","protected":false},"featured_media":218063,"comment_status":"open","ping_status":"closed","template":"","meta":[],"product_brand":[],"product_cat":[9133],"product_tag":[],"class_list":{"0":"post-218038","1":"product","2":"type-product","3":"status-publish","4":"has-post-thumbnail","6":"product_cat-grouped","8":"first","9":"instock","10":"shipping-taxable","11":"purchasable","12":"product-type-variable","13":"wvs-archive-product-wrapper"},"_links":{"self":[{"href":"https:\/\/baldumarket.lt\/lt\/wp-json\/wp\/v2\/product\/218038","targetHints":{"allow":["GET"]}}],"collection":[{"href":"https:\/\/baldumarket.lt\/lt\/wp-json\/wp\/v2\/product"}],"about":[{"href":"https:\/\/baldumarket.lt\/lt\/wp-json\/wp\/v2\/types\/product"}],"replies":[{"embeddable":true,"href":"https:\/\/baldumarket.lt\/lt\/wp-json\/wp\/v2\/comments?post=218038"}],"wp:featuredmedia":[{"embeddable":true,"href":"https:\/\/baldumarket.lt\/lt\/wp-json\/wp\/v2\/media\/218063"}],"wp:attachment":[{"href":"https:\/\/baldumarket.lt\/lt\/wp-json\/wp\/v2\/media?parent=218038"}],"wp:term":[{"taxonomy":"product_brand","embeddable":true,"href":"https:\/\/baldumarket.lt\/lt\/wp-json\/wp\/v2\/product_brand?post=218038"},{"taxonomy":"product_cat","embeddable":true,"href":"https:\/\/baldumarket.lt\/lt\/wp-json\/wp\/v2\/product_cat?post=218038"},{"taxonomy":"product_tag","embeddable":true,"href":"https:\/\/baldumarket.lt\/lt\/wp-json\/wp\/v2\/product_tag?post=218038"}],"curies":[{"name":"wp","href":"https:\/\/api.w.org\/{rel}","templated":true}]}}