{"id":218010,"date":"2025-12-27T04:12:13","date_gmt":"2025-12-27T01:12:13","guid":{"rendered":"https:\/\/baldumarket.lt\/?post_type=product&#038;p=218010"},"modified":"2026-02-03T23:13:11","modified_gmt":"2026-02-03T20:13:11","slug":"naroznik-z-wysuwanym-siedziskiem-grenada-lc","status":"publish","type":"product","link":"https:\/\/baldumarket.lt\/lt\/product\/naroznik-z-wysuwanym-siedziskiem-grenada-lc\/","title":{"rendered":"Kampin\u0117 sofa su i\u0161skleid\u017eiama s\u0117dyne GRENADA LC"},"content":{"rendered":"<p>GRENADA LC kampin\u0117 sofa su i\u0161skleid\u017eiama s\u0117dyne<br \/>\nMatmenys:<br \/>\n\u2013 plotis: 283 cm<br \/>\n\u2013 gylis: 175 \/ 183 cm<br \/>\n\u2013 auk\u0161tis: 91 \/ 107 cm<br \/>\n\u2013 s\u0117dyn\u0117s gylis: 58 \/ 83 cm<br \/>\n\u2013 s\u0117dyn\u0117s auk\u0161tis: 45 cm<br \/>\nSavyb\u0117s ir konstrukcija:<br \/>\n\u2013 karkasas: pu\u0161ies mediena, apmu\u0161al\u0173 kartonas, MDF plok\u0161t\u0117, medienos plau\u0161\u0173 plok\u0161t\u0117, med\u017eio dro\u017eli\u0173 plok\u0161t\u0117, fanera<br \/>\n\u2013 s\u0117dyn\u0117: B tipo banguotos spyruokl\u0117s, HR 30\/10 + HR 35\/32 putplastis<br \/>\n\u2013 atlo\u0161as: T23\/15 putplastis<br \/>\n\u2013 \u0161onin\u0117s panel\u0117s: T16\/20 putplastis<br \/>\n\u2013 elektrinis s\u0117dyn\u0117s prailginimas x1<br \/>\n\u2013 reguliuojama galvos atrama x3<br \/>\n\u2013 galima \u012fsigyti i\u0161 plataus audini\u0173 asortimento<br \/>\nSvoris: 125,7 kg<\/p>","protected":false},"excerpt":{"rendered":"<p>GRENADA LC kampin\u0117 sofa su i\u0161skleid\u017eiama s\u0117dyne Matmenys: \u2013 plotis: 283 cm \u2013 gylis: 175 \/ 183 cm \u2013 auk\u0161tis: 91 \/ 107 cm \u2013 s\u0117dyn\u0117s gylis: 58 \/ 83 cm \u2013 s\u0117dyn\u0117s auk\u0161tis: 45 cm Savyb\u0117s ir konstrukcija: \u2013 r\u0117mas: pu\u0161ies mediena, apmu\u0161al\u0173 kartonas, MDF plok\u0161t\u0117, medienos plau\u0161\u0173 plok\u0161t\u0117, med\u017eio dro\u017eli\u0173 plok\u0161t\u0117, fanera \u2013 s\u0117dyn\u0117: B tipo banguota [\u2026]<\/p>","protected":false},"featured_media":218025,"comment_status":"open","ping_status":"closed","template":"","meta":[],"product_brand":[],"product_cat":[7905,616,1983],"product_tag":[],"class_list":{"0":"post-218010","1":"product","2":"type-product","3":"status-publish","4":"has-post-thumbnail","6":"product_cat-benix","7":"product_cat-corners","8":"product_cat-corners-l","10":"first","11":"instock","12":"shipping-taxable","13":"product-type-grouped"},"_links":{"self":[{"href":"https:\/\/baldumarket.lt\/lt\/wp-json\/wp\/v2\/product\/218010","targetHints":{"allow":["GET"]}}],"collection":[{"href":"https:\/\/baldumarket.lt\/lt\/wp-json\/wp\/v2\/product"}],"about":[{"href":"https:\/\/baldumarket.lt\/lt\/wp-json\/wp\/v2\/types\/product"}],"replies":[{"embeddable":true,"href":"https:\/\/baldumarket.lt\/lt\/wp-json\/wp\/v2\/comments?post=218010"}],"wp:featuredmedia":[{"embeddable":true,"href":"https:\/\/baldumarket.lt\/lt\/wp-json\/wp\/v2\/media\/218025"}],"wp:attachment":[{"href":"https:\/\/baldumarket.lt\/lt\/wp-json\/wp\/v2\/media?parent=218010"}],"wp:term":[{"taxonomy":"product_brand","embeddable":true,"href":"https:\/\/baldumarket.lt\/lt\/wp-json\/wp\/v2\/product_brand?post=218010"},{"taxonomy":"product_cat","embeddable":true,"href":"https:\/\/baldumarket.lt\/lt\/wp-json\/wp\/v2\/product_cat?post=218010"},{"taxonomy":"product_tag","embeddable":true,"href":"https:\/\/baldumarket.lt\/lt\/wp-json\/wp\/v2\/product_tag?post=218010"}],"curies":[{"name":"wp","href":"https:\/\/api.w.org\/{rel}","templated":true}]}}