{"id":217983,"date":"2025-12-27T04:10:56","date_gmt":"2025-12-27T01:10:56","guid":{"rendered":"https:\/\/baldumarket.lt\/?post_type=product&#038;p=217983"},"modified":"2026-03-24T12:06:20","modified_gmt":"2026-03-24T09:06:20","slug":"promocja-sofa-3-osobowa-rozkladana-selene-tkanina-nano-gr3","status":"publish","type":"product","link":"https:\/\/baldumarket.lt\/lt\/product\/promocja-sofa-3-osobowa-rozkladana-selene-tkanina-nano-gr3\/","title":{"rendered":"AKCIJA &#8211; SELENE triviet\u0117 sofa-lova &#8211; Nano Gr3 audinys"},"content":{"rendered":"<p>I\u0160PARDAVIMAS \u2013 SELENE triviet\u0117 sofa-lova \u2013 nano audinys<br \/>\n\u00a0<br \/>\nKaina nurodyta u\u017e sof\u0105 su reklaminiu \u201eNano\u201c apmu\u0161alu.<br \/>\n\u00a0\u00a0<br \/>\nMatmenys:<br \/>\n\u2013 Plotis: 242 cm<br \/>\n\u2013 Gylis: 115 cm<br \/>\n\u2013 Auk\u0161tis: 89\/70 cm<br \/>\n\u2013 S\u0117dyn\u0117s gylis: 91\/67 cm<br \/>\n\u2013 S\u0117dyn\u0117s auk\u0161tis: 45 cm<br \/>\n\u2013 Miegamoji erdv\u0117: 140 \u00d7 190 cm<br \/>\nSavyb\u0117s ir konstrukcija:<br \/>\n\u2013 R\u0117mas: buko mediena, pu\u0161ies mediena, med\u017eio dro\u017eli\u0173 plok\u0161t\u0117, fanera, pluo\u0161to plok\u0161t\u0117, MDF plok\u0161t\u0117, apmu\u0161al\u0173 kartonas<br \/>\n\u2013 S\u0117dyn\u0117: elastingas dir\u017eas, T28\/30 putplastis, silikonas<br \/>\n\u2013 Miegojimo funkcija (atlo\u0161as): elastingas dir\u017eas, T16\/20 putplastis<br \/>\n\u2013 Atlo\u0161as: T16\/20 putplastis<br \/>\n\u2013 \u0160onin\u0117 panel\u0117: T16\/20 putplastis<br \/>\n\u2013 Atlo\u0161o pagalv\u0117l\u0117s: silikonin\u0117s<br \/>\n\u2013 Kojel\u0117s: metalas, plastikas<br \/>\n\u2013 Miego funkcija: DL<br \/>\nSvoris: 85 kg<\/p>","protected":false},"excerpt":{"rendered":"<p>I\u0160PARDAVIMAS \u2013 SELENE triviet\u0117 sofa-lova \u2013 Nano audinys Kaina nurodyta sofos su reklaminiu Nano apmu\u0161alu. Matmenys: \u2013 Plotis: 242 cm \u2013 Gylis: 115 cm \u2013 Auk\u0161tis: 89\/70 cm \u2013 S\u0117dyn\u0117s gylis: 91\/67 cm \u2013 S\u0117dyn\u0117s auk\u0161tis: 45 cm \u2013 Miegamoji dalis: 140 \u00d7 190 cm Savyb\u0117s ir konstrukcija: \u2013 R\u0117mas: bukas [\u2026]<\/p>","protected":false},"featured_media":218013,"comment_status":"open","ping_status":"closed","template":"","meta":[],"product_brand":[],"product_cat":[9133],"product_tag":[],"class_list":{"0":"post-217983","1":"product","2":"type-product","3":"status-publish","4":"has-post-thumbnail","6":"product_cat-grouped","8":"first","9":"instock","10":"shipping-taxable","11":"purchasable","12":"product-type-variable","13":"wvs-archive-product-wrapper"},"_links":{"self":[{"href":"https:\/\/baldumarket.lt\/lt\/wp-json\/wp\/v2\/product\/217983","targetHints":{"allow":["GET"]}}],"collection":[{"href":"https:\/\/baldumarket.lt\/lt\/wp-json\/wp\/v2\/product"}],"about":[{"href":"https:\/\/baldumarket.lt\/lt\/wp-json\/wp\/v2\/types\/product"}],"replies":[{"embeddable":true,"href":"https:\/\/baldumarket.lt\/lt\/wp-json\/wp\/v2\/comments?post=217983"}],"wp:featuredmedia":[{"embeddable":true,"href":"https:\/\/baldumarket.lt\/lt\/wp-json\/wp\/v2\/media\/218013"}],"wp:attachment":[{"href":"https:\/\/baldumarket.lt\/lt\/wp-json\/wp\/v2\/media?parent=217983"}],"wp:term":[{"taxonomy":"product_brand","embeddable":true,"href":"https:\/\/baldumarket.lt\/lt\/wp-json\/wp\/v2\/product_brand?post=217983"},{"taxonomy":"product_cat","embeddable":true,"href":"https:\/\/baldumarket.lt\/lt\/wp-json\/wp\/v2\/product_cat?post=217983"},{"taxonomy":"product_tag","embeddable":true,"href":"https:\/\/baldumarket.lt\/lt\/wp-json\/wp\/v2\/product_tag?post=217983"}],"curies":[{"name":"wp","href":"https:\/\/api.w.org\/{rel}","templated":true}]}}