{"id":217973,"date":"2025-12-27T04:10:26","date_gmt":"2025-12-27T01:10:26","guid":{"rendered":"https:\/\/baldumarket.lt\/?post_type=product&#038;p=217973"},"modified":"2026-02-03T23:13:13","modified_gmt":"2026-02-03T20:13:13","slug":"naroznik-rozkladany-futuro","status":"publish","type":"product","link":"https:\/\/baldumarket.lt\/lt\/product\/naroznik-rozkladany-futuro\/","title":{"rendered":"FUTURO i\u0161skleid\u017eiama kampin\u0117 sofa"},"content":{"rendered":"<p>FUTURO i\u0161skleid\u017eiama kampin\u0117 sofa<br \/>\n\u00a0\u00a0<br \/>\nMatmenys:<br \/>\n\u2013 plotis: 292 cm<br \/>\n\u2013 gylis: 180 cm<br \/>\n\u2013 auk\u0161tis: 86\/72 cm<br \/>\n\u2013 s\u0117dyn\u0117s gylis: 58\/79 cm<br \/>\n\u2013 s\u0117dyn\u0117s auk\u0161tis: 45 cm<br \/>\n\u2013 miegamoji erdv\u0117: 250 x 143 cm<br \/>\n\u2013 patalyn\u0117s laikymo vietos matmenys: 159,5 x 92 x 12 cm<br \/>\n\u00a0<br \/>\nSavyb\u0117s ir konstrukcija:<br \/>\n\u2013 karkasas: pu\u0161ies mediena, buko mediena, med\u017eio dro\u017eli\u0173 plok\u0161t\u0117, MDF plok\u0161t\u0117, HDF plok\u0161t\u0117, medienos plau\u0161\u0173 plok\u0161t\u0117, fanera, apmu\u0161al\u0173 kartonas<br \/>\n\u2013 s\u0117dyn\u0117: B tipo banguotos spyruokl\u0117s, sumu\u0161tinio tipo u\u017epildas (PUR putplastis T28\/30 + HR 30\/30)<br \/>\n\u2013 atlo\u0161as: T16\/20 putplastis<br \/>\n\u2013 \u0161onin\u0117s panel\u0117s: T16\/20 putplastis<br \/>\n\u2013 nugaros pagalv\u0117l\u0117s: silikoninis u\u017epildas<br \/>\n\u2013 kojos: metalin\u0117s<br \/>\n\u2013 Delfin\u0173 miego funkcija<br \/>\n\u2013 1 patalyn\u0117s sand\u0117liavimo spintel\u0117<br \/>\n\u2013 Galima \u012fsigyti i\u0161 plataus audini\u0173 asortimento<br \/>\nSvoris: 119,8 kg<\/p>","protected":false},"excerpt":{"rendered":"<p>FUTURO i\u0161skleid\u017eiama kampin\u0117 sofa Matmenys: \u2013 plotis: 292 cm \u2013 gylis: 180 cm \u2013 auk\u0161tis: 86\/72 cm \u2013 s\u0117dyn\u0117s gylis: 58\/79 cm \u2013 s\u0117dyn\u0117s auk\u0161tis: 45 cm \u2013 miegamoji dalis: 250 x 143 cm \u2013 patalyn\u0117s skyrius: 159,5 x 92 x 12 cm Savyb\u0117s ir konstrukcija: \u2013 r\u0117mas: pu\u0161ies mediena, buko mediena, med\u017eio dro\u017eli\u0173 plok\u0161t\u0117, [\u2026]<\/p>","protected":false},"featured_media":217990,"comment_status":"open","ping_status":"closed","template":"","meta":[],"product_brand":[],"product_cat":[7905,616,1983],"product_tag":[],"class_list":{"0":"post-217973","1":"product","2":"type-product","3":"status-publish","4":"has-post-thumbnail","6":"product_cat-benix","7":"product_cat-corners","8":"product_cat-corners-l","10":"first","11":"instock","12":"shipping-taxable","13":"product-type-grouped"},"_links":{"self":[{"href":"https:\/\/baldumarket.lt\/lt\/wp-json\/wp\/v2\/product\/217973","targetHints":{"allow":["GET"]}}],"collection":[{"href":"https:\/\/baldumarket.lt\/lt\/wp-json\/wp\/v2\/product"}],"about":[{"href":"https:\/\/baldumarket.lt\/lt\/wp-json\/wp\/v2\/types\/product"}],"replies":[{"embeddable":true,"href":"https:\/\/baldumarket.lt\/lt\/wp-json\/wp\/v2\/comments?post=217973"}],"wp:featuredmedia":[{"embeddable":true,"href":"https:\/\/baldumarket.lt\/lt\/wp-json\/wp\/v2\/media\/217990"}],"wp:attachment":[{"href":"https:\/\/baldumarket.lt\/lt\/wp-json\/wp\/v2\/media?parent=217973"}],"wp:term":[{"taxonomy":"product_brand","embeddable":true,"href":"https:\/\/baldumarket.lt\/lt\/wp-json\/wp\/v2\/product_brand?post=217973"},{"taxonomy":"product_cat","embeddable":true,"href":"https:\/\/baldumarket.lt\/lt\/wp-json\/wp\/v2\/product_cat?post=217973"},{"taxonomy":"product_tag","embeddable":true,"href":"https:\/\/baldumarket.lt\/lt\/wp-json\/wp\/v2\/product_tag?post=217973"}],"curies":[{"name":"wp","href":"https:\/\/api.w.org\/{rel}","templated":true}]}}