{"id":217941,"date":"2025-12-27T04:08:29","date_gmt":"2025-12-27T01:08:29","guid":{"rendered":"https:\/\/baldumarket.lt\/?post_type=product&#038;p=217941"},"modified":"2026-02-03T23:13:16","modified_gmt":"2026-02-03T20:13:16","slug":"naroznik-rozkladany-floby","status":"publish","type":"product","link":"https:\/\/baldumarket.lt\/lt\/product\/naroznik-rozkladany-floby\/","title":{"rendered":"FLOBY i\u0161skleid\u017eiama kampin\u0117 sofa"},"content":{"rendered":"<p>FLOBY sulankstoma kampin\u0117 sofa<br \/>\nMatmenys:<br \/>\n\u2013 plotis: 313 cm<br \/>\n\u2013 gylis: 215 cm<br \/>\n\u2013 auk\u0161tis: 80\/92 cm<br \/>\n\u2013 s\u0117dyn\u0117s gylis: 65\/90 cm<br \/>\n\u2013 s\u0117dyn\u0117s auk\u0161tis: 44 cm<br \/>\n\u2013 miegamoji erdv\u0117: 242 x 140 cm<br \/>\n\u2013 patalyn\u0117s laikymo vieta: 150 x 63 x 14 cm<br \/>\nSavyb\u0117s ir meistri\u0161kumas:<br \/>\n\u2013 r\u0117mas: pu\u0161ies mediena, med\u017eio dro\u017eli\u0173 plok\u0161t\u0117, medienos plau\u0161\u0173 plok\u0161t\u0117, fanera<br \/>\n\u2013 s\u0117dyn\u0117: vingiuotos spyruokl\u0117s, T25\/42 putplastis<br \/>\n\u2013 atlo\u0161as: pl\u0117\u0161ytas putplastis<br \/>\n\u2013 porankis: T25\/42 putplastis<br \/>\n\u2013 kojel\u0117s: medin\u0117s (spalva pasirenkama)<br \/>\n\u2013 DL miego funkcija<br \/>\n\u2013 patalyn\u0117s d\u0117\u017e\u0117 x1<br \/>\n\u2013 3 atlo\u0161o pagalv\u0117l\u0117s<br \/>\n\u2013 galima \u012fsigyti i\u0161 plataus audini\u0173 asortimento<br \/>\nSvoris: 128,8 kg<br \/>\n\u00a0<\/p>","protected":false},"excerpt":{"rendered":"<p>FLOBY sulankstoma kampin\u0117 sofa Matmenys: \u2013 plotis: 313 cm \u2013 gylis: 215 cm \u2013 auk\u0161tis: 80\/92 cm \u2013 s\u0117dyn\u0117s gylis: 65\/90 cm \u2013 s\u0117dyn\u0117s auk\u0161tis: 44 cm \u2013 miegamoji dalis: 242 x 140 cm \u2013 patalyn\u0117s skyrius: 150 x 63 x 14 cm Savyb\u0117s ir gamyba: \u2013 r\u0117mas: pu\u0161ies mediena, med\u017eio dro\u017eli\u0173 plok\u0161t\u0117, pluo\u0161to plok\u0161t\u0117, fanera \u2013 s\u0117dyn\u0117: [\u2026]<\/p>","protected":false},"featured_media":217955,"comment_status":"open","ping_status":"closed","template":"","meta":[],"product_brand":[],"product_cat":[7905,616,1983],"product_tag":[],"class_list":{"0":"post-217941","1":"product","2":"type-product","3":"status-publish","4":"has-post-thumbnail","6":"product_cat-benix","7":"product_cat-corners","8":"product_cat-corners-l","10":"first","11":"instock","12":"shipping-taxable","13":"product-type-grouped"},"_links":{"self":[{"href":"https:\/\/baldumarket.lt\/lt\/wp-json\/wp\/v2\/product\/217941","targetHints":{"allow":["GET"]}}],"collection":[{"href":"https:\/\/baldumarket.lt\/lt\/wp-json\/wp\/v2\/product"}],"about":[{"href":"https:\/\/baldumarket.lt\/lt\/wp-json\/wp\/v2\/types\/product"}],"replies":[{"embeddable":true,"href":"https:\/\/baldumarket.lt\/lt\/wp-json\/wp\/v2\/comments?post=217941"}],"wp:featuredmedia":[{"embeddable":true,"href":"https:\/\/baldumarket.lt\/lt\/wp-json\/wp\/v2\/media\/217955"}],"wp:attachment":[{"href":"https:\/\/baldumarket.lt\/lt\/wp-json\/wp\/v2\/media?parent=217941"}],"wp:term":[{"taxonomy":"product_brand","embeddable":true,"href":"https:\/\/baldumarket.lt\/lt\/wp-json\/wp\/v2\/product_brand?post=217941"},{"taxonomy":"product_cat","embeddable":true,"href":"https:\/\/baldumarket.lt\/lt\/wp-json\/wp\/v2\/product_cat?post=217941"},{"taxonomy":"product_tag","embeddable":true,"href":"https:\/\/baldumarket.lt\/lt\/wp-json\/wp\/v2\/product_tag?post=217941"}],"curies":[{"name":"wp","href":"https:\/\/api.w.org\/{rel}","templated":true}]}}