{"id":217916,"date":"2025-12-27T04:06:53","date_gmt":"2025-12-27T01:06:53","guid":{"rendered":"https:\/\/baldumarket.lt\/?post_type=product&#038;p=217916"},"modified":"2026-03-24T12:03:31","modified_gmt":"2026-03-24T09:03:31","slug":"fotel-obrotowy-hebe-gr2","status":"publish","type":"product","link":"https:\/\/baldumarket.lt\/lt\/product\/fotel-obrotowy-hebe-gr2\/","title":{"rendered":"HEBE Gr2 sukamoji k\u0117d\u0117"},"content":{"rendered":"<p>HEBE pasukama k\u0117d\u0117<br \/>\n\u00a0\u00a0<br \/>\nMatmenys:<br \/>\n\u2013 Plotis: 80 cm<br \/>\n\u2013 Gylis: 80 cm<br \/>\n\u2013 Auk\u0161tis: 78 cm<br \/>\n\u2013 S\u0117dyn\u0117s gylis: 54 cm<br \/>\n\u2013 S\u0117dyn\u0117s auk\u0161tis: 48 cm<br \/>\n\u00a0<br \/>\nSavyb\u0117s ir dizainas:<br \/>\n\u2013 R\u0117mas: pu\u0161ies mediena, apmu\u0161al\u0173 kartonas, MDF plok\u0161t\u0117, fanera<br \/>\n\u2013 S\u0117dyn\u0117: T35\/45 putplastis<br \/>\n\u2013 Atlo\u0161as: T18\/30 putplastis<br \/>\n\u2013 Kojel\u0117s: metalin\u0117s<br \/>\n\u2013 360\u00b0 pasukimo funkcija<br \/>\n\u2013 Galima \u012fsigyti i\u0161 plataus audini\u0173 asortimento<br \/>\nSvoris: 18 kg<br \/>\n\u00a0<\/p>","protected":false},"excerpt":{"rendered":"<p>HEBE sukamosios k\u0117d\u0117s matmenys: \u2013 Plotis: 80 cm \u2013 Gylis: 80 cm \u2013 Auk\u0161tis: 78 cm \u2013 S\u0117dyn\u0117s gylis: 54 cm \u2013 S\u0117dyn\u0117s auk\u0161tis: 48 cm Savyb\u0117s ir dizainas: \u2013 R\u0117mas: pu\u0161ies mediena, apmu\u0161al\u0173 kartonas, MDF plok\u0161t\u0117, fanera \u2013 S\u0117dyn\u0117: T35\/45 putplastis \u2013 Atlo\u0161as: T18\/30 putplastis \u2013 Kojel\u0117s: metalin\u0117s \u2013 360\u00b0 pasukimo funkcija [\u2026]<\/p>","protected":false},"featured_media":217946,"comment_status":"open","ping_status":"closed","template":"","meta":[],"product_brand":[],"product_cat":[9133],"product_tag":[],"class_list":{"0":"post-217916","1":"product","2":"type-product","3":"status-publish","4":"has-post-thumbnail","6":"product_cat-grouped","8":"first","9":"instock","10":"shipping-taxable","11":"purchasable","12":"product-type-variable","13":"wvs-archive-product-wrapper"},"_links":{"self":[{"href":"https:\/\/baldumarket.lt\/lt\/wp-json\/wp\/v2\/product\/217916","targetHints":{"allow":["GET"]}}],"collection":[{"href":"https:\/\/baldumarket.lt\/lt\/wp-json\/wp\/v2\/product"}],"about":[{"href":"https:\/\/baldumarket.lt\/lt\/wp-json\/wp\/v2\/types\/product"}],"replies":[{"embeddable":true,"href":"https:\/\/baldumarket.lt\/lt\/wp-json\/wp\/v2\/comments?post=217916"}],"wp:featuredmedia":[{"embeddable":true,"href":"https:\/\/baldumarket.lt\/lt\/wp-json\/wp\/v2\/media\/217946"}],"wp:attachment":[{"href":"https:\/\/baldumarket.lt\/lt\/wp-json\/wp\/v2\/media?parent=217916"}],"wp:term":[{"taxonomy":"product_brand","embeddable":true,"href":"https:\/\/baldumarket.lt\/lt\/wp-json\/wp\/v2\/product_brand?post=217916"},{"taxonomy":"product_cat","embeddable":true,"href":"https:\/\/baldumarket.lt\/lt\/wp-json\/wp\/v2\/product_cat?post=217916"},{"taxonomy":"product_tag","embeddable":true,"href":"https:\/\/baldumarket.lt\/lt\/wp-json\/wp\/v2\/product_tag?post=217916"}],"curies":[{"name":"wp","href":"https:\/\/api.w.org\/{rel}","templated":true}]}}