{"id":217891,"date":"2025-12-27T04:05:12","date_gmt":"2025-12-27T01:05:12","guid":{"rendered":"https:\/\/baldumarket.lt\/?post_type=product&#038;p=217891"},"modified":"2026-02-03T23:13:19","modified_gmt":"2026-02-03T20:13:19","slug":"naroznik-grenada-u-form","status":"publish","type":"product","link":"https:\/\/baldumarket.lt\/lt\/product\/naroznik-grenada-u-form\/","title":{"rendered":"GRENADA U formos kampin\u0117 sofa"},"content":{"rendered":"<p>GRENADA U formos kampin\u0117 sofa<br \/>\n\u201eGrenada U-Form\u201c kampin\u0117 sofa \u2013 tai baldas, skirtas didesniems susib\u016brimams. Tai daugiavietis baldas, pasi\u017eymintis i\u0161skirtinai eleganti\u0161ku stiliumi ir prakti\u0161kumu. \u0160io modelio s\u0117dyn\u0117 u\u017epildyta HR put\u0173 ir B tipo banguot\u0173 spyruokli\u0173 deriniu, kuris teigiamai veikia tiek s\u0117d\u0117jimo patogum\u0105, tiek ilgaam\u017ei\u0161kum\u0105. Be to, \u201eGrenada U-Form\u201c kampin\u0117 sofa turi \u0161e\u0161ias reguliuojamas galvos atramas, leid\u017eian\u010dias kiekvienam rasti patogi\u0105 pad\u0117t\u012f atsipalaidavus. \u0160i kampin\u0117 sofa i\u0161siskiria i\u0161 kit\u0173 bald\u0173 unikaliu dizainu, stilingomis si\u016bl\u0117mis visame pavir\u0161iuje ir auk\u0161tomis kojel\u0117mis, suteikian\u010diomis jai unikal\u0173 charakter\u012f.<br \/>\nMatmenys:<br \/>\n\u2013 Plotis: 350\u2013358 cm<br \/>\n\u2013 Gylis: 223\u2013231 cm<br \/>\n\u2013 \u016agis: 91\u2013107 cm<br \/>\n\u00a0<br \/>\nSavyb\u0117s ir konstrukcija:<br \/>\n\u2013 R\u0117mas: pu\u0161ies mediena, med\u017eio dro\u017eli\u0173 plok\u0161t\u0117, MDF plok\u0161t\u0117, medienos plau\u0161\u0173 plok\u0161t\u0117, fanera, apmu\u0161al\u0173 kartonas<br \/>\n\u2013 S\u0117dyn\u0117: B tipo banguota spyruokl\u0117, HR 35\/32, HR 30\/10 putplastis<br \/>\n\u2013 Atlo\u0161as: T23\/15 putplastis<br \/>\n\u2013 \u0160onin\u0117 panel\u0117: T16\/20 putplastis<br \/>\n\u2013 Kojel\u0117s: metalin\u0117s ir plastikin\u0117s<br \/>\n\u2013 6 reguliuojamos galvos atramos<\/p>","protected":false},"excerpt":{"rendered":"<p>GRENADA U-FORM kampin\u0117 sofa \u201eGrenada U-Form\u201c kampin\u0117 sofa \u2013 tai baldas, skirtas didesniems susib\u016brimams. Tai daugiavietis baldas, pasi\u017eymintis i\u0161skirtinai eleganti\u0161ku stiliumi ir prakti\u0161kumu. \u0160io modelio s\u0117dyn\u0117 u\u017epildyta HR put\u0173 ir B tipo banguot\u0173 spyruokli\u0173 deriniu, kuris teigiamai veikia tiek s\u0117d\u0117jimo patogum\u0105, tiek ilgaam\u017ei\u0161kum\u0105. [\u2026]<\/p>","protected":false},"featured_media":217914,"comment_status":"open","ping_status":"closed","template":"","meta":[],"product_brand":[],"product_cat":[7905,616,1982],"product_tag":[],"class_list":{"0":"post-217891","1":"product","2":"type-product","3":"status-publish","4":"has-post-thumbnail","6":"product_cat-benix","7":"product_cat-corners","8":"product_cat-corners-u","10":"first","11":"instock","12":"shipping-taxable","13":"product-type-grouped"},"_links":{"self":[{"href":"https:\/\/baldumarket.lt\/lt\/wp-json\/wp\/v2\/product\/217891","targetHints":{"allow":["GET"]}}],"collection":[{"href":"https:\/\/baldumarket.lt\/lt\/wp-json\/wp\/v2\/product"}],"about":[{"href":"https:\/\/baldumarket.lt\/lt\/wp-json\/wp\/v2\/types\/product"}],"replies":[{"embeddable":true,"href":"https:\/\/baldumarket.lt\/lt\/wp-json\/wp\/v2\/comments?post=217891"}],"wp:featuredmedia":[{"embeddable":true,"href":"https:\/\/baldumarket.lt\/lt\/wp-json\/wp\/v2\/media\/217914"}],"wp:attachment":[{"href":"https:\/\/baldumarket.lt\/lt\/wp-json\/wp\/v2\/media?parent=217891"}],"wp:term":[{"taxonomy":"product_brand","embeddable":true,"href":"https:\/\/baldumarket.lt\/lt\/wp-json\/wp\/v2\/product_brand?post=217891"},{"taxonomy":"product_cat","embeddable":true,"href":"https:\/\/baldumarket.lt\/lt\/wp-json\/wp\/v2\/product_cat?post=217891"},{"taxonomy":"product_tag","embeddable":true,"href":"https:\/\/baldumarket.lt\/lt\/wp-json\/wp\/v2\/product_tag?post=217891"}],"curies":[{"name":"wp","href":"https:\/\/api.w.org\/{rel}","templated":true}]}}