{"id":217854,"date":"2025-12-27T04:03:18","date_gmt":"2025-12-27T01:03:18","guid":{"rendered":"https:\/\/baldumarket.lt\/?post_type=product&#038;p=217854"},"modified":"2026-03-24T12:00:24","modified_gmt":"2026-03-24T09:00:24","slug":"naroznik-rozkladany-lotos-gr1","status":"publish","type":"product","link":"https:\/\/baldumarket.lt\/lt\/product\/naroznik-rozkladany-lotos-gr1\/","title":{"rendered":"Sulankstoma kampin\u0117 sofa LOTOS Gr1"},"content":{"rendered":"<p>LOTOS i\u0161skleid\u017eiama kampin\u0117 sofa<br \/>\nMatmenys:<br \/>\n\u2013 plotis: 270 cm<br \/>\n\u2013 gylis: 230 cm<br \/>\n\u2013 auk\u0161tis: 73\/87 cm<br \/>\n\u2013 s\u0117dyn\u0117s gylis: 59 cm<br \/>\n\u2013 s\u0117dyn\u0117s auk\u0161tis: 44 cm<br \/>\n\u2013 poranki\u0173 auk\u0161tis: 64\/80 cm<br \/>\n\u2013 miegamoji erdv\u0117: 125 x 193 cm<br \/>\n\u2013 patalyn\u0117s laikymo vietos matmenys: 206 x 92 x 16 cm<br \/>\nSavyb\u0117s ir meistri\u0161kumas:<br \/>\n\u2013 r\u0117mas: pu\u0161ies mediena, buko mediena, med\u017eio dro\u017eli\u0173 plok\u0161t\u0117, MDF plok\u0161t\u0117, medienos plau\u0161\u0173 plok\u0161t\u0117, fanera, apmu\u0161al\u0173 kartonas<br \/>\n\u2013 s\u0117dyn\u0117: zigzago tipo A spyruokl\u0117s, T28\/30 putplastis<br \/>\n\u2013 miegojimo funkcija (ve\u017eim\u0117lis): T25\/42 putplastis<br \/>\n\u2013 atlo\u0161as: T18\/30 putplastis<br \/>\n\u2013 \u0161onin\u0117 panel\u0117: T18\/30 putplastis<br \/>\n\u2013 kojos: metalin\u0117s<br \/>\n\u2013 Delfin\u0173 miego funkcija<br \/>\n\u2013 1 patalyn\u0117s sand\u0117liavimo spintel\u0117<br \/>\n\u2013 3 reguliuojamos galvos atramos<br \/>\n\u2013 1 reguliuojamas porankis<br \/>\n\u2013 Galima \u012fsigyti i\u0161 \u012fvairi\u0173 audini\u0173 ir nat\u016brali\u0173 od\u0173<br \/>\nSvoris: 149,5 kg<\/p>","protected":false},"excerpt":{"rendered":"<p>LOTOS i\u0161skleid\u017eiama kampin\u0117 sofa Matmenys: \u2013 plotis: 270 cm \u2013 gylis: 230 cm \u2013 auk\u0161tis: 73\/87 cm \u2013 s\u0117dyn\u0117s gylis: 59 cm \u2013 s\u0117dyn\u0117s auk\u0161tis: 44 cm \u2013 poranki\u0173 auk\u0161tis: 64\/80 cm \u2013 miegamoji dalis: 125 x 193 cm \u2013 patalyn\u0117s skyrius: 206 x 92 x 16 cm Savyb\u0117s ir gamyba: \u2013 r\u0117mas: pu\u0161ies mediena, [\u2026]<\/p>","protected":false},"featured_media":217892,"comment_status":"open","ping_status":"closed","template":"","meta":[],"product_brand":[],"product_cat":[9133],"product_tag":[],"class_list":{"0":"post-217854","1":"product","2":"type-product","3":"status-publish","4":"has-post-thumbnail","6":"product_cat-grouped","8":"first","9":"instock","10":"shipping-taxable","11":"purchasable","12":"product-type-variable","13":"wvs-archive-product-wrapper"},"_links":{"self":[{"href":"https:\/\/baldumarket.lt\/lt\/wp-json\/wp\/v2\/product\/217854","targetHints":{"allow":["GET"]}}],"collection":[{"href":"https:\/\/baldumarket.lt\/lt\/wp-json\/wp\/v2\/product"}],"about":[{"href":"https:\/\/baldumarket.lt\/lt\/wp-json\/wp\/v2\/types\/product"}],"replies":[{"embeddable":true,"href":"https:\/\/baldumarket.lt\/lt\/wp-json\/wp\/v2\/comments?post=217854"}],"wp:featuredmedia":[{"embeddable":true,"href":"https:\/\/baldumarket.lt\/lt\/wp-json\/wp\/v2\/media\/217892"}],"wp:attachment":[{"href":"https:\/\/baldumarket.lt\/lt\/wp-json\/wp\/v2\/media?parent=217854"}],"wp:term":[{"taxonomy":"product_brand","embeddable":true,"href":"https:\/\/baldumarket.lt\/lt\/wp-json\/wp\/v2\/product_brand?post=217854"},{"taxonomy":"product_cat","embeddable":true,"href":"https:\/\/baldumarket.lt\/lt\/wp-json\/wp\/v2\/product_cat?post=217854"},{"taxonomy":"product_tag","embeddable":true,"href":"https:\/\/baldumarket.lt\/lt\/wp-json\/wp\/v2\/product_tag?post=217854"}],"curies":[{"name":"wp","href":"https:\/\/api.w.org\/{rel}","templated":true}]}}