{"id":217853,"date":"2025-12-27T04:03:17","date_gmt":"2025-12-27T01:03:17","guid":{"rendered":"https:\/\/baldumarket.lt\/?post_type=product&#038;p=217853"},"modified":"2026-02-03T23:13:20","modified_gmt":"2026-02-03T20:13:20","slug":"naroznik-paolo","status":"publish","type":"product","link":"https:\/\/baldumarket.lt\/lt\/product\/naroznik-paolo\/","title":{"rendered":"PAOLO kampin\u0117 sofa"},"content":{"rendered":"<p>Matmenys:<br \/>\n\u2013 Plotis: 293 cm<br \/>\n\u2013 Gylis: 192\/200 cm<br \/>\n\u2013 Auk\u0161tis: 84\/100 cm<br \/>\n\u2013 S\u0117dyn\u0117s auk\u0161tis: 44 cm<br \/>\n\u2013 Miegamoji erdv\u0117: 222 x 146 cm<br \/>\n\u2013 Patalyn\u0117 daiktams laikyti: 178 x 78 x 17 cm<br \/>\nSavyb\u0117s ir meistri\u0161kumas:<br \/>\n\u2013 R\u0117mas: pu\u0161ies ir buko mediena, med\u017eio dro\u017eli\u0173 plok\u0161t\u0117, medienos plau\u0161\u0173 plok\u0161t\u0117, HDF plok\u0161t\u0117, MDF plok\u0161t\u0117, fanera, apmu\u0161al\u0173 kartonas<br \/>\n\u2013 S\u0117dyn\u0117: A tipo banguota spyruokl\u0117, T28\/30 putplastis<br \/>\n\u2013 Atlo\u0161as: T23\/15 putplastis<br \/>\n\u2013 Porankiai: T16\/20 putplastis<br \/>\n\u2013 Kojel\u0117s: metalin\u0117s<br \/>\nSavyb\u0117s:<br \/>\n\u2013 Galima \u012fsigyti i\u0161 plataus audini\u0173 asortimento<br \/>\n\u2013 Universali kampin\u0117 sofa \u2013 Galima montuoti de\u0161in\u0117je arba kair\u0117je pus\u0117je<br \/>\n\u2013 Miegamoji funkcija (tipo DF) kampin\u0117s sofos audinyje<br \/>\n\u2013 Patalyn\u0117s laikymo vieta<br \/>\n\u2013 Stumdomos atlo\u0161o dalys (3 vnt.)<br \/>\n\u2013 Stumdomos galvos atramos (3 vnt.)<br \/>\n\u00a0<\/p>","protected":false},"excerpt":{"rendered":"<p>Matmenys: \u2013 Plotis: 293 cm \u2013 Gylis: 192\/200 cm \u2013 Auk\u0161tis: 84\/100 cm \u2013 S\u0117dyn\u0117s auk\u0161tis: 44 cm \u2013 Miegamoji erdv\u0117: 222 x 146 cm \u2013 Patalyn\u0117: 178 x 78 x 17 cm Savyb\u0117s ir gamyba: \u2013 R\u0117mas: pu\u0161ies ir buko mediena, med\u017eio dro\u017eli\u0173 plok\u0161t\u0117, pluo\u0161to plok\u0161t\u0117, HDF plok\u0161t\u0117, MDF plok\u0161t\u0117, fanera, apmu\u0161al\u0173 kartonas \u2013 S\u0117dyn\u0117: A tipo [\u2026]<\/p>","protected":false},"featured_media":217868,"comment_status":"open","ping_status":"closed","template":"","meta":[],"product_brand":[],"product_cat":[7905,616,1983],"product_tag":[],"class_list":{"0":"post-217853","1":"product","2":"type-product","3":"status-publish","4":"has-post-thumbnail","6":"product_cat-benix","7":"product_cat-corners","8":"product_cat-corners-l","10":"first","11":"instock","12":"shipping-taxable","13":"product-type-grouped"},"_links":{"self":[{"href":"https:\/\/baldumarket.lt\/lt\/wp-json\/wp\/v2\/product\/217853","targetHints":{"allow":["GET"]}}],"collection":[{"href":"https:\/\/baldumarket.lt\/lt\/wp-json\/wp\/v2\/product"}],"about":[{"href":"https:\/\/baldumarket.lt\/lt\/wp-json\/wp\/v2\/types\/product"}],"replies":[{"embeddable":true,"href":"https:\/\/baldumarket.lt\/lt\/wp-json\/wp\/v2\/comments?post=217853"}],"wp:featuredmedia":[{"embeddable":true,"href":"https:\/\/baldumarket.lt\/lt\/wp-json\/wp\/v2\/media\/217868"}],"wp:attachment":[{"href":"https:\/\/baldumarket.lt\/lt\/wp-json\/wp\/v2\/media?parent=217853"}],"wp:term":[{"taxonomy":"product_brand","embeddable":true,"href":"https:\/\/baldumarket.lt\/lt\/wp-json\/wp\/v2\/product_brand?post=217853"},{"taxonomy":"product_cat","embeddable":true,"href":"https:\/\/baldumarket.lt\/lt\/wp-json\/wp\/v2\/product_cat?post=217853"},{"taxonomy":"product_tag","embeddable":true,"href":"https:\/\/baldumarket.lt\/lt\/wp-json\/wp\/v2\/product_tag?post=217853"}],"curies":[{"name":"wp","href":"https:\/\/api.w.org\/{rel}","templated":true}]}}