{"id":217815,"date":"2025-12-27T04:01:11","date_gmt":"2025-12-27T01:01:11","guid":{"rendered":"https:\/\/baldumarket.lt\/?post_type=product&#038;p=217815"},"modified":"2026-03-24T12:18:57","modified_gmt":"2026-03-24T09:18:57","slug":"promocja-naroznik-manila-tkanina-neve-listwa-dab-gr6","status":"publish","type":"product","link":"https:\/\/baldumarket.lt\/lt\/product\/promocja-naroznik-manila-tkanina-neve-listwa-dab-gr6\/","title":{"rendered":"AKCIJA &#8211; MANILA kampin\u0117 sofa &#8211; Neve audinys\/Gr6 \u0105\u017euolo juostel\u0117"},"content":{"rendered":"<p>SPECIALUS PASI\u016aLYMAS \u2013 MANILA kampin\u0117 sofa \u2013 \u201eNeve\u201c audinys \/ \u0105\u017euolo lentjuost\u0117s<br \/>\nKampin\u0117s sofos su \u201eNeve\u201c reklaminiu apmu\u0161alu kaina<br \/>\nAvangardin\u0117, moderni kampin\u0117 sofa \u201eManila\u201c pasi\u017eymi intriguojan\u010diu dizainu. Vis\u0173 pirma, ak\u012f traukian\u010dios detal\u0117s \u2013 tamsios, unikalios formos plienin\u0117s kojel\u0117s ir med\u017eio akcentas pagrinde, vizualiai sukuriantys savoti\u0161k\u0105 platform\u0105, ant kurios sofa stovi. Visa s\u0117dyn\u0117 padalinta \u012f dvi dalis: s\u0117dim\u0105 viet\u0105 ir gult\u0105. Bendras atlo\u0161as, kur\u012f dalijasi platesn\u0117 dalis, yra su pagalv\u0117l\u0117mis, kurios dar labiau pabr\u0117\u017eia \u0161\u012f padalijim\u0105. Porankiai taip pat patraukl\u016bs \u2013 plat\u016bs ir i\u0161skirtinai \u017eemi. \u201eManila\u201c turi miegojimo funkcij\u0105 ir patalyn\u0117s skyri\u0173. D\u0117l minimalistinio dizaino ji puikiai tinka modernioms ir lofto stiliaus erdv\u0117ms. Kampin\u0117 sofa si\u016bloma su daugiau nei 650 apmu\u0161al\u0173 variant\u0173.<br \/>\nMatmenys:<br \/>\n\u2013 Plotis: 315 cm<br \/>\n\u2013 2 plotis: 212 cm<br \/>\n\u2013 \u016agis: 78\u201387 cm<br \/>\n\u2013 Gylis: 106 cm<br \/>\n\u2013 Miegamoji erdv\u0117: 248 x 137 cm<br \/>\nSavyb\u0117s ir dizainas:<br \/>\n\u2013 Moderni kampin\u0117 sofa su miegojimo funkcija ir daiktad\u0117\u017ee<br \/>\n\u2013 Miego funkcija (DL tipo)<br \/>\n\u2013 Plienin\u0117s kojos<br \/>\n\u2013 Galima \u012fsigyti i\u0161 plataus apmu\u0161al\u0173 audini\u0173 asortimento<br \/>\n\u2013 R\u0117mas pagamintas i\u0161 pu\u0161ies medienos, med\u017eio dro\u017eli\u0173 plok\u0161t\u0117s ir medienos plau\u0161\u0173 plok\u0161t\u0117s<br \/>\n\u2013 S\u0117dyn\u0117 turi banguot\u0105 spyruokl\u0119 ir poliuretano putas<br \/>\n\u2013 Atlo\u0161as pagamintas i\u0161 putplas\u010dio<\/p>","protected":false},"excerpt":{"rendered":"<p>SPECIALUS PASI\u016aLYMAS \u2013 MANILA kampin\u0117 sofa \u2013 Neve audinys\/\u0105\u017euolo grotel\u0117s Kampin\u0117s sofos su reklaminiu Neve apmu\u0161alu kaina. Avangardin\u0117, moderni Manila kampin\u0117 sofa pasi\u017eymi intriguojan\u010diu dizainu. Vis\u0173 pirma, ak\u012f traukian\u010dios detal\u0117s \u2013 tamsios, unikalios formos plienin\u0117s kojel\u0117s ir med\u017eio akcentas pagrinde, vizualiai sukuriantys savoti\u0161k\u0105 [\u2026]<\/p>","protected":false},"featured_media":217832,"comment_status":"open","ping_status":"closed","template":"","meta":[],"product_brand":[],"product_cat":[9133],"product_tag":[],"class_list":{"0":"post-217815","1":"product","2":"type-product","3":"status-publish","4":"has-post-thumbnail","6":"product_cat-grouped","8":"first","9":"instock","10":"shipping-taxable","11":"purchasable","12":"product-type-variable","13":"wvs-archive-product-wrapper"},"_links":{"self":[{"href":"https:\/\/baldumarket.lt\/lt\/wp-json\/wp\/v2\/product\/217815","targetHints":{"allow":["GET"]}}],"collection":[{"href":"https:\/\/baldumarket.lt\/lt\/wp-json\/wp\/v2\/product"}],"about":[{"href":"https:\/\/baldumarket.lt\/lt\/wp-json\/wp\/v2\/types\/product"}],"replies":[{"embeddable":true,"href":"https:\/\/baldumarket.lt\/lt\/wp-json\/wp\/v2\/comments?post=217815"}],"wp:featuredmedia":[{"embeddable":true,"href":"https:\/\/baldumarket.lt\/lt\/wp-json\/wp\/v2\/media\/217832"}],"wp:attachment":[{"href":"https:\/\/baldumarket.lt\/lt\/wp-json\/wp\/v2\/media?parent=217815"}],"wp:term":[{"taxonomy":"product_brand","embeddable":true,"href":"https:\/\/baldumarket.lt\/lt\/wp-json\/wp\/v2\/product_brand?post=217815"},{"taxonomy":"product_cat","embeddable":true,"href":"https:\/\/baldumarket.lt\/lt\/wp-json\/wp\/v2\/product_cat?post=217815"},{"taxonomy":"product_tag","embeddable":true,"href":"https:\/\/baldumarket.lt\/lt\/wp-json\/wp\/v2\/product_tag?post=217815"}],"curies":[{"name":"wp","href":"https:\/\/api.w.org\/{rel}","templated":true}]}}