{"id":217789,"date":"2025-12-27T03:59:13","date_gmt":"2025-12-27T00:59:13","guid":{"rendered":"https:\/\/baldumarket.lt\/?post_type=product&#038;p=217789"},"modified":"2026-03-24T12:03:38","modified_gmt":"2026-03-24T09:03:38","slug":"naroznik-z-przesuwnym-oparciem-laguna-gr2","status":"publish","type":"product","link":"https:\/\/baldumarket.lt\/lt\/product\/naroznik-z-przesuwnym-oparciem-laguna-gr2\/","title":{"rendered":"Kampin\u0117 sofa su stumdomu atlo\u0161u LAGUNA Gr2"},"content":{"rendered":"<p>LAGUNA kampin\u0117 sofa su stumdomu atlo\u0161u<br \/>\nMatmenys:<br \/>\n\u2013 Plotis: 280 cm<br \/>\n\u2013 Gylis: 170\/195 cm<br \/>\n\u2013 Auk\u0161tis: 82\/104 cm<br \/>\n\u2013 S\u0117dyn\u0117s auk\u0161tis: 47 cm<br \/>\nSavyb\u0117s ir dizainas:<br \/>\n\u2013 R\u0117mas: pu\u0161ies mediena, med\u017eio dro\u017eli\u0173 plok\u0161t\u0117, medienos plau\u0161\u0173 plok\u0161t\u0117, fanera, apmu\u0161al\u0173 kartonas, MDF<br \/>\n\u2013 S\u0117dyn\u0117: ki\u0161enin\u0117s spyruokl\u0117s, elastingas dir\u017eas, T35\/45 putplastis, T28\/30 putplastis<br \/>\n\u2013 Atlo\u0161as: T16\/20 putplastis<br \/>\n\u2013 \u0160onin\u0117 panel\u0117: T28\/30 putplastis<br \/>\n\u2013 Kojel\u0117s: metalin\u0117s<br \/>\n\u2013 Stumdomas atlo\u0161as x2<br \/>\n\u2013 Reguliuojama galvos atrama x2<br \/>\n\u2013 Galima \u012fsigyti i\u0161 plataus audini\u0173 asortimento<br \/>\nSvoris: 116 kg<\/p>","protected":false},"excerpt":{"rendered":"<p>LAGUNA kampin\u0117 sofa su stumdomu atlo\u0161u. Matmenys: \u2013 Plotis: 280 cm \u2013 Gylis: 170\/195 cm \u2013 Auk\u0161tis: 82\/104 cm \u2013 S\u0117dyn\u0117s auk\u0161tis: 47 cm. Savyb\u0117s ir dizainas: \u2013 R\u0117mas: pu\u0161ies mediena, med\u017eio dro\u017eli\u0173 plok\u0161t\u0117, pluo\u0161to plok\u0161t\u0117, fanera, apmu\u0161al\u0173 kartonas, MDF \u2013 S\u0117dyn\u0117: ki\u0161enin\u0117s spyruokl\u0117s, elastinis dir\u017eas, T35\/45 putplastis, T28\/30 putplastis \u2013 Atlo\u0161as: T16\/20 putplastis \u2013 \u0160onin\u0117 panel\u0117: T28\/30 [\u2026]<\/p>","protected":false},"featured_media":217822,"comment_status":"open","ping_status":"closed","template":"","meta":[],"product_brand":[],"product_cat":[9133],"product_tag":[],"class_list":{"0":"post-217789","1":"product","2":"type-product","3":"status-publish","4":"has-post-thumbnail","6":"product_cat-grouped","8":"first","9":"instock","10":"shipping-taxable","11":"purchasable","12":"product-type-variable","13":"wvs-archive-product-wrapper"},"_links":{"self":[{"href":"https:\/\/baldumarket.lt\/lt\/wp-json\/wp\/v2\/product\/217789","targetHints":{"allow":["GET"]}}],"collection":[{"href":"https:\/\/baldumarket.lt\/lt\/wp-json\/wp\/v2\/product"}],"about":[{"href":"https:\/\/baldumarket.lt\/lt\/wp-json\/wp\/v2\/types\/product"}],"replies":[{"embeddable":true,"href":"https:\/\/baldumarket.lt\/lt\/wp-json\/wp\/v2\/comments?post=217789"}],"wp:featuredmedia":[{"embeddable":true,"href":"https:\/\/baldumarket.lt\/lt\/wp-json\/wp\/v2\/media\/217822"}],"wp:attachment":[{"href":"https:\/\/baldumarket.lt\/lt\/wp-json\/wp\/v2\/media?parent=217789"}],"wp:term":[{"taxonomy":"product_brand","embeddable":true,"href":"https:\/\/baldumarket.lt\/lt\/wp-json\/wp\/v2\/product_brand?post=217789"},{"taxonomy":"product_cat","embeddable":true,"href":"https:\/\/baldumarket.lt\/lt\/wp-json\/wp\/v2\/product_cat?post=217789"},{"taxonomy":"product_tag","embeddable":true,"href":"https:\/\/baldumarket.lt\/lt\/wp-json\/wp\/v2\/product_tag?post=217789"}],"curies":[{"name":"wp","href":"https:\/\/api.w.org\/{rel}","templated":true}]}}