{"id":217784,"date":"2025-12-27T03:59:07","date_gmt":"2025-12-27T00:59:07","guid":{"rendered":"https:\/\/baldumarket.lt\/?post_type=product&#038;p=217784"},"modified":"2026-03-24T12:19:04","modified_gmt":"2026-03-24T09:19:04","slug":"sofa-3-osobowa-rozkladana-candy-gr6","status":"publish","type":"product","link":"https:\/\/baldumarket.lt\/lt\/product\/sofa-3-osobowa-rozkladana-candy-gr6\/","title":{"rendered":"Triviet\u0117 sofa-lova CANDY Gr6"},"content":{"rendered":"<p>CANDY triviet\u0117 sofa-lova<br \/>\n\u00a0\u00a0<br \/>\nMatmenys:<br \/>\n\u2013 Plotis: 237 cm<br \/>\n\u2013 Gylis: 94 cm<br \/>\n\u2013 \u016agis: 74\u201386 cm<br \/>\n\u2013 Miegamoji erdv\u0117: 195 \u00d7 135 cm<br \/>\nSavyb\u0117s ir dizainas:<br \/>\n\u2013 Miego funkcija<br \/>\n\u2013 Patalyn\u0117s laikymo vieta<br \/>\n\u2013 \u012emontuotos vingiuotos spyruokl\u0117s<br \/>\n\u2013 Galima \u012fsigyti i\u0161 plataus audini\u0173 asortimento<\/p>","protected":false},"excerpt":{"rendered":"<p>CANDY triviet\u0117s sofos-lovos matmenys: \u2013 Plotis: 237 cm \u2013 Gylis: 94 cm \u2013 Auk\u0161tis: 74\u201386 cm \u2013 Miegamoji erdv\u0117: 195 \u00d7 135 cm Savyb\u0117s ir dizainas: \u2013 Miegojimo funkcija \u2013 Patalyn\u0117s laikymo vieta \u2013 \u012emontuotos vingiuotos spyruokl\u0117s \u2013 Galima rinktis i\u0161 \u012fvairi\u0173 audini\u0173<\/p>","protected":false},"featured_media":217800,"comment_status":"open","ping_status":"closed","template":"","meta":[],"product_brand":[],"product_cat":[9133],"product_tag":[],"class_list":{"0":"post-217784","1":"product","2":"type-product","3":"status-publish","4":"has-post-thumbnail","6":"product_cat-grouped","8":"first","9":"instock","10":"shipping-taxable","11":"purchasable","12":"product-type-variable","13":"wvs-archive-product-wrapper"},"_links":{"self":[{"href":"https:\/\/baldumarket.lt\/lt\/wp-json\/wp\/v2\/product\/217784","targetHints":{"allow":["GET"]}}],"collection":[{"href":"https:\/\/baldumarket.lt\/lt\/wp-json\/wp\/v2\/product"}],"about":[{"href":"https:\/\/baldumarket.lt\/lt\/wp-json\/wp\/v2\/types\/product"}],"replies":[{"embeddable":true,"href":"https:\/\/baldumarket.lt\/lt\/wp-json\/wp\/v2\/comments?post=217784"}],"wp:featuredmedia":[{"embeddable":true,"href":"https:\/\/baldumarket.lt\/lt\/wp-json\/wp\/v2\/media\/217800"}],"wp:attachment":[{"href":"https:\/\/baldumarket.lt\/lt\/wp-json\/wp\/v2\/media?parent=217784"}],"wp:term":[{"taxonomy":"product_brand","embeddable":true,"href":"https:\/\/baldumarket.lt\/lt\/wp-json\/wp\/v2\/product_brand?post=217784"},{"taxonomy":"product_cat","embeddable":true,"href":"https:\/\/baldumarket.lt\/lt\/wp-json\/wp\/v2\/product_cat?post=217784"},{"taxonomy":"product_tag","embeddable":true,"href":"https:\/\/baldumarket.lt\/lt\/wp-json\/wp\/v2\/product_tag?post=217784"}],"curies":[{"name":"wp","href":"https:\/\/api.w.org\/{rel}","templated":true}]}}